{"id":3166,"date":"2019-09-19T06:52:01","date_gmt":"2019-09-19T06:52:01","guid":{"rendered":"https:\/\/inorblock.com\/?page_id=3166"},"modified":"2026-02-26T13:20:14","modified_gmt":"2026-02-26T11:20:14","slug":"sluzby","status":"publish","type":"page","link":"https:\/\/inorblock.com\/cs\/sluzby\/","title":{"rendered":"Slu\u017eby"},"content":{"rendered":"<section class=\"l-section wpb_row height_small\"><div class=\"l-section-h i-cf\"><div class=\"g-cols vc_row via_flex valign_top type_default stacking_default\"><div class=\"vc_col-sm-12 wpb_column vc_column_container\"><div class=\"vc_column-inner\"><div class=\"wpb_wrapper\"><div class=\"wpb_text_column\"><div class=\"wpb_wrapper\"><p>Poskytujeme komplexn\u00ed slu\u017eby v oblasti projektov\u00e1n\u00ed, konzultac\u00ed a technick\u00e9 podpory v ka\u017ed\u00e9m stupni v\u00fdstavby.<\/p>\n<p>Dok\u00e1\u017eeme analyzovat technologie vyztu\u017een\u00e9 zeminy, kter\u00e9 jsou k dispozici, a ur\u010dit optim\u00e1ln\u00ed n\u00e1klady a technick\u00e1 \u0159e\u0161en\u00ed.<\/p>\n<p>Tak\u00e9 prov\u00e1d\u00edme spole\u010dn\u00e9 revize a dopl\u0148kov\u00e9 anal\u00fdzy.<\/p>\n<p>V\u00edce ne\u017e dvacet p\u011bt let zku\u0161enost\u00ed s realizac\u00ed geosyntetick\u00fdch \u0159e\u0161en\u00ed, specializovan\u00ed techni\u010dt\u00ed pracovn\u00edci neust\u00e1le rozv\u00edjej\u00edc\u00ed sv\u00e9 technick\u00e9 znalosti a pou\u017e\u00edv\u00e1n\u00ed nejnov\u011bj\u0161\u00edch program\u016f podporuj\u00edc\u00edch projek\u010dn\u00ed postupy n\u00e1m umo\u017e\u0148uje nab\u00edzet \u0161irokou \u0161k\u00e1lu slu\u017eeb na t\u00e9 nejvy\u0161\u0161\u00ed \u00farovni pro v\u0161echny typy z\u00e1kazn\u00edk\u016f.<\/p>\n<\/div><\/div><\/div><\/div><\/div><\/div><\/div><\/section>\n","protected":false},"excerpt":{"rendered":"Poskytujeme komplexn\u00ed slu\u017eby v oblasti projektov\u00e1n\u00ed, konzultac\u00ed a technick\u00e9 podpory v ka\u017ed\u00e9m stupni v\u00fdstavby. Dok\u00e1\u017eeme analyzovat technologie vyztu\u017een\u00e9 zeminy, kter\u00e9 jsou k dispozici, a ur\u010dit optim\u00e1ln\u00ed n\u00e1klady a technick\u00e1 \u0159e\u0161en\u00ed. Tak\u00e9 prov\u00e1d\u00edme spole\u010dn\u00e9 revize a dopl\u0148kov\u00e9 anal\u00fdzy. V\u00edce ne\u017e dvacet p\u011bt let zku\u0161enost\u00ed s realizac\u00ed geosyntetick\u00fdch \u0159e\u0161en\u00ed, specializovan\u00ed techni\u010dt\u00ed pracovn\u00edci neust\u00e1le rozv\u00edjej\u00edc\u00ed sv\u00e9 technick\u00e9 znalosti...","protected":false},"author":2,"featured_media":0,"parent":0,"menu_order":4,"comment_status":"closed","ping_status":"closed","template":"","meta":{"footnotes":"","_links_to":"","_links_to_target":""},"class_list":["post-3166","page","type-page","status-publish","hentry"],"yoast_head":"<!-- This site is optimized with the Yoast SEO plugin v24.5 - https:\/\/yoast.com\/wordpress\/plugins\/seo\/ -->\n<title>Slu\u017eby - Inorblock\u00ae<\/title>\n<meta name=\"robots\" content=\"index, follow, max-snippet:-1, max-image-preview:large, max-video-preview:-1\" \/>\n<link rel=\"canonical\" href=\"https:\/\/inorblock.com\/cs\/sluzby\/\" \/>\n<meta property=\"og:locale\" content=\"cs_CZ\" \/>\n<meta property=\"og:type\" content=\"article\" \/>\n<meta property=\"og:title\" content=\"Slu\u017eby - Inorblock\u00ae\" \/>\n<meta property=\"og:url\" content=\"https:\/\/inorblock.com\/cs\/sluzby\/\" \/>\n<meta property=\"og:site_name\" content=\"Inorblock\u00ae\" \/>\n<meta property=\"article:modified_time\" content=\"2026-02-26T11:20:14+00:00\" \/>\n<meta name=\"twitter:card\" content=\"summary_large_image\" \/>\n<meta name=\"twitter:label1\" content=\"Odhadovan\u00e1 doba \u010dten\u00ed\" \/>\n\t<meta name=\"twitter:data1\" content=\"1 minuta\" \/>\n<script type=\"application\/ld+json\" class=\"yoast-schema-graph\">{\"@context\":\"https:\/\/schema.org\",\"@graph\":[{\"@type\":\"WebPage\",\"@id\":\"https:\/\/inorblock.com\/cs\/sluzby\/\",\"url\":\"https:\/\/inorblock.com\/cs\/sluzby\/\",\"name\":\"Slu\u017eby - Inorblock\u00ae\",\"isPartOf\":{\"@id\":\"https:\/\/inorblock.com\/cs\/#website\"},\"datePublished\":\"2019-09-19T06:52:01+00:00\",\"dateModified\":\"2026-02-26T11:20:14+00:00\",\"breadcrumb\":{\"@id\":\"https:\/\/inorblock.com\/cs\/sluzby\/#breadcrumb\"},\"inLanguage\":\"cs\",\"potentialAction\":[{\"@type\":\"ReadAction\",\"target\":[\"https:\/\/inorblock.com\/cs\/sluzby\/\"]}]},{\"@type\":\"BreadcrumbList\",\"@id\":\"https:\/\/inorblock.com\/cs\/sluzby\/#breadcrumb\",\"itemListElement\":[{\"@type\":\"ListItem\",\"position\":1,\"name\":\"Home\",\"item\":\"https:\/\/inorblock.com\/cs\/\"},{\"@type\":\"ListItem\",\"position\":2,\"name\":\"Slu\u017eby\"}]},{\"@type\":\"WebSite\",\"@id\":\"https:\/\/inorblock.com\/cs\/#website\",\"url\":\"https:\/\/inorblock.com\/cs\/\",\"name\":\"Inorblock\u00ae\",\"description\":\"Obkladov\u00fd syst\u00e9m pro op\u011brn\u00e9 konstrukce z vyztu\u017een\u00e9 zeminy\",\"potentialAction\":[{\"@type\":\"SearchAction\",\"target\":{\"@type\":\"EntryPoint\",\"urlTemplate\":\"https:\/\/inorblock.com\/cs\/?s={search_term_string}\"},\"query-input\":{\"@type\":\"PropertyValueSpecification\",\"valueRequired\":true,\"valueName\":\"search_term_string\"}}],\"inLanguage\":\"cs\"}]}<\/script>\n<!-- \/ Yoast SEO plugin. -->","yoast_head_json":{"title":"Slu\u017eby - Inorblock\u00ae","robots":{"index":"index","follow":"follow","max-snippet":"max-snippet:-1","max-image-preview":"max-image-preview:large","max-video-preview":"max-video-preview:-1"},"canonical":"https:\/\/inorblock.com\/cs\/sluzby\/","og_locale":"cs_CZ","og_type":"article","og_title":"Slu\u017eby - Inorblock\u00ae","og_url":"https:\/\/inorblock.com\/cs\/sluzby\/","og_site_name":"Inorblock\u00ae","article_modified_time":"2026-02-26T11:20:14+00:00","twitter_card":"summary_large_image","twitter_misc":{"Odhadovan\u00e1 doba \u010dten\u00ed":"1 minuta"},"schema":{"@context":"https:\/\/schema.org","@graph":[{"@type":"WebPage","@id":"https:\/\/inorblock.com\/cs\/sluzby\/","url":"https:\/\/inorblock.com\/cs\/sluzby\/","name":"Slu\u017eby - Inorblock\u00ae","isPartOf":{"@id":"https:\/\/inorblock.com\/cs\/#website"},"datePublished":"2019-09-19T06:52:01+00:00","dateModified":"2026-02-26T11:20:14+00:00","breadcrumb":{"@id":"https:\/\/inorblock.com\/cs\/sluzby\/#breadcrumb"},"inLanguage":"cs","potentialAction":[{"@type":"ReadAction","target":["https:\/\/inorblock.com\/cs\/sluzby\/"]}]},{"@type":"BreadcrumbList","@id":"https:\/\/inorblock.com\/cs\/sluzby\/#breadcrumb","itemListElement":[{"@type":"ListItem","position":1,"name":"Home","item":"https:\/\/inorblock.com\/cs\/"},{"@type":"ListItem","position":2,"name":"Slu\u017eby"}]},{"@type":"WebSite","@id":"https:\/\/inorblock.com\/cs\/#website","url":"https:\/\/inorblock.com\/cs\/","name":"Inorblock\u00ae","description":"Obkladov\u00fd syst\u00e9m pro op\u011brn\u00e9 konstrukce z vyztu\u017een\u00e9 zeminy","potentialAction":[{"@type":"SearchAction","target":{"@type":"EntryPoint","urlTemplate":"https:\/\/inorblock.com\/cs\/?s={search_term_string}"},"query-input":{"@type":"PropertyValueSpecification","valueRequired":true,"valueName":"search_term_string"}}],"inLanguage":"cs"}]}},"_links":{"self":[{"href":"https:\/\/inorblock.com\/cs\/wp-json\/wp\/v2\/pages\/3166","targetHints":{"allow":["GET"]}}],"collection":[{"href":"https:\/\/inorblock.com\/cs\/wp-json\/wp\/v2\/pages"}],"about":[{"href":"https:\/\/inorblock.com\/cs\/wp-json\/wp\/v2\/types\/page"}],"author":[{"embeddable":true,"href":"https:\/\/inorblock.com\/cs\/wp-json\/wp\/v2\/users\/2"}],"replies":[{"embeddable":true,"href":"https:\/\/inorblock.com\/cs\/wp-json\/wp\/v2\/comments?post=3166"}],"version-history":[{"count":6,"href":"https:\/\/inorblock.com\/cs\/wp-json\/wp\/v2\/pages\/3166\/revisions"}],"predecessor-version":[{"id":8015,"href":"https:\/\/inorblock.com\/cs\/wp-json\/wp\/v2\/pages\/3166\/revisions\/8015"}],"wp:attachment":[{"href":"https:\/\/inorblock.com\/cs\/wp-json\/wp\/v2\/media?parent=3166"}],"curies":[{"name":"wp","href":"https:\/\/api.w.org\/{rel}","templated":true}]}}