{"id":3169,"date":"2019-09-19T06:57:28","date_gmt":"2019-09-19T06:57:28","guid":{"rendered":"https:\/\/inorblock.com\/?page_id=3169"},"modified":"2026-02-26T13:25:20","modified_gmt":"2026-02-26T11:25:20","slug":"projektanti","status":"publish","type":"page","link":"https:\/\/inorblock.com\/cs\/sluzby\/projektanti\/","title":{"rendered":"Projektanti"},"content":{"rendered":"<section class=\"l-section wpb_row height_small\"><div class=\"l-section-h i-cf\"><div class=\"g-cols vc_row via_flex valign_top type_default stacking_default\"><div class=\"vc_col-sm-12 wpb_column vc_column_container\"><div class=\"vc_column-inner\"><div class=\"wpb_wrapper\"><div class=\"wpb_text_column\"><div class=\"wpb_wrapper\"><h2>Projektanti<\/h2>\n<p>B\u011bhem \u00favodn\u00ed koncep\u010dn\u00ed pr\u00e1ce a v\u00fdvoje projektu na\u0161e kancel\u00e1\u0159 poskytuje podporu prost\u0159ednictv\u00edm studie proveditelnosti pro uplatn\u011bn\u00ed konstrukc\u00ed z vyztu\u017een\u00e9 zeminy. Na z\u00e1klad\u011b vstupn\u00edch dat jako nap\u0159\u00edklad: \u00favodn\u00ed v\u00fdkresy, stav podzemn\u00ed vody, charakteristiky zat\u00ed\u017een\u00ed, o\u010dek\u00e1van\u00e1 \u017eivotnost konstrukce, p\u0159edlo\u017e\u00edme mo\u017enosti uplatn\u011bn\u00ed na\u0161ich technologi\u00ed spole\u010dn\u011b s odhadem n\u00e1klad\u016f tak, aby bylo mo\u017en\u00e9 snadno a transparentn\u011b porovnat finan\u010dn\u00ed v\u00fddaje jednotliv\u00fdch technologi\u00ed.<\/p>\n<p>Poskytujeme podporu prost\u0159ednictv\u00edm v\u00fdpo\u010dt\u016f a pom\u00e1h\u00e1me p\u0159i p\u0159\u00edprav\u011b projektov\u00e9 dokumentace, specifikac\u00ed, p\u0159ehled\u016f v\u00fdpo\u010dt\u016f n\u00e1klad\u016f a technologick\u00fdch \u0159e\u0161en\u00ed.<\/p>\n<\/div><\/div><\/div><\/div><\/div><\/div><\/div><\/section><section class=\"l-section wpb_row height_small\"><div class=\"l-section-h i-cf\"><div class=\"g-cols vc_row via_flex valign_top type_default stacking_default\"><div class=\"vc_col-sm-12 wpb_column vc_column_container\"><div class=\"vc_column-inner\"><div class=\"wpb_wrapper\"><div class=\"w-grid type_grid layout_gallery_default cols_2\" id=\"us_grid_1\" style=\"--columns:2;--gap:1.5rem;\" data-filterable=\"true\"><style>@media (max-width:600px){#us_grid_1{--columns:1!important}}.layout_gallery_default .w-grid-item-h{}<\/style><div class=\"w-grid-list\">\t<article class=\"w-grid-item size_1x1 post-2884 attachment type-attachment status-inherit hentry\" data-id=\"2884\">\r\n\t\t<div class=\"w-grid-item-h\">\r\n\t\t\t\t\t\t\t<a ref=\"magnificPopupGrid\" href=\"https:\/\/inorblock.com\/wp-content\/uploads\/2019\/09\/Retaining-wall-layout.jpg\" class=\"w-grid-item-anchor\" aria-label=\"Retaining wall layout\"><\/a>\r\n\t\t\t\t\t\t<div class=\"w-post-elm post_image usg_post_image_1 stretched\"><img loading=\"lazy\" decoding=\"async\" width=\"600\" height=\"400\" src=\"https:\/\/inorblock.com\/wp-content\/uploads\/2019\/09\/Retaining-wall-layout-600x400.jpg\" class=\"attachment-us_600_400_crop size-us_600_400_crop\" alt=\"\" \/><\/div>\t\t<\/div>\r\n\t\t\t<\/article>\r\n\t<article class=\"w-grid-item size_1x1 post-2894 attachment type-attachment status-inherit hentry\" data-id=\"2894\">\r\n\t\t<div class=\"w-grid-item-h\">\r\n\t\t\t\t\t\t\t<a ref=\"magnificPopupGrid\" href=\"https:\/\/inorblock.com\/wp-content\/uploads\/2019\/09\/Retaining-wall-section.jpg\" class=\"w-grid-item-anchor\" aria-label=\"Retaining wall section\"><\/a>\r\n\t\t\t\t\t\t<div class=\"w-post-elm post_image usg_post_image_1 stretched\"><img loading=\"lazy\" decoding=\"async\" width=\"600\" height=\"400\" src=\"https:\/\/inorblock.com\/wp-content\/uploads\/2019\/09\/Retaining-wall-section-600x400.jpg\" class=\"attachment-us_600_400_crop size-us_600_400_crop\" alt=\"\" \/><\/div>\t\t<\/div>\r\n\t\t\t<\/article>\r\n<\/div><div class=\"w-grid-preloader\">\t<div class=\"g-preloader type_5\">\r\n\t\t<div><\/div>\r\n\t<\/div>\r\n\t<\/div>\t<div class=\"w-grid-json hidden\" onclick='return {&quot;action&quot;:&quot;us_ajax_grid&quot;,&quot;infinite_scroll&quot;:0,&quot;max_num_pages&quot;:1,&quot;pagination&quot;:&quot;none&quot;,&quot;template_vars&quot;:{&quot;columns&quot;:&quot;2&quot;,&quot;exclude_items&quot;:&quot;none&quot;,&quot;img_size&quot;:&quot;us_600_400_crop&quot;,&quot;ignore_items_size&quot;:0,&quot;items_layout&quot;:&quot;gallery_default&quot;,&quot;items_offset&quot;:&quot;1&quot;,&quot;load_animation&quot;:&quot;none&quot;,&quot;overriding_link&quot;:&quot;%7B%22type%22%3A%22popup_image%22%7D&quot;,&quot;post_id&quot;:0,&quot;query_args&quot;:{&quot;post_type&quot;:[&quot;attachment&quot;],&quot;post__in&quot;:[&quot;2881&quot;,&quot;2891&quot;],&quot;post_status&quot;:&quot;inherit&quot;,&quot;post_mime_type&quot;:&quot;image&quot;,&quot;posts_per_page&quot;:&quot;10&quot;},&quot;orderby_query_args&quot;:{&quot;orderby&quot;:{&quot;post__in&quot;:&quot;ASC&quot;},&quot;order&quot;:&quot;ASC&quot;},&quot;type&quot;:&quot;grid&quot;,&quot;us_grid_post_type&quot;:&quot;attachment&quot;,&quot;us_grid_ajax_index&quot;:1,&quot;us_grid_filter_query_string&quot;:null,&quot;us_grid_index&quot;:1,&quot;page_args&quot;:[],&quot;lang&quot;:&quot;cs&quot;}}'><\/div>\r\n\t<\/div><\/div><\/div><\/div><\/div><\/div><\/section><section class=\"l-section wpb_row height_small\"><div class=\"l-section-h i-cf\"><div class=\"g-cols vc_row via_flex valign_top type_default stacking_default\"><div class=\"vc_col-sm-12 wpb_column vc_column_container\"><div class=\"vc_column-inner\"><div class=\"wpb_wrapper\"><div class=\"wpb_text_column\"><div class=\"wpb_wrapper\"><p>U ji\u017e navr\u017een\u00fdch konstrukc\u00ed z vyztu\u017een\u00e9 zeminy v\u00e1s na\u0161i technici mohou podporovat prost\u0159ednictv\u00edm konzulta\u010dn\u00ed \u010dinnosti a ov\u011b\u0159ov\u00e1n\u00ed upraven\u00fdch konstruk\u010dn\u00edch \u0159e\u0161en\u00ed (metod v\u00fdpo\u010dt\u016f) tak, abyste si byli jisti, \u017ee bylo zvoleno optim\u00e1ln\u00ed \u0159e\u0161en\u00ed pro tento typ konstrukce.<\/p>\n<\/div><\/div><\/div><\/div><\/div><\/div><\/div><\/section><section class=\"l-section wpb_row height_small\"><div class=\"l-section-h i-cf\"><div class=\"g-cols vc_row via_flex valign_top type_default stacking_default\"><div class=\"vc_col-sm-12 wpb_column vc_column_container\"><div class=\"vc_column-inner\"><div class=\"wpb_wrapper\"><div class=\"w-grid type_grid layout_gallery_default cols_2\" id=\"us_grid_2\" style=\"--columns:2;--gap:1.5rem;\" data-filterable=\"true\"><style>@media (max-width:600px){#us_grid_2{--columns:1!important}}<\/style><div class=\"w-grid-list\">\t<article class=\"w-grid-item size_1x1 post-1429 attachment type-attachment status-inherit hentry\" data-id=\"1429\">\r\n\t\t<div class=\"w-grid-item-h\">\r\n\t\t\t\t\t\t\t<a ref=\"magnificPopupGrid\" href=\"https:\/\/inorblock.com\/wp-content\/uploads\/2019\/07\/analiza-2.jpg\" class=\"w-grid-item-anchor\" aria-label=\"analiza 2\"><\/a>\r\n\t\t\t\t\t\t<div class=\"w-post-elm post_image usg_post_image_1 stretched\"><img loading=\"lazy\" decoding=\"async\" width=\"600\" height=\"400\" src=\"https:\/\/inorblock.com\/wp-content\/uploads\/2019\/07\/analiza-2-600x400.jpg\" class=\"attachment-us_600_400_crop size-us_600_400_crop\" alt=\"\" \/><\/div>\t\t<\/div>\r\n\t\t\t<\/article>\r\n\t<article class=\"w-grid-item size_1x1 post-1420 attachment type-attachment status-inherit hentry\" data-id=\"1420\">\r\n\t\t<div class=\"w-grid-item-h\">\r\n\t\t\t\t\t\t\t<a ref=\"magnificPopupGrid\" href=\"https:\/\/inorblock.com\/wp-content\/uploads\/2019\/07\/analiza-1.jpg\" class=\"w-grid-item-anchor\" aria-label=\"analiza 1\"><\/a>\r\n\t\t\t\t\t\t<div class=\"w-post-elm post_image usg_post_image_1 stretched\"><img loading=\"lazy\" decoding=\"async\" width=\"600\" height=\"400\" src=\"https:\/\/inorblock.com\/wp-content\/uploads\/2019\/07\/analiza-1-600x400.jpg\" class=\"attachment-us_600_400_crop size-us_600_400_crop\" alt=\"\" \/><\/div>\t\t<\/div>\r\n\t\t\t<\/article>\r\n<\/div><div class=\"w-grid-preloader\">\t<div class=\"g-preloader type_5\">\r\n\t\t<div><\/div>\r\n\t<\/div>\r\n\t<\/div>\t<div class=\"w-grid-json hidden\" onclick='return {&quot;action&quot;:&quot;us_ajax_grid&quot;,&quot;infinite_scroll&quot;:0,&quot;max_num_pages&quot;:1,&quot;pagination&quot;:&quot;none&quot;,&quot;template_vars&quot;:{&quot;columns&quot;:&quot;2&quot;,&quot;exclude_items&quot;:&quot;none&quot;,&quot;img_size&quot;:&quot;us_600_400_crop&quot;,&quot;ignore_items_size&quot;:0,&quot;items_layout&quot;:&quot;gallery_default&quot;,&quot;items_offset&quot;:&quot;1&quot;,&quot;load_animation&quot;:&quot;none&quot;,&quot;overriding_link&quot;:&quot;%7B%22type%22%3A%22popup_image%22%7D&quot;,&quot;post_id&quot;:0,&quot;query_args&quot;:{&quot;post_type&quot;:[&quot;attachment&quot;],&quot;post__in&quot;:[&quot;282&quot;,&quot;281&quot;],&quot;post_status&quot;:&quot;inherit&quot;,&quot;post_mime_type&quot;:&quot;image&quot;,&quot;posts_per_page&quot;:&quot;10&quot;},&quot;orderby_query_args&quot;:{&quot;orderby&quot;:{&quot;date&quot;:&quot;DESC&quot;}},&quot;type&quot;:&quot;grid&quot;,&quot;us_grid_post_type&quot;:&quot;attachment&quot;,&quot;us_grid_ajax_index&quot;:2,&quot;us_grid_filter_query_string&quot;:null,&quot;us_grid_index&quot;:2,&quot;page_args&quot;:[],&quot;lang&quot;:&quot;cs&quot;}}'><\/div>\r\n\t<\/div><\/div><\/div><\/div><\/div><\/div><\/section><section class=\"l-section wpb_row height_small\"><div class=\"l-section-h i-cf\"><div class=\"g-cols vc_row via_flex valign_top type_default stacking_default\"><div class=\"vc_col-sm-12 wpb_column vc_column_container\"><div class=\"vc_column-inner\"><div class=\"wpb_wrapper\"><div class=\"wpb_text_column\"><div class=\"wpb_wrapper\"><p>Specializujeme se nejen na navrhov\u00e1n\u00ed op\u011brn\u00fdch konstrukc\u00ed, ale tak\u00e9 poskytujeme \u00faplnou technickou podporu, obzvl\u00e1\u0161t\u011b tam, kde t\u0159eba vy\u0159e\u0161it geotechnick\u00e9 probl\u00e9my a probl\u00e9my s podzemn\u00ed vodou. Pom\u00e1h\u00e1me p\u0159i vyztu\u017eov\u00e1n\u00ed podlo\u017e\u00ed, stabilizaci svah\u016f, regulaci deformac\u00ed a sed\u00e1n\u00ed, ochran\u011b proti erozi nebo odvod\u0148ov\u00e1n\u00ed konstrukc\u00ed. M\u00e1me tak\u00e9 rozs\u00e1hl\u00e9 zku\u0161enosti v oblasti geotechnick\u00fdch v\u00fdpo\u010dt\u016f a projek\u010dn\u00edch prac\u00ed.<\/p>\n<p>Podrobn\u00e9 informace jsou k dispozici na na\u0161ich webov\u00fdch str\u00e1nk\u00e1ch <a href=\"http:\/\/www.inora.tech\" target=\"_blank\" rel=\"noopener noreferrer\">www.inora.tech<\/a> .<\/p>\n<\/div><\/div><\/div><\/div><\/div><\/div><\/div><\/section>\n","protected":false},"excerpt":{"rendered":"","protected":false},"author":2,"featured_media":0,"parent":3166,"menu_order":1,"comment_status":"closed","ping_status":"closed","template":"","meta":{"footnotes":"","_links_to":"","_links_to_target":""},"class_list":["post-3169","page","type-page","status-publish","hentry"],"yoast_head":"<!-- This site is optimized with the Yoast SEO plugin v24.5 - https:\/\/yoast.com\/wordpress\/plugins\/seo\/ -->\n<title>Projektanti - Inorblock\u00ae<\/title>\n<meta name=\"robots\" content=\"index, follow, max-snippet:-1, max-image-preview:large, max-video-preview:-1\" \/>\n<link rel=\"canonical\" href=\"https:\/\/inorblock.com\/cs\/sluzby\/projektanti\/\" \/>\n<meta property=\"og:locale\" content=\"cs_CZ\" \/>\n<meta property=\"og:type\" content=\"article\" \/>\n<meta property=\"og:title\" content=\"Projektanti - Inorblock\u00ae\" \/>\n<meta property=\"og:url\" content=\"https:\/\/inorblock.com\/cs\/sluzby\/projektanti\/\" \/>\n<meta property=\"og:site_name\" content=\"Inorblock\u00ae\" \/>\n<meta property=\"article:modified_time\" content=\"2026-02-26T11:25:20+00:00\" \/>\n<meta name=\"twitter:card\" content=\"summary_large_image\" \/>\n<meta name=\"twitter:label1\" content=\"Odhadovan\u00e1 doba \u010dten\u00ed\" \/>\n\t<meta name=\"twitter:data1\" content=\"2 minuty\" \/>\n<script type=\"application\/ld+json\" class=\"yoast-schema-graph\">{\"@context\":\"https:\/\/schema.org\",\"@graph\":[{\"@type\":\"WebPage\",\"@id\":\"https:\/\/inorblock.com\/cs\/sluzby\/projektanti\/\",\"url\":\"https:\/\/inorblock.com\/cs\/sluzby\/projektanti\/\",\"name\":\"Projektanti - Inorblock\u00ae\",\"isPartOf\":{\"@id\":\"https:\/\/inorblock.com\/cs\/#website\"},\"datePublished\":\"2019-09-19T06:57:28+00:00\",\"dateModified\":\"2026-02-26T11:25:20+00:00\",\"breadcrumb\":{\"@id\":\"https:\/\/inorblock.com\/cs\/sluzby\/projektanti\/#breadcrumb\"},\"inLanguage\":\"cs\",\"potentialAction\":[{\"@type\":\"ReadAction\",\"target\":[\"https:\/\/inorblock.com\/cs\/sluzby\/projektanti\/\"]}]},{\"@type\":\"BreadcrumbList\",\"@id\":\"https:\/\/inorblock.com\/cs\/sluzby\/projektanti\/#breadcrumb\",\"itemListElement\":[{\"@type\":\"ListItem\",\"position\":1,\"name\":\"Home\",\"item\":\"https:\/\/inorblock.com\/cs\/\"},{\"@type\":\"ListItem\",\"position\":2,\"name\":\"Slu\u017eby\",\"item\":\"https:\/\/inorblock.com\/cs\/sluzby\/\"},{\"@type\":\"ListItem\",\"position\":3,\"name\":\"Projektanti\"}]},{\"@type\":\"WebSite\",\"@id\":\"https:\/\/inorblock.com\/cs\/#website\",\"url\":\"https:\/\/inorblock.com\/cs\/\",\"name\":\"Inorblock\u00ae\",\"description\":\"Obkladov\u00fd syst\u00e9m pro op\u011brn\u00e9 konstrukce z vyztu\u017een\u00e9 zeminy\",\"potentialAction\":[{\"@type\":\"SearchAction\",\"target\":{\"@type\":\"EntryPoint\",\"urlTemplate\":\"https:\/\/inorblock.com\/cs\/?s={search_term_string}\"},\"query-input\":{\"@type\":\"PropertyValueSpecification\",\"valueRequired\":true,\"valueName\":\"search_term_string\"}}],\"inLanguage\":\"cs\"}]}<\/script>\n<!-- \/ Yoast SEO plugin. -->","yoast_head_json":{"title":"Projektanti - Inorblock\u00ae","robots":{"index":"index","follow":"follow","max-snippet":"max-snippet:-1","max-image-preview":"max-image-preview:large","max-video-preview":"max-video-preview:-1"},"canonical":"https:\/\/inorblock.com\/cs\/sluzby\/projektanti\/","og_locale":"cs_CZ","og_type":"article","og_title":"Projektanti - Inorblock\u00ae","og_url":"https:\/\/inorblock.com\/cs\/sluzby\/projektanti\/","og_site_name":"Inorblock\u00ae","article_modified_time":"2026-02-26T11:25:20+00:00","twitter_card":"summary_large_image","twitter_misc":{"Odhadovan\u00e1 doba \u010dten\u00ed":"2 minuty"},"schema":{"@context":"https:\/\/schema.org","@graph":[{"@type":"WebPage","@id":"https:\/\/inorblock.com\/cs\/sluzby\/projektanti\/","url":"https:\/\/inorblock.com\/cs\/sluzby\/projektanti\/","name":"Projektanti - Inorblock\u00ae","isPartOf":{"@id":"https:\/\/inorblock.com\/cs\/#website"},"datePublished":"2019-09-19T06:57:28+00:00","dateModified":"2026-02-26T11:25:20+00:00","breadcrumb":{"@id":"https:\/\/inorblock.com\/cs\/sluzby\/projektanti\/#breadcrumb"},"inLanguage":"cs","potentialAction":[{"@type":"ReadAction","target":["https:\/\/inorblock.com\/cs\/sluzby\/projektanti\/"]}]},{"@type":"BreadcrumbList","@id":"https:\/\/inorblock.com\/cs\/sluzby\/projektanti\/#breadcrumb","itemListElement":[{"@type":"ListItem","position":1,"name":"Home","item":"https:\/\/inorblock.com\/cs\/"},{"@type":"ListItem","position":2,"name":"Slu\u017eby","item":"https:\/\/inorblock.com\/cs\/sluzby\/"},{"@type":"ListItem","position":3,"name":"Projektanti"}]},{"@type":"WebSite","@id":"https:\/\/inorblock.com\/cs\/#website","url":"https:\/\/inorblock.com\/cs\/","name":"Inorblock\u00ae","description":"Obkladov\u00fd syst\u00e9m pro op\u011brn\u00e9 konstrukce z vyztu\u017een\u00e9 zeminy","potentialAction":[{"@type":"SearchAction","target":{"@type":"EntryPoint","urlTemplate":"https:\/\/inorblock.com\/cs\/?s={search_term_string}"},"query-input":{"@type":"PropertyValueSpecification","valueRequired":true,"valueName":"search_term_string"}}],"inLanguage":"cs"}]}},"_links":{"self":[{"href":"https:\/\/inorblock.com\/cs\/wp-json\/wp\/v2\/pages\/3169","targetHints":{"allow":["GET"]}}],"collection":[{"href":"https:\/\/inorblock.com\/cs\/wp-json\/wp\/v2\/pages"}],"about":[{"href":"https:\/\/inorblock.com\/cs\/wp-json\/wp\/v2\/types\/page"}],"author":[{"embeddable":true,"href":"https:\/\/inorblock.com\/cs\/wp-json\/wp\/v2\/users\/2"}],"replies":[{"embeddable":true,"href":"https:\/\/inorblock.com\/cs\/wp-json\/wp\/v2\/comments?post=3169"}],"version-history":[{"count":4,"href":"https:\/\/inorblock.com\/cs\/wp-json\/wp\/v2\/pages\/3169\/revisions"}],"predecessor-version":[{"id":8017,"href":"https:\/\/inorblock.com\/cs\/wp-json\/wp\/v2\/pages\/3169\/revisions\/8017"}],"up":[{"embeddable":true,"href":"https:\/\/inorblock.com\/cs\/wp-json\/wp\/v2\/pages\/3166"}],"wp:attachment":[{"href":"https:\/\/inorblock.com\/cs\/wp-json\/wp\/v2\/media?parent=3169"}],"curies":[{"name":"wp","href":"https:\/\/api.w.org\/{rel}","templated":true}]}}