{"id":1625,"date":"2019-07-08T19:23:52","date_gmt":"2019-07-08T19:23:52","guid":{"rendered":"http:\/\/new.inorblock.com\/?page_id=1625"},"modified":"2019-07-08T19:26:23","modified_gmt":"2019-07-08T19:26:23","slug":"entlastungsfunktionen","status":"publish","type":"page","link":"https:\/\/inorblock.com\/de\/bewehrte-erde\/entlastungsfunktionen\/","title":{"rendered":"Entlastungsfunktionen"},"content":{"rendered":"<section class=\"l-section wpb_row height_small\"><div class=\"l-section-h i-cf\"><div class=\"g-cols vc_row via_flex valign_top type_default stacking_default\"><div class=\"vc_col-sm-12 wpb_column vc_column_container\"><div class=\"vc_column-inner\"><div class=\"wpb_wrapper\"><div class=\"wpb_text_column\"><div class=\"wpb_wrapper\"><h2>Entlastungsfunktionen<\/h2>\n<p>Die Entlastungsfunktionen (minimierung der Erddruck) insbesonders bei Br\u00fcckenwiderlager, wird durch die Errichtung von dem Block aus Erde bewehrt mit geosynthetischem Material hinter der monolithischen Struktur des Objekts ausgef\u00fchrt. Die Entlastung kann an den R\u00fcckw\u00e4nden und Fl\u00fcgelw\u00e4nden sowohl von neu gebauten als auch bereits vorhandenen Br\u00fcckenwiderlagern angebracht werden.<\/p>\n<\/div><\/div><\/div><\/div><\/div><\/div><\/div><\/section><section class=\"l-section wpb_row height_small\"><div class=\"l-section-h i-cf\"><div class=\"g-cols vc_row via_flex valign_top type_default stacking_default\"><div class=\"vc_col-sm-12 wpb_column vc_column_container\"><div class=\"vc_column-inner\"><div class=\"wpb_wrapper\"><div class=\"w-image align_none\"><a ref=\"magnificPopup\" href=\"https:\/\/inorblock.com\/wp-content\/uploads\/2019\/07\/odciazenie-01.jpg\" aria-label=\"odciazenie 01\" class=\"w-image-h\"><img decoding=\"async\" width=\"1200\" height=\"675\" src=\"https:\/\/inorblock.com\/wp-content\/uploads\/2019\/07\/odciazenie-01.jpg\" class=\"attachment-full size-full\" alt=\"\" loading=\"lazy\" srcset=\"https:\/\/inorblock.com\/wp-content\/uploads\/2019\/07\/odciazenie-01.jpg 1200w, https:\/\/inorblock.com\/wp-content\/uploads\/2019\/07\/odciazenie-01-300x169.jpg 300w, https:\/\/inorblock.com\/wp-content\/uploads\/2019\/07\/odciazenie-01-1024x576.jpg 1024w\" sizes=\"auto, (max-width: 1200px) 100vw, 1200px\" \/><\/a><\/div><\/div><\/div><\/div><\/div><\/div><\/section><section class=\"l-section wpb_row height_small\"><div class=\"l-section-h i-cf\"><div class=\"g-cols vc_row via_flex valign_top type_default stacking_default\"><div class=\"vc_col-sm-12 wpb_column vc_column_container\"><div class=\"vc_column-inner\"><div class=\"wpb_wrapper\"><div class=\"wpb_text_column\"><div class=\"wpb_wrapper\"><p>Nach der Errichtung des Blocks aus bewehrter Erde erhalten wir einen freien Raum zwischen Block und monolithischen Widerlagerwand. Der Block reduziert den Erddruck an der Wand bis auf &#8222;0&#8220; (Null). Die horizontale Kraft, die in traditionellen Wiederlager auf der monolithische Konstruktion wirkt, wird von geosynthetischen Materialien \u00fcbernommen, die einen Block aus bewehrter Erde bilden.<\/p>\n<\/div><\/div><\/div><\/div><\/div><\/div><\/div><\/section><section class=\"l-section wpb_row height_small\"><div class=\"l-section-h i-cf\"><div class=\"g-cols vc_row via_flex valign_top type_default stacking_default\"><div class=\"vc_col-sm-12 wpb_column vc_column_container\"><div class=\"vc_column-inner\"><div class=\"wpb_wrapper\"><div class=\"w-image align_center\"><a ref=\"magnificPopup\" href=\"https:\/\/inorblock.com\/wp-content\/uploads\/2019\/07\/plaxis-deformacje-bloku-z-gruntu-zbrojonego-.jpg\" aria-label=\"plaxis - deformacje bloku z gruntu zbrojonego\" class=\"w-image-h\"><img decoding=\"async\" width=\"848\" height=\"554\" src=\"https:\/\/inorblock.com\/wp-content\/uploads\/2019\/07\/plaxis-deformacje-bloku-z-gruntu-zbrojonego-.jpg\" class=\"attachment-full size-full\" alt=\"\" loading=\"lazy\" srcset=\"https:\/\/inorblock.com\/wp-content\/uploads\/2019\/07\/plaxis-deformacje-bloku-z-gruntu-zbrojonego-.jpg 848w, https:\/\/inorblock.com\/wp-content\/uploads\/2019\/07\/plaxis-deformacje-bloku-z-gruntu-zbrojonego--300x196.jpg 300w\" sizes=\"auto, (max-width: 848px) 100vw, 848px\" \/><\/a><\/div><\/div><\/div><\/div><\/div><\/div><\/section><section class=\"l-section wpb_row height_small\"><div class=\"l-section-h i-cf\"><div class=\"g-cols vc_row via_flex valign_top type_default stacking_default\"><div class=\"vc_col-sm-12 wpb_column vc_column_container\"><div class=\"vc_column-inner\"><div class=\"wpb_wrapper\"><div class=\"wpb_text_column\"><div class=\"wpb_wrapper\"><p>Zus\u00e4tzlich dank der Verkleinerung von Abmessungen der monolithischen Strukturen (R\u00fcck- und Fl\u00fcgelw\u00e4nde,) infolge der reduzierten Kr\u00e4fte in den Querschnitten, kommt es au\u00dferdem zu der Begrenzung des Einflusses von Kr\u00e4ften auf die Zwischenfundamente der Widerlager. Dies gibt der M\u00f6glichkeit des Zwischenfundamentes zu optimieren (z. B. die Anzahl der Pf\u00e4hle und \/ oder Durchmesser zu reduzieren), was im Vergleich zu traditionellen Bautechnologien, relativ gro\u00dfe Einsparungen bringt.<\/p>\n<\/div><\/div><\/div><\/div><\/div><\/div><\/div><\/section><section class=\"l-section wpb_row height_small\"><div class=\"l-section-h i-cf\"><div class=\"g-cols vc_row via_flex valign_top type_default stacking_default\"><div class=\"vc_col-sm-12 wpb_column vc_column_container\"><div class=\"vc_column-inner\"><div class=\"wpb_wrapper\"><div class=\"w-grid type_carousel layout_gallery_default open_items_in_popup items_2\" id=\"us_grid_1\" style=\"--items:2;--gap:30px;\"><style>.layout_gallery_default .w-grid-item-h{}<\/style><div class=\"w-grid-list owl-carousel valign_stretch dotstyle_circle navstyle_circle navpos_outside owl-responsive-2000 with_arrows\" style=\"--transition-duration:350ms;--arrows-size:1.5rem;\">\t<article class=\"w-grid-item post-908 attachment type-attachment status-inherit hentry\" data-id=\"908\">\r\n\t\t<div class=\"w-grid-item-h\">\r\n\t\t\t\t\t\t<div class=\"w-post-elm post_image usg_post_image_1 stretched\"><img loading=\"lazy\" decoding=\"async\" width=\"559\" height=\"400\" src=\"https:\/\/inorblock.com\/wp-content\/uploads\/2019\/07\/odciazenie-02-559x400.png\" class=\"attachment-us_600_400_crop size-us_600_400_crop\" alt=\"\" \/><\/div>\t\t<\/div>\r\n\t\t\t<\/article>\r\n\t<article class=\"w-grid-item post-899 attachment type-attachment status-inherit hentry\" data-id=\"899\">\r\n\t\t<div class=\"w-grid-item-h\">\r\n\t\t\t\t\t\t<div class=\"w-post-elm post_image usg_post_image_1 stretched\"><img loading=\"lazy\" decoding=\"async\" width=\"600\" height=\"400\" src=\"https:\/\/inorblock.com\/wp-content\/uploads\/2019\/07\/odciazenie-08-600x400.jpg\" class=\"attachment-us_600_400_crop size-us_600_400_crop\" alt=\"\" \/><\/div>\t\t<\/div>\r\n\t\t\t<\/article>\r\n\t<article class=\"w-grid-item post-917 attachment type-attachment status-inherit hentry\" data-id=\"917\">\r\n\t\t<div class=\"w-grid-item-h\">\r\n\t\t\t\t\t\t<div class=\"w-post-elm post_image usg_post_image_1 stretched\"><img loading=\"lazy\" decoding=\"async\" width=\"600\" height=\"400\" src=\"https:\/\/inorblock.com\/wp-content\/uploads\/2019\/07\/odciazenie-07-600x400.jpg\" class=\"attachment-us_600_400_crop size-us_600_400_crop\" alt=\"\" \/><\/div>\t\t<\/div>\r\n\t\t\t<\/article>\r\n<\/div>\t<div class=\"g-preloader type_5\">\r\n\t\t<div><\/div>\r\n\t<\/div>\r\n\t\t<div class=\"w-grid-json hidden\" onclick='return {&quot;action&quot;:&quot;us_ajax_grid&quot;,&quot;infinite_scroll&quot;:0,&quot;max_num_pages&quot;:1,&quot;pagination&quot;:&quot;none&quot;,&quot;template_vars&quot;:{&quot;columns&quot;:&quot;&quot;,&quot;exclude_items&quot;:&quot;none&quot;,&quot;img_size&quot;:&quot;us_600_400_crop&quot;,&quot;ignore_items_size&quot;:0,&quot;items_layout&quot;:&quot;gallery_default&quot;,&quot;items_offset&quot;:&quot;0px&quot;,&quot;load_animation&quot;:&quot;none&quot;,&quot;overriding_link&quot;:&quot;popup_post_image&quot;,&quot;post_id&quot;:0,&quot;query_args&quot;:{&quot;post_type&quot;:[&quot;attachment&quot;],&quot;post__in&quot;:[&quot;174&quot;,&quot;173&quot;,&quot;175&quot;],&quot;post_status&quot;:&quot;inherit&quot;,&quot;post_mime_type&quot;:&quot;image&quot;,&quot;posts_per_page&quot;:&quot;10&quot;},&quot;orderby_query_args&quot;:{&quot;orderby&quot;:{&quot;post__in&quot;:&quot;ASC&quot;},&quot;order&quot;:&quot;ASC&quot;},&quot;type&quot;:&quot;carousel&quot;,&quot;us_grid_post_type&quot;:&quot;attachment&quot;,&quot;us_grid_ajax_index&quot;:1,&quot;us_grid_filter_query_string&quot;:null,&quot;us_grid_index&quot;:1,&quot;page_args&quot;:[],&quot;lang&quot;:&quot;de&quot;},&quot;carousel_settings&quot;:{&quot;aria_labels&quot;:{&quot;prev&quot;:&quot;Vorherige&quot;,&quot;next&quot;:&quot;Weiter&quot;},&quot;autoplayContinual&quot;:false,&quot;autoplayHoverPause&quot;:false,&quot;autoplayTimeout&quot;:3000,&quot;autoWidth&quot;:false,&quot;smartSpeed&quot;:350,&quot;margin&quot;:0,&quot;mouseDrag&quot;:true,&quot;rtl&quot;:false,&quot;slideBy&quot;:&quot;1&quot;,&quot;touchDrag&quot;:true,&quot;slideTransition&quot;:&quot;&quot;,&quot;responsive&quot;:{&quot;0&quot;:{&quot;autoHeight&quot;:false,&quot;autoplay&quot;:false,&quot;autoWidth&quot;:false,&quot;center&quot;:false,&quot;dots&quot;:false,&quot;items&quot;:1,&quot;loop&quot;:false,&quot;nav&quot;:false,&quot;stagePadding&quot;:0,&quot;slideBy&quot;:&quot;1&quot;},&quot;601&quot;:{&quot;items&quot;:2,&quot;autoplay&quot;:true,&quot;center&quot;:false,&quot;dots&quot;:false,&quot;nav&quot;:true,&quot;autoHeight&quot;:false,&quot;autoWidth&quot;:false,&quot;loop&quot;:true,&quot;stagePadding&quot;:0}}}}'><\/div>\r\n\t<div class=\"l-popup\">\r\n\t<div class=\"l-popup-overlay\"><\/div>\r\n\t<div class=\"l-popup-wrap\">\r\n\t\t<div class=\"l-popup-box\">\r\n\t\t\t<div class=\"l-popup-box-content\">\r\n\t\t\t\t<div class=\"g-preloader type_5\">\r\n\t\t\t\t\t<div><\/div>\r\n\t\t\t\t<\/div>\r\n\t\t\t\t<iframe class=\"l-popup-box-content-frame\" allowfullscreen><\/iframe>\r\n\t\t\t<\/div>\r\n\t\t<\/div>\r\n\t\t\t\t\t<div class=\"l-popup-arrow to_next hidden\" title=\"Weiter\"><\/div>\r\n\t\t\t<div class=\"l-popup-arrow to_prev hidden\" title=\"Vorherige\"><\/div>\r\n\t\t\t\t<div class=\"l-popup-closer\"><\/div>\r\n\t<\/div>\r\n<\/div>\r\n<\/div><\/div><\/div><\/div><\/div><\/div><\/section><section class=\"l-section wpb_row height_small\"><div class=\"l-section-h i-cf\"><div class=\"g-cols vc_row via_flex valign_top type_default stacking_default\"><div class=\"vc_col-sm-12 wpb_column vc_column_container\"><div class=\"vc_column-inner\"><div class=\"wpb_wrapper\"><div class=\"wpb_text_column\"><div class=\"wpb_wrapper\"><h2>Hauptvorteile:<\/h2>\n<ul>\n<li>Der Erddruck wird komplett von geosynthetischem Material im erdbewehrten Block \u00fcbernommen,<\/li>\n<li>Die Haltbarkeit der Bauteile betr\u00e4gt mindestens 120 Jahre (wird an die Anforderungen f\u00fcr Konstruktionsobjekte angepasst),<\/li>\n<li>Die Reduzierung der Baukosten durch Verkleinerung der Abmessungen von monolithischen Strukturen dank\u00a0 Beseitigung der horizontaler Kraft,<\/li>\n<li>Die M\u00f6glichkeit der Entlastung von bestehenden Objekten z.B im Notfall,<\/li>\n<li>Die Optimierung der Zwischenfundamenten,<\/li>\n<li>Einfache und schnelle Errichtung.<\/li>\n<\/ul>\n<\/div><\/div><\/div><\/div><\/div><\/div><\/div><\/section>\n","protected":false},"excerpt":{"rendered":"","protected":false},"author":1,"featured_media":0,"parent":1601,"menu_order":3,"comment_status":"closed","ping_status":"closed","template":"","meta":{"footnotes":"","_links_to":"","_links_to_target":""},"class_list":["post-1625","page","type-page","status-publish","hentry"],"yoast_head":"<!-- This site is optimized with the Yoast SEO plugin v24.5 - https:\/\/yoast.com\/wordpress\/plugins\/seo\/ -->\n<title>Entlastungsfunktionen - Inorblock\u00ae<\/title>\n<meta name=\"description\" content=\"Die Entlastungsfunktionen (minimierung der Erddruck) insbesonders bei Br\u00fcckenwiderlager, wird durch die Errichtung von dem Block aus Erde bewehrt mit geosynthetischem Material hinter der monolithischen Struktur des Objekts ausgef\u00fchrt. Die Entlastung kann an den R\u00fcckw\u00e4nden und Fl\u00fcgelw\u00e4nden sowohl von neu gebauten als auch bereits vorhandenen Br\u00fcckenwiderlagern angebracht werden.\" \/>\n<meta name=\"robots\" content=\"index, follow, max-snippet:-1, max-image-preview:large, max-video-preview:-1\" \/>\n<link rel=\"canonical\" href=\"https:\/\/inorblock.com\/de\/bewehrte-erde\/entlastungsfunktionen\/\" \/>\n<meta property=\"og:locale\" content=\"de_DE\" \/>\n<meta property=\"og:type\" content=\"article\" \/>\n<meta property=\"og:title\" content=\"Entlastungsfunktionen - Inorblock\u00ae\" \/>\n<meta property=\"og:description\" content=\"Die Entlastungsfunktionen (minimierung der Erddruck) insbesonders bei Br\u00fcckenwiderlager, wird durch die Errichtung von dem Block aus Erde bewehrt mit geosynthetischem Material hinter der monolithischen Struktur des Objekts ausgef\u00fchrt. Die Entlastung kann an den R\u00fcckw\u00e4nden und Fl\u00fcgelw\u00e4nden sowohl von neu gebauten als auch bereits vorhandenen Br\u00fcckenwiderlagern angebracht werden.\" \/>\n<meta property=\"og:url\" content=\"https:\/\/inorblock.com\/de\/bewehrte-erde\/entlastungsfunktionen\/\" \/>\n<meta property=\"og:site_name\" content=\"Inorblock\u00ae\" \/>\n<meta property=\"article:modified_time\" content=\"2019-07-08T19:26:23+00:00\" \/>\n<meta name=\"twitter:card\" content=\"summary_large_image\" \/>\n<meta name=\"twitter:label1\" content=\"Gesch\u00e4tzte Lesezeit\" \/>\n\t<meta name=\"twitter:data1\" content=\"2\u00a0Minuten\" \/>\n<script type=\"application\/ld+json\" class=\"yoast-schema-graph\">{\"@context\":\"https:\/\/schema.org\",\"@graph\":[{\"@type\":\"WebPage\",\"@id\":\"https:\/\/inorblock.com\/de\/bewehrte-erde\/entlastungsfunktionen\/\",\"url\":\"https:\/\/inorblock.com\/de\/bewehrte-erde\/entlastungsfunktionen\/\",\"name\":\"Entlastungsfunktionen - Inorblock\u00ae\",\"isPartOf\":{\"@id\":\"https:\/\/inorblock.com\/de\/#website\"},\"datePublished\":\"2019-07-08T19:23:52+00:00\",\"dateModified\":\"2019-07-08T19:26:23+00:00\",\"description\":\"Die Entlastungsfunktionen (minimierung der Erddruck) insbesonders bei Br\u00fcckenwiderlager, wird durch die Errichtung von dem Block aus Erde bewehrt mit geosynthetischem Material hinter der monolithischen Struktur des Objekts ausgef\u00fchrt. Die Entlastung kann an den R\u00fcckw\u00e4nden und Fl\u00fcgelw\u00e4nden sowohl von neu gebauten als auch bereits vorhandenen Br\u00fcckenwiderlagern angebracht werden.\",\"breadcrumb\":{\"@id\":\"https:\/\/inorblock.com\/de\/bewehrte-erde\/entlastungsfunktionen\/#breadcrumb\"},\"inLanguage\":\"de\",\"potentialAction\":[{\"@type\":\"ReadAction\",\"target\":[\"https:\/\/inorblock.com\/de\/bewehrte-erde\/entlastungsfunktionen\/\"]}]},{\"@type\":\"BreadcrumbList\",\"@id\":\"https:\/\/inorblock.com\/de\/bewehrte-erde\/entlastungsfunktionen\/#breadcrumb\",\"itemListElement\":[{\"@type\":\"ListItem\",\"position\":1,\"name\":\"Home\",\"item\":\"https:\/\/inorblock.com\/de\/\"},{\"@type\":\"ListItem\",\"position\":2,\"name\":\"Bewehrte Erde\",\"item\":\"https:\/\/inorblock.com\/de\/bewehrte-erde\/\"},{\"@type\":\"ListItem\",\"position\":3,\"name\":\"Entlastungsfunktionen\"}]},{\"@type\":\"WebSite\",\"@id\":\"https:\/\/inorblock.com\/de\/#website\",\"url\":\"https:\/\/inorblock.com\/de\/\",\"name\":\"Inorblock\u00ae\",\"description\":\"Simple Solid Stable\",\"potentialAction\":[{\"@type\":\"SearchAction\",\"target\":{\"@type\":\"EntryPoint\",\"urlTemplate\":\"https:\/\/inorblock.com\/de\/?s={search_term_string}\"},\"query-input\":{\"@type\":\"PropertyValueSpecification\",\"valueRequired\":true,\"valueName\":\"search_term_string\"}}],\"inLanguage\":\"de\"}]}<\/script>\n<!-- \/ Yoast SEO plugin. -->","yoast_head_json":{"title":"Entlastungsfunktionen - Inorblock\u00ae","description":"Die Entlastungsfunktionen (minimierung der Erddruck) insbesonders bei Br\u00fcckenwiderlager, wird durch die Errichtung von dem Block aus Erde bewehrt mit geosynthetischem Material hinter der monolithischen Struktur des Objekts ausgef\u00fchrt. Die Entlastung kann an den R\u00fcckw\u00e4nden und Fl\u00fcgelw\u00e4nden sowohl von neu gebauten als auch bereits vorhandenen Br\u00fcckenwiderlagern angebracht werden.","robots":{"index":"index","follow":"follow","max-snippet":"max-snippet:-1","max-image-preview":"max-image-preview:large","max-video-preview":"max-video-preview:-1"},"canonical":"https:\/\/inorblock.com\/de\/bewehrte-erde\/entlastungsfunktionen\/","og_locale":"de_DE","og_type":"article","og_title":"Entlastungsfunktionen - Inorblock\u00ae","og_description":"Die Entlastungsfunktionen (minimierung der Erddruck) insbesonders bei Br\u00fcckenwiderlager, wird durch die Errichtung von dem Block aus Erde bewehrt mit geosynthetischem Material hinter der monolithischen Struktur des Objekts ausgef\u00fchrt. Die Entlastung kann an den R\u00fcckw\u00e4nden und Fl\u00fcgelw\u00e4nden sowohl von neu gebauten als auch bereits vorhandenen Br\u00fcckenwiderlagern angebracht werden.","og_url":"https:\/\/inorblock.com\/de\/bewehrte-erde\/entlastungsfunktionen\/","og_site_name":"Inorblock\u00ae","article_modified_time":"2019-07-08T19:26:23+00:00","twitter_card":"summary_large_image","twitter_misc":{"Gesch\u00e4tzte Lesezeit":"2\u00a0Minuten"},"schema":{"@context":"https:\/\/schema.org","@graph":[{"@type":"WebPage","@id":"https:\/\/inorblock.com\/de\/bewehrte-erde\/entlastungsfunktionen\/","url":"https:\/\/inorblock.com\/de\/bewehrte-erde\/entlastungsfunktionen\/","name":"Entlastungsfunktionen - Inorblock\u00ae","isPartOf":{"@id":"https:\/\/inorblock.com\/de\/#website"},"datePublished":"2019-07-08T19:23:52+00:00","dateModified":"2019-07-08T19:26:23+00:00","description":"Die Entlastungsfunktionen (minimierung der Erddruck) insbesonders bei Br\u00fcckenwiderlager, wird durch die Errichtung von dem Block aus Erde bewehrt mit geosynthetischem Material hinter der monolithischen Struktur des Objekts ausgef\u00fchrt. Die Entlastung kann an den R\u00fcckw\u00e4nden und Fl\u00fcgelw\u00e4nden sowohl von neu gebauten als auch bereits vorhandenen Br\u00fcckenwiderlagern angebracht werden.","breadcrumb":{"@id":"https:\/\/inorblock.com\/de\/bewehrte-erde\/entlastungsfunktionen\/#breadcrumb"},"inLanguage":"de","potentialAction":[{"@type":"ReadAction","target":["https:\/\/inorblock.com\/de\/bewehrte-erde\/entlastungsfunktionen\/"]}]},{"@type":"BreadcrumbList","@id":"https:\/\/inorblock.com\/de\/bewehrte-erde\/entlastungsfunktionen\/#breadcrumb","itemListElement":[{"@type":"ListItem","position":1,"name":"Home","item":"https:\/\/inorblock.com\/de\/"},{"@type":"ListItem","position":2,"name":"Bewehrte Erde","item":"https:\/\/inorblock.com\/de\/bewehrte-erde\/"},{"@type":"ListItem","position":3,"name":"Entlastungsfunktionen"}]},{"@type":"WebSite","@id":"https:\/\/inorblock.com\/de\/#website","url":"https:\/\/inorblock.com\/de\/","name":"Inorblock\u00ae","description":"Simple Solid Stable","potentialAction":[{"@type":"SearchAction","target":{"@type":"EntryPoint","urlTemplate":"https:\/\/inorblock.com\/de\/?s={search_term_string}"},"query-input":{"@type":"PropertyValueSpecification","valueRequired":true,"valueName":"search_term_string"}}],"inLanguage":"de"}]}},"_links":{"self":[{"href":"https:\/\/inorblock.com\/de\/wp-json\/wp\/v2\/pages\/1625","targetHints":{"allow":["GET"]}}],"collection":[{"href":"https:\/\/inorblock.com\/de\/wp-json\/wp\/v2\/pages"}],"about":[{"href":"https:\/\/inorblock.com\/de\/wp-json\/wp\/v2\/types\/page"}],"author":[{"embeddable":true,"href":"https:\/\/inorblock.com\/de\/wp-json\/wp\/v2\/users\/1"}],"replies":[{"embeddable":true,"href":"https:\/\/inorblock.com\/de\/wp-json\/wp\/v2\/comments?post=1625"}],"version-history":[{"count":3,"href":"https:\/\/inorblock.com\/de\/wp-json\/wp\/v2\/pages\/1625\/revisions"}],"predecessor-version":[{"id":1628,"href":"https:\/\/inorblock.com\/de\/wp-json\/wp\/v2\/pages\/1625\/revisions\/1628"}],"up":[{"embeddable":true,"href":"https:\/\/inorblock.com\/de\/wp-json\/wp\/v2\/pages\/1601"}],"wp:attachment":[{"href":"https:\/\/inorblock.com\/de\/wp-json\/wp\/v2\/media?parent=1625"}],"curies":[{"name":"wp","href":"https:\/\/api.w.org\/{rel}","templated":true}]}}