{"id":1637,"date":"2019-07-08T20:02:45","date_gmt":"2019-07-08T20:02:45","guid":{"rendered":"http:\/\/new.inorblock.com\/?page_id=1637"},"modified":"2019-08-08T09:17:18","modified_gmt":"2019-08-08T09:17:18","slug":"widerlagerfluegel","status":"publish","type":"page","link":"https:\/\/inorblock.com\/de\/bewehrte-erde\/brueckenwiderlager\/widerlagerfluegel\/","title":{"rendered":"Widerlagerfl\u00fcgel"},"content":{"rendered":"<section class=\"l-section wpb_row height_small\"><div class=\"l-section-h i-cf\"><div class=\"g-cols vc_row via_flex valign_top type_default stacking_default\"><div class=\"vc_col-sm-12 wpb_column vc_column_container\"><div class=\"vc_column-inner\"><div class=\"wpb_wrapper\"><div class=\"wpb_text_column\"><div class=\"wpb_wrapper\"><h2>Fl\u00fcgelw\u00e4nde an Br\u00fcckenwiederlagen<\/h2>\n<p>Die Fl\u00fcgelw\u00e4nde in Technologie von bewehrter Erde im Form der St\u00fctzmauern finden breite Anwendung an allen Standard-Br\u00fcckenwiederlagen und diesen Objekten, wo die Entlastungsfunktionen verwendet sind. Die Flexibilit\u00e4t bei der Errichtung von St\u00fctzw\u00e4nden erm\u00f6glicht fast jede Gestalt von diesen Strukturen im Bezug auf den Wiederalgen. Das erlaubt auch die stufenartigen Fundamenten zu bauen, was bedeutet, die Anpassung der Fundamenten an die Konturen der H\u00e4nge, was die Menge von Baumaterial minimiert und sich direkt im Investitionspreis niederschl\u00e4gt.<\/p>\n<\/div><\/div><\/div><\/div><\/div><\/div><\/div><\/section><section class=\"l-section wpb_row height_small\"><div class=\"l-section-h i-cf\"><div class=\"g-cols vc_row via_flex valign_top type_default stacking_default\"><div class=\"vc_col-sm-12 wpb_column vc_column_container\"><div class=\"vc_column-inner\"><div class=\"wpb_wrapper\"><div class=\"w-grid type_grid layout_gallery_default cols_2 open_items_in_popup\" id=\"us_grid_1\" style=\"--columns:2;--gap:1.5rem;\" data-filterable=\"true\"><style>@media (max-width:600px){#us_grid_1{--columns:1!important}}.layout_gallery_default .w-grid-item-h{}<\/style><div class=\"w-grid-list\">\t<article class=\"w-grid-item size_1x1 post-1007 attachment type-attachment status-inherit hentry\" data-id=\"1007\">\r\n\t\t<div class=\"w-grid-item-h\">\r\n\t\t\t\t\t\t\t<a href=\"https:\/\/inorblock.com\/de\/skrzydla-02\/\" class=\"w-grid-item-anchor\" aria-label=\"Skrzydla 02\"><\/a>\r\n\t\t\t\t\t\t<div class=\"w-post-elm post_image usg_post_image_1 stretched\"><img loading=\"lazy\" decoding=\"async\" width=\"600\" height=\"387\" src=\"https:\/\/inorblock.com\/wp-content\/uploads\/2019\/07\/Skrzydla-02-600x387.jpg\" class=\"attachment-us_600_400_crop size-us_600_400_crop\" alt=\"\" \/><\/div>\t\t<\/div>\r\n\t\t\t<\/article>\r\n\t<article class=\"w-grid-item size_1x1 post-1016 attachment type-attachment status-inherit hentry\" data-id=\"1016\">\r\n\t\t<div class=\"w-grid-item-h\">\r\n\t\t\t\t\t\t\t<a href=\"https:\/\/inorblock.com\/de\/skrzydla-03\/\" class=\"w-grid-item-anchor\" aria-label=\"Skrzydla 03\"><\/a>\r\n\t\t\t\t\t\t<div class=\"w-post-elm post_image usg_post_image_1 stretched\"><img loading=\"lazy\" decoding=\"async\" width=\"600\" height=\"400\" src=\"https:\/\/inorblock.com\/wp-content\/uploads\/2019\/07\/Skrzydla-03-600x400.jpg\" class=\"attachment-us_600_400_crop size-us_600_400_crop\" alt=\"\" \/><\/div>\t\t<\/div>\r\n\t\t\t<\/article>\r\n\t<article class=\"w-grid-item size_1x1 post-953 attachment type-attachment status-inherit hentry\" data-id=\"953\">\r\n\t\t<div class=\"w-grid-item-h\">\r\n\t\t\t\t\t\t\t<a href=\"https:\/\/inorblock.com\/de\/info-skrzydla-1\/\" class=\"w-grid-item-anchor\" aria-label=\"Info skrzydla 1\"><\/a>\r\n\t\t\t\t\t\t<div class=\"w-post-elm post_image usg_post_image_1 stretched\"><img loading=\"lazy\" decoding=\"async\" width=\"600\" height=\"400\" src=\"https:\/\/inorblock.com\/wp-content\/uploads\/2019\/07\/Info-skrzydla-1-600x400.jpg\" class=\"attachment-us_600_400_crop size-us_600_400_crop\" alt=\"\" \/><\/div>\t\t<\/div>\r\n\t\t\t<\/article>\r\n\t<article class=\"w-grid-item size_1x1 post-989 attachment type-attachment status-inherit hentry\" data-id=\"989\">\r\n\t\t<div class=\"w-grid-item-h\">\r\n\t\t\t\t\t\t\t<a href=\"https:\/\/inorblock.com\/de\/info-skrzydla\/\" class=\"w-grid-item-anchor\" aria-label=\"Info skrzydla\"><\/a>\r\n\t\t\t\t\t\t<div class=\"w-post-elm post_image usg_post_image_1 stretched\"><img loading=\"lazy\" decoding=\"async\" width=\"600\" height=\"400\" src=\"https:\/\/inorblock.com\/wp-content\/uploads\/2019\/07\/Info-skrzydla-600x400.jpg\" class=\"attachment-us_600_400_crop size-us_600_400_crop\" alt=\"\" \/><\/div>\t\t<\/div>\r\n\t\t\t<\/article>\r\n\t<article class=\"w-grid-item size_1x1 post-980 attachment type-attachment status-inherit hentry\" data-id=\"980\">\r\n\t\t<div class=\"w-grid-item-h\">\r\n\t\t\t\t\t\t\t<a href=\"https:\/\/inorblock.com\/de\/info-skrzydla-4\/\" class=\"w-grid-item-anchor\" aria-label=\"Info skrzydla 4\"><\/a>\r\n\t\t\t\t\t\t<div class=\"w-post-elm post_image usg_post_image_1 stretched\"><img loading=\"lazy\" decoding=\"async\" width=\"600\" height=\"400\" src=\"https:\/\/inorblock.com\/wp-content\/uploads\/2019\/07\/Info-skrzydla-4-600x400.jpg\" class=\"attachment-us_600_400_crop size-us_600_400_crop\" alt=\"\" \/><\/div>\t\t<\/div>\r\n\t\t\t<\/article>\r\n\t<article class=\"w-grid-item size_1x1 post-962 attachment type-attachment status-inherit hentry\" data-id=\"962\">\r\n\t\t<div class=\"w-grid-item-h\">\r\n\t\t\t\t\t\t\t<a href=\"https:\/\/inorblock.com\/de\/info-skrzydla-2\/\" class=\"w-grid-item-anchor\" aria-label=\"Info skrzydla 2\"><\/a>\r\n\t\t\t\t\t\t<div class=\"w-post-elm post_image usg_post_image_1 stretched\"><img loading=\"lazy\" decoding=\"async\" width=\"600\" height=\"400\" src=\"https:\/\/inorblock.com\/wp-content\/uploads\/2019\/07\/Info-skrzydla-2-600x400.jpg\" class=\"attachment-us_600_400_crop size-us_600_400_crop\" alt=\"\" \/><\/div>\t\t<\/div>\r\n\t\t\t<\/article>\r\n\t<article class=\"w-grid-item size_1x1 post-971 attachment type-attachment status-inherit hentry\" data-id=\"971\">\r\n\t\t<div class=\"w-grid-item-h\">\r\n\t\t\t\t\t\t\t<a href=\"https:\/\/inorblock.com\/de\/info-skrzydla-3\/\" class=\"w-grid-item-anchor\" aria-label=\"Info skrzydla 3\"><\/a>\r\n\t\t\t\t\t\t<div class=\"w-post-elm post_image usg_post_image_1 stretched\"><img loading=\"lazy\" decoding=\"async\" width=\"600\" height=\"400\" src=\"https:\/\/inorblock.com\/wp-content\/uploads\/2019\/07\/Info-skrzydla-3-600x400.jpg\" class=\"attachment-us_600_400_crop size-us_600_400_crop\" alt=\"\" \/><\/div>\t\t<\/div>\r\n\t\t\t<\/article>\r\n\t<article class=\"w-grid-item size_1x1 post-1025 attachment type-attachment status-inherit hentry\" data-id=\"1025\">\r\n\t\t<div class=\"w-grid-item-h\">\r\n\t\t\t\t\t\t\t<a href=\"https:\/\/inorblock.com\/de\/skrzydla-z-gruntu-zbrojonego\/\" class=\"w-grid-item-anchor\" aria-label=\"skrzyd\u0142a z gruntu zbrojonego\"><\/a>\r\n\t\t\t\t\t\t<div class=\"w-post-elm post_image usg_post_image_1 stretched\"><img loading=\"lazy\" decoding=\"async\" width=\"600\" height=\"400\" src=\"https:\/\/inorblock.com\/wp-content\/uploads\/2019\/07\/skrzyd\u0142a-z-gruntu-zbrojonego-600x400.jpg\" class=\"attachment-us_600_400_crop size-us_600_400_crop\" alt=\"\" \/><\/div>\t\t<\/div>\r\n\t\t\t<\/article>\r\n<\/div><div class=\"w-grid-preloader\">\t<div class=\"g-preloader type_5\">\r\n\t\t<div><\/div>\r\n\t<\/div>\r\n\t<\/div>\t<div class=\"w-grid-json hidden\" onclick='return {&quot;action&quot;:&quot;us_ajax_grid&quot;,&quot;infinite_scroll&quot;:0,&quot;max_num_pages&quot;:1,&quot;pagination&quot;:&quot;none&quot;,&quot;template_vars&quot;:{&quot;columns&quot;:&quot;2&quot;,&quot;exclude_items&quot;:&quot;none&quot;,&quot;img_size&quot;:&quot;us_600_400_crop&quot;,&quot;ignore_items_size&quot;:0,&quot;items_layout&quot;:&quot;gallery_default&quot;,&quot;items_offset&quot;:&quot;1&quot;,&quot;load_animation&quot;:&quot;none&quot;,&quot;overriding_link&quot;:&quot;%7B%22type%22%3A%22popup_post%22%7D&quot;,&quot;post_id&quot;:0,&quot;query_args&quot;:{&quot;post_type&quot;:[&quot;attachment&quot;],&quot;post__in&quot;:[&quot;205&quot;,&quot;206&quot;,&quot;199&quot;,&quot;203&quot;,&quot;202&quot;,&quot;200&quot;,&quot;201&quot;,&quot;207&quot;],&quot;post_status&quot;:&quot;inherit&quot;,&quot;post_mime_type&quot;:&quot;image&quot;,&quot;posts_per_page&quot;:999},&quot;orderby_query_args&quot;:{&quot;orderby&quot;:{&quot;post__in&quot;:&quot;ASC&quot;},&quot;order&quot;:&quot;ASC&quot;},&quot;type&quot;:&quot;grid&quot;,&quot;us_grid_post_type&quot;:&quot;attachment&quot;,&quot;us_grid_ajax_index&quot;:1,&quot;us_grid_filter_query_string&quot;:null,&quot;us_grid_index&quot;:1,&quot;page_args&quot;:[],&quot;lang&quot;:&quot;de&quot;}}'><\/div>\r\n\t<div class=\"l-popup\">\r\n\t<div class=\"l-popup-overlay\"><\/div>\r\n\t<div class=\"l-popup-wrap\">\r\n\t\t<div class=\"l-popup-box\">\r\n\t\t\t<div class=\"l-popup-box-content\">\r\n\t\t\t\t<div class=\"g-preloader type_5\">\r\n\t\t\t\t\t<div><\/div>\r\n\t\t\t\t<\/div>\r\n\t\t\t\t<iframe class=\"l-popup-box-content-frame\" allowfullscreen><\/iframe>\r\n\t\t\t<\/div>\r\n\t\t<\/div>\r\n\t\t\t\t\t<div class=\"l-popup-arrow to_next hidden\" title=\"Weiter\"><\/div>\r\n\t\t\t<div class=\"l-popup-arrow to_prev hidden\" title=\"Vorherige\"><\/div>\r\n\t\t\t\t<div class=\"l-popup-closer\"><\/div>\r\n\t<\/div>\r\n<\/div>\r\n<\/div><\/div><\/div><\/div><\/div><\/div><\/section><section class=\"l-section wpb_row height_small\"><div class=\"l-section-h i-cf\"><div class=\"g-cols vc_row via_flex valign_top type_default stacking_default\"><div class=\"vc_col-sm-12 wpb_column vc_column_container\"><div class=\"vc_column-inner\"><div class=\"wpb_wrapper\"><div class=\"wpb_text_column\"><div class=\"wpb_wrapper\"><div class=\"ce_text last block\">\n<h2>Hauptvorteile:<\/h2>\n<p>&#8211; Die Flexibilit\u00e4t in der Wandgestaltung,<\/p>\n<p>&#8211; Die Haltbarkeit der Konstruktionselementen betr\u00e4gt mindestens 120 Jahre (wird an die Anforderungen von Ingenieurobjekten angepasst),<\/p>\n<p>&#8211; Schnell und leicht zu errichten,<\/p>\n<p>&#8211; Geringere Einkaufs und Baukosten im Vergleich zu monolithischen oder vorgefertigten Fl\u00fcgelw\u00e4nden.<\/p>\n<p>&#8211; Die Reduzierung der Baukosten durch die Anpassung das Gr\u00fcndungsniveau der St\u00fctzmauern.<\/p>\n<\/div>\n<\/div><\/div><\/div><\/div><\/div><\/div><\/div><\/section>\n","protected":false},"excerpt":{"rendered":"","protected":false},"author":1,"featured_media":0,"parent":1606,"menu_order":0,"comment_status":"closed","ping_status":"closed","template":"","meta":{"footnotes":"","_links_to":"","_links_to_target":""},"class_list":["post-1637","page","type-page","status-publish","hentry"],"yoast_head":"<!-- This site is optimized with the Yoast SEO plugin v24.5 - https:\/\/yoast.com\/wordpress\/plugins\/seo\/ -->\n<title>Widerlagerfl\u00fcgel - Inorblock\u00ae<\/title>\n<meta name=\"description\" content=\"Die Fl\u00fcgelw\u00e4nde in Technologie von bewehrter Erde im Form der St\u00fctzmauern finden breite Anwendung an allen Standard-Br\u00fcckenwiederlagen und diesen Objekten, wo die Entlastungsfunktionen verwendet sind\" \/>\n<meta name=\"robots\" content=\"index, follow, max-snippet:-1, max-image-preview:large, max-video-preview:-1\" \/>\n<link rel=\"canonical\" href=\"https:\/\/inorblock.com\/de\/bewehrte-erde\/brueckenwiderlager\/widerlagerfluegel\/\" \/>\n<meta property=\"og:locale\" content=\"de_DE\" \/>\n<meta property=\"og:type\" content=\"article\" \/>\n<meta property=\"og:title\" content=\"Widerlagerfl\u00fcgel - Inorblock\u00ae\" \/>\n<meta property=\"og:description\" content=\"Die Fl\u00fcgelw\u00e4nde in Technologie von bewehrter Erde im Form der St\u00fctzmauern finden breite Anwendung an allen Standard-Br\u00fcckenwiederlagen und diesen Objekten, wo die Entlastungsfunktionen verwendet sind\" \/>\n<meta property=\"og:url\" content=\"https:\/\/inorblock.com\/de\/bewehrte-erde\/brueckenwiderlager\/widerlagerfluegel\/\" \/>\n<meta property=\"og:site_name\" content=\"Inorblock\u00ae\" \/>\n<meta property=\"article:modified_time\" content=\"2019-08-08T09:17:18+00:00\" \/>\n<meta name=\"twitter:card\" content=\"summary_large_image\" \/>\n<meta name=\"twitter:label1\" content=\"Gesch\u00e4tzte Lesezeit\" \/>\n\t<meta name=\"twitter:data1\" content=\"1\u00a0Minute\" \/>\n<script type=\"application\/ld+json\" class=\"yoast-schema-graph\">{\"@context\":\"https:\/\/schema.org\",\"@graph\":[{\"@type\":\"WebPage\",\"@id\":\"https:\/\/inorblock.com\/de\/bewehrte-erde\/brueckenwiderlager\/widerlagerfluegel\/\",\"url\":\"https:\/\/inorblock.com\/de\/bewehrte-erde\/brueckenwiderlager\/widerlagerfluegel\/\",\"name\":\"Widerlagerfl\u00fcgel - Inorblock\u00ae\",\"isPartOf\":{\"@id\":\"https:\/\/inorblock.com\/de\/#website\"},\"datePublished\":\"2019-07-08T20:02:45+00:00\",\"dateModified\":\"2019-08-08T09:17:18+00:00\",\"description\":\"Die Fl\u00fcgelw\u00e4nde in Technologie von bewehrter Erde im Form der St\u00fctzmauern finden breite Anwendung an allen Standard-Br\u00fcckenwiederlagen und diesen Objekten, wo die Entlastungsfunktionen verwendet sind\",\"breadcrumb\":{\"@id\":\"https:\/\/inorblock.com\/de\/bewehrte-erde\/brueckenwiderlager\/widerlagerfluegel\/#breadcrumb\"},\"inLanguage\":\"de\",\"potentialAction\":[{\"@type\":\"ReadAction\",\"target\":[\"https:\/\/inorblock.com\/de\/bewehrte-erde\/brueckenwiderlager\/widerlagerfluegel\/\"]}]},{\"@type\":\"BreadcrumbList\",\"@id\":\"https:\/\/inorblock.com\/de\/bewehrte-erde\/brueckenwiderlager\/widerlagerfluegel\/#breadcrumb\",\"itemListElement\":[{\"@type\":\"ListItem\",\"position\":1,\"name\":\"Home\",\"item\":\"https:\/\/inorblock.com\/de\/\"},{\"@type\":\"ListItem\",\"position\":2,\"name\":\"Bewehrte Erde\",\"item\":\"https:\/\/inorblock.com\/de\/bewehrte-erde\/\"},{\"@type\":\"ListItem\",\"position\":3,\"name\":\"Br\u00fcckenwiderlager\",\"item\":\"https:\/\/inorblock.com\/de\/bewehrte-erde\/brueckenwiderlager\/\"},{\"@type\":\"ListItem\",\"position\":4,\"name\":\"Widerlagerfl\u00fcgel\"}]},{\"@type\":\"WebSite\",\"@id\":\"https:\/\/inorblock.com\/de\/#website\",\"url\":\"https:\/\/inorblock.com\/de\/\",\"name\":\"Inorblock\u00ae\",\"description\":\"Simple Solid Stable\",\"potentialAction\":[{\"@type\":\"SearchAction\",\"target\":{\"@type\":\"EntryPoint\",\"urlTemplate\":\"https:\/\/inorblock.com\/de\/?s={search_term_string}\"},\"query-input\":{\"@type\":\"PropertyValueSpecification\",\"valueRequired\":true,\"valueName\":\"search_term_string\"}}],\"inLanguage\":\"de\"}]}<\/script>\n<!-- \/ Yoast SEO plugin. -->","yoast_head_json":{"title":"Widerlagerfl\u00fcgel - Inorblock\u00ae","description":"Die Fl\u00fcgelw\u00e4nde in Technologie von bewehrter Erde im Form der St\u00fctzmauern finden breite Anwendung an allen Standard-Br\u00fcckenwiederlagen und diesen Objekten, wo die Entlastungsfunktionen verwendet sind","robots":{"index":"index","follow":"follow","max-snippet":"max-snippet:-1","max-image-preview":"max-image-preview:large","max-video-preview":"max-video-preview:-1"},"canonical":"https:\/\/inorblock.com\/de\/bewehrte-erde\/brueckenwiderlager\/widerlagerfluegel\/","og_locale":"de_DE","og_type":"article","og_title":"Widerlagerfl\u00fcgel - Inorblock\u00ae","og_description":"Die Fl\u00fcgelw\u00e4nde in Technologie von bewehrter Erde im Form der St\u00fctzmauern finden breite Anwendung an allen Standard-Br\u00fcckenwiederlagen und diesen Objekten, wo die Entlastungsfunktionen verwendet sind","og_url":"https:\/\/inorblock.com\/de\/bewehrte-erde\/brueckenwiderlager\/widerlagerfluegel\/","og_site_name":"Inorblock\u00ae","article_modified_time":"2019-08-08T09:17:18+00:00","twitter_card":"summary_large_image","twitter_misc":{"Gesch\u00e4tzte Lesezeit":"1\u00a0Minute"},"schema":{"@context":"https:\/\/schema.org","@graph":[{"@type":"WebPage","@id":"https:\/\/inorblock.com\/de\/bewehrte-erde\/brueckenwiderlager\/widerlagerfluegel\/","url":"https:\/\/inorblock.com\/de\/bewehrte-erde\/brueckenwiderlager\/widerlagerfluegel\/","name":"Widerlagerfl\u00fcgel - Inorblock\u00ae","isPartOf":{"@id":"https:\/\/inorblock.com\/de\/#website"},"datePublished":"2019-07-08T20:02:45+00:00","dateModified":"2019-08-08T09:17:18+00:00","description":"Die Fl\u00fcgelw\u00e4nde in Technologie von bewehrter Erde im Form der St\u00fctzmauern finden breite Anwendung an allen Standard-Br\u00fcckenwiederlagen und diesen Objekten, wo die Entlastungsfunktionen verwendet sind","breadcrumb":{"@id":"https:\/\/inorblock.com\/de\/bewehrte-erde\/brueckenwiderlager\/widerlagerfluegel\/#breadcrumb"},"inLanguage":"de","potentialAction":[{"@type":"ReadAction","target":["https:\/\/inorblock.com\/de\/bewehrte-erde\/brueckenwiderlager\/widerlagerfluegel\/"]}]},{"@type":"BreadcrumbList","@id":"https:\/\/inorblock.com\/de\/bewehrte-erde\/brueckenwiderlager\/widerlagerfluegel\/#breadcrumb","itemListElement":[{"@type":"ListItem","position":1,"name":"Home","item":"https:\/\/inorblock.com\/de\/"},{"@type":"ListItem","position":2,"name":"Bewehrte Erde","item":"https:\/\/inorblock.com\/de\/bewehrte-erde\/"},{"@type":"ListItem","position":3,"name":"Br\u00fcckenwiderlager","item":"https:\/\/inorblock.com\/de\/bewehrte-erde\/brueckenwiderlager\/"},{"@type":"ListItem","position":4,"name":"Widerlagerfl\u00fcgel"}]},{"@type":"WebSite","@id":"https:\/\/inorblock.com\/de\/#website","url":"https:\/\/inorblock.com\/de\/","name":"Inorblock\u00ae","description":"Simple Solid Stable","potentialAction":[{"@type":"SearchAction","target":{"@type":"EntryPoint","urlTemplate":"https:\/\/inorblock.com\/de\/?s={search_term_string}"},"query-input":{"@type":"PropertyValueSpecification","valueRequired":true,"valueName":"search_term_string"}}],"inLanguage":"de"}]}},"_links":{"self":[{"href":"https:\/\/inorblock.com\/de\/wp-json\/wp\/v2\/pages\/1637","targetHints":{"allow":["GET"]}}],"collection":[{"href":"https:\/\/inorblock.com\/de\/wp-json\/wp\/v2\/pages"}],"about":[{"href":"https:\/\/inorblock.com\/de\/wp-json\/wp\/v2\/types\/page"}],"author":[{"embeddable":true,"href":"https:\/\/inorblock.com\/de\/wp-json\/wp\/v2\/users\/1"}],"replies":[{"embeddable":true,"href":"https:\/\/inorblock.com\/de\/wp-json\/wp\/v2\/comments?post=1637"}],"version-history":[{"count":4,"href":"https:\/\/inorblock.com\/de\/wp-json\/wp\/v2\/pages\/1637\/revisions"}],"predecessor-version":[{"id":2438,"href":"https:\/\/inorblock.com\/de\/wp-json\/wp\/v2\/pages\/1637\/revisions\/2438"}],"up":[{"embeddable":true,"href":"https:\/\/inorblock.com\/de\/wp-json\/wp\/v2\/pages\/1606"}],"wp:attachment":[{"href":"https:\/\/inorblock.com\/de\/wp-json\/wp\/v2\/media?parent=1637"}],"curies":[{"name":"wp","href":"https:\/\/api.w.org\/{rel}","templated":true}]}}