{"id":1663,"date":"2019-07-08T21:33:47","date_gmt":"2019-07-08T21:33:47","guid":{"rendered":"http:\/\/new.inorblock.com\/?page_id=1663"},"modified":"2019-08-12T14:55:57","modified_gmt":"2019-08-12T14:55:57","slug":"dienstleistungen","status":"publish","type":"page","link":"https:\/\/inorblock.com\/de\/dienstleistungen\/","title":{"rendered":"Dienstleistungen"},"content":{"rendered":"<section class=\"l-section wpb_row height_small\"><div class=\"l-section-h i-cf\"><div class=\"g-cols vc_row via_flex valign_top type_default stacking_default\"><div class=\"vc_col-sm-12 wpb_column vc_column_container\"><div class=\"vc_column-inner\"><div class=\"wpb_wrapper\"><div class=\"wpb_text_column\"><div class=\"wpb_wrapper\"><p>Wir bieten umfassende Design-, Beratungs- und technische Unterst\u00fctzung in jeder Phase der Investition.<\/p>\n<p>Wir sind in der Lage, die verf\u00fcgbaren Technologien im Bereich der bewehrter Erde zu analysieren und die optimalen L\u00f6sungen (technisch und \u00f6konomisch) anzugeben.<\/p>\n<p>Wir f\u00fchren auch die Bewertungen und Analysen durch.<\/p>\n<p>Mehr als 25 Erfahrung in der Anwendung von geosynthetischen Materialien, ein spezialisiertes technisches Team, das st\u00e4ndig technisches Wissen und die Anwendung der neuesten Programme zur Unterst\u00fctzung von Designprozessen entwickelt, erm\u00f6glicht uns, eine breite Palette von Dienstleistungen auf h\u00f6chstem Niveau f\u00fcr alle Kunden anzubieten.<\/p>\n<\/div><\/div><\/div><\/div><\/div><\/div><\/div><\/section>\n","protected":false},"excerpt":{"rendered":"Wir bieten umfassende Design-, Beratungs- und technische Unterst\u00fctzung in jeder Phase der Investition. Wir sind in der Lage, die verf\u00fcgbaren Technologien im Bereich der bewehrter Erde zu analysieren und die optimalen L\u00f6sungen (technisch und \u00f6konomisch) anzugeben. Wir f\u00fchren auch die Bewertungen und Analysen durch. Mehr als 25 Erfahrung in der Anwendung von geosynthetischen Materialien, ein...","protected":false},"author":1,"featured_media":0,"parent":0,"menu_order":4,"comment_status":"closed","ping_status":"closed","template":"","meta":{"footnotes":"","_links_to":"","_links_to_target":""},"class_list":["post-1663","page","type-page","status-publish","hentry"],"yoast_head":"<!-- This site is optimized with the Yoast SEO plugin v24.5 - https:\/\/yoast.com\/wordpress\/plugins\/seo\/ -->\n<title>Dienstleistungen - Inorblock\u00ae<\/title>\n<meta name=\"description\" content=\"Wir bieten umfassende Design-, Beratungs- und technische Unterst\u00fctzung in jeder Phase der Investition.Wir sind in der Lage, die verf\u00fcgbaren Technologien im Bereich der bewehrter Erde zu analysieren und die optimalen L\u00f6sungen (technisch und \u00f6konomisch) anzugeben.\" \/>\n<meta name=\"robots\" content=\"index, follow, max-snippet:-1, max-image-preview:large, max-video-preview:-1\" \/>\n<link rel=\"canonical\" href=\"https:\/\/inorblock.com\/de\/dienstleistungen\/\" \/>\n<meta property=\"og:locale\" content=\"de_DE\" \/>\n<meta property=\"og:type\" content=\"article\" \/>\n<meta property=\"og:title\" content=\"Dienstleistungen - Inorblock\u00ae\" \/>\n<meta property=\"og:description\" content=\"Wir bieten umfassende Design-, Beratungs- und technische Unterst\u00fctzung in jeder Phase der Investition.Wir sind in der Lage, die verf\u00fcgbaren Technologien im Bereich der bewehrter Erde zu analysieren und die optimalen L\u00f6sungen (technisch und \u00f6konomisch) anzugeben.\" \/>\n<meta property=\"og:url\" content=\"https:\/\/inorblock.com\/de\/dienstleistungen\/\" \/>\n<meta property=\"og:site_name\" content=\"Inorblock\u00ae\" \/>\n<meta property=\"article:modified_time\" content=\"2019-08-12T14:55:57+00:00\" \/>\n<meta name=\"twitter:card\" content=\"summary_large_image\" \/>\n<meta name=\"twitter:label1\" content=\"Gesch\u00e4tzte Lesezeit\" \/>\n\t<meta name=\"twitter:data1\" content=\"1\u00a0Minute\" \/>\n<script type=\"application\/ld+json\" class=\"yoast-schema-graph\">{\"@context\":\"https:\/\/schema.org\",\"@graph\":[{\"@type\":\"WebPage\",\"@id\":\"https:\/\/inorblock.com\/de\/dienstleistungen\/\",\"url\":\"https:\/\/inorblock.com\/de\/dienstleistungen\/\",\"name\":\"Dienstleistungen - Inorblock\u00ae\",\"isPartOf\":{\"@id\":\"https:\/\/inorblock.com\/de\/#website\"},\"datePublished\":\"2019-07-08T21:33:47+00:00\",\"dateModified\":\"2019-08-12T14:55:57+00:00\",\"description\":\"Wir bieten umfassende Design-, Beratungs- und technische Unterst\u00fctzung in jeder Phase der Investition.Wir sind in der Lage, die verf\u00fcgbaren Technologien im Bereich der bewehrter Erde zu analysieren und die optimalen L\u00f6sungen (technisch und \u00f6konomisch) anzugeben.\",\"breadcrumb\":{\"@id\":\"https:\/\/inorblock.com\/de\/dienstleistungen\/#breadcrumb\"},\"inLanguage\":\"de\",\"potentialAction\":[{\"@type\":\"ReadAction\",\"target\":[\"https:\/\/inorblock.com\/de\/dienstleistungen\/\"]}]},{\"@type\":\"BreadcrumbList\",\"@id\":\"https:\/\/inorblock.com\/de\/dienstleistungen\/#breadcrumb\",\"itemListElement\":[{\"@type\":\"ListItem\",\"position\":1,\"name\":\"Home\",\"item\":\"https:\/\/inorblock.com\/de\/\"},{\"@type\":\"ListItem\",\"position\":2,\"name\":\"Dienstleistungen\"}]},{\"@type\":\"WebSite\",\"@id\":\"https:\/\/inorblock.com\/de\/#website\",\"url\":\"https:\/\/inorblock.com\/de\/\",\"name\":\"Inorblock\u00ae\",\"description\":\"Simple Solid Stable\",\"potentialAction\":[{\"@type\":\"SearchAction\",\"target\":{\"@type\":\"EntryPoint\",\"urlTemplate\":\"https:\/\/inorblock.com\/de\/?s={search_term_string}\"},\"query-input\":{\"@type\":\"PropertyValueSpecification\",\"valueRequired\":true,\"valueName\":\"search_term_string\"}}],\"inLanguage\":\"de\"}]}<\/script>\n<!-- \/ Yoast SEO plugin. -->","yoast_head_json":{"title":"Dienstleistungen - Inorblock\u00ae","description":"Wir bieten umfassende Design-, Beratungs- und technische Unterst\u00fctzung in jeder Phase der Investition.Wir sind in der Lage, die verf\u00fcgbaren Technologien im Bereich der bewehrter Erde zu analysieren und die optimalen L\u00f6sungen (technisch und \u00f6konomisch) anzugeben.","robots":{"index":"index","follow":"follow","max-snippet":"max-snippet:-1","max-image-preview":"max-image-preview:large","max-video-preview":"max-video-preview:-1"},"canonical":"https:\/\/inorblock.com\/de\/dienstleistungen\/","og_locale":"de_DE","og_type":"article","og_title":"Dienstleistungen - Inorblock\u00ae","og_description":"Wir bieten umfassende Design-, Beratungs- und technische Unterst\u00fctzung in jeder Phase der Investition.Wir sind in der Lage, die verf\u00fcgbaren Technologien im Bereich der bewehrter Erde zu analysieren und die optimalen L\u00f6sungen (technisch und \u00f6konomisch) anzugeben.","og_url":"https:\/\/inorblock.com\/de\/dienstleistungen\/","og_site_name":"Inorblock\u00ae","article_modified_time":"2019-08-12T14:55:57+00:00","twitter_card":"summary_large_image","twitter_misc":{"Gesch\u00e4tzte Lesezeit":"1\u00a0Minute"},"schema":{"@context":"https:\/\/schema.org","@graph":[{"@type":"WebPage","@id":"https:\/\/inorblock.com\/de\/dienstleistungen\/","url":"https:\/\/inorblock.com\/de\/dienstleistungen\/","name":"Dienstleistungen - Inorblock\u00ae","isPartOf":{"@id":"https:\/\/inorblock.com\/de\/#website"},"datePublished":"2019-07-08T21:33:47+00:00","dateModified":"2019-08-12T14:55:57+00:00","description":"Wir bieten umfassende Design-, Beratungs- und technische Unterst\u00fctzung in jeder Phase der Investition.Wir sind in der Lage, die verf\u00fcgbaren Technologien im Bereich der bewehrter Erde zu analysieren und die optimalen L\u00f6sungen (technisch und \u00f6konomisch) anzugeben.","breadcrumb":{"@id":"https:\/\/inorblock.com\/de\/dienstleistungen\/#breadcrumb"},"inLanguage":"de","potentialAction":[{"@type":"ReadAction","target":["https:\/\/inorblock.com\/de\/dienstleistungen\/"]}]},{"@type":"BreadcrumbList","@id":"https:\/\/inorblock.com\/de\/dienstleistungen\/#breadcrumb","itemListElement":[{"@type":"ListItem","position":1,"name":"Home","item":"https:\/\/inorblock.com\/de\/"},{"@type":"ListItem","position":2,"name":"Dienstleistungen"}]},{"@type":"WebSite","@id":"https:\/\/inorblock.com\/de\/#website","url":"https:\/\/inorblock.com\/de\/","name":"Inorblock\u00ae","description":"Simple Solid Stable","potentialAction":[{"@type":"SearchAction","target":{"@type":"EntryPoint","urlTemplate":"https:\/\/inorblock.com\/de\/?s={search_term_string}"},"query-input":{"@type":"PropertyValueSpecification","valueRequired":true,"valueName":"search_term_string"}}],"inLanguage":"de"}]}},"_links":{"self":[{"href":"https:\/\/inorblock.com\/de\/wp-json\/wp\/v2\/pages\/1663","targetHints":{"allow":["GET"]}}],"collection":[{"href":"https:\/\/inorblock.com\/de\/wp-json\/wp\/v2\/pages"}],"about":[{"href":"https:\/\/inorblock.com\/de\/wp-json\/wp\/v2\/types\/page"}],"author":[{"embeddable":true,"href":"https:\/\/inorblock.com\/de\/wp-json\/wp\/v2\/users\/1"}],"replies":[{"embeddable":true,"href":"https:\/\/inorblock.com\/de\/wp-json\/wp\/v2\/comments?post=1663"}],"version-history":[{"count":5,"href":"https:\/\/inorblock.com\/de\/wp-json\/wp\/v2\/pages\/1663\/revisions"}],"predecessor-version":[{"id":2482,"href":"https:\/\/inorblock.com\/de\/wp-json\/wp\/v2\/pages\/1663\/revisions\/2482"}],"wp:attachment":[{"href":"https:\/\/inorblock.com\/de\/wp-json\/wp\/v2\/media?parent=1663"}],"curies":[{"name":"wp","href":"https:\/\/api.w.org\/{rel}","templated":true}]}}