{"id":7734,"date":"2025-01-17T14:32:56","date_gmt":"2025-01-17T12:32:56","guid":{"rendered":"https:\/\/inorblock.com\/?page_id=7734"},"modified":"2025-01-17T14:32:57","modified_gmt":"2025-01-17T12:32:57","slug":"tugevdatud-muldkeha","status":"publish","type":"page","link":"https:\/\/inorblock.com\/et\/tugevdatud-muldkeha\/","title":{"rendered":"Tugevdatud muldkeha"},"content":{"rendered":"<section class=\"l-section wpb_row height_small\"><div class=\"l-section-h i-cf\"><div class=\"g-cols vc_row via_flex valign_top type_default stacking_default\"><div class=\"vc_col-sm-12 wpb_column vc_column_container\"><div class=\"vc_column-inner\"><div class=\"wpb_wrapper\"><div class=\"wpb_text_column\"><div class=\"wpb_wrapper\"><h2>Geos\u00fcnteetiliste materjalidega tugevdatud maa<\/h2>\n<p>Geos\u00fcnteetilised materjalid muldkehade tugevdamiseks v\u00f5imaldavad moodustada j\u00e4rskude n\u00f5lvade (kuni 70\u00b0 kalle) v\u00f5i tugim\u00fc\u00fcride (kalle 70\u00b0 kuni 90\u00b0) rajamist. K\u00f5rgetele muldkehadele, millel puuduvad n\u00f5uetekohaselt projekteeritud pinnasega tugevdatud konstruktsioonid, on konstruktsiooni piisava stabiilsuse s\u00e4ilitamiseks iseloomulik v\u00e4ike n\u00f5lvade kalle. Samal ajal on see seotud suurenenud pinnaset\u00f6\u00f6de ja puistematerjalidega. Sageli tekitab see ka t\u00e4iendavaid rahalisi kulutusi, mis on seotud investeeringuks t\u00e4iendava maa ostmisega.<\/p>\n<p>T\u00e4nu geos\u00fcnteetilise tugevduse kasutamisele on v\u00f5imalik oluliselt v\u00e4hendada mullat\u00f6\u00f6de teostamisega seotud rahalisi kulutusi.<\/p>\n<\/div><\/div><\/div><\/div><\/div><\/div><\/div><\/section><section class=\"l-section wpb_row height_small\"><div class=\"l-section-h i-cf\"><div class=\"g-cols vc_row via_flex valign_top type_default stacking_default\"><div class=\"vc_col-sm-12 wpb_column vc_column_container\"><div class=\"vc_column-inner\"><div class=\"wpb_wrapper\"><div class=\"w-grid type_carousel layout_gallery_default open_items_in_popup items_2\" id=\"us_grid_1\" style=\"--items:2;--gap:30px;\"><style>.layout_gallery_default .w-grid-item-h{}<\/style><div class=\"w-grid-list owl-carousel valign_middle dotstyle_circle navstyle_circle navpos_outside owl-responsive-2000 with_arrows\" style=\"--transition-duration:350ms;--arrows-size:1.5rem;\">\t<article class=\"w-grid-item post-7738 attachment type-attachment status-inherit hentry\" data-id=\"7738\">\r\n\t\t<div class=\"w-grid-item-h\">\r\n\t\t\t\t\t\t<div class=\"w-post-elm post_image usg_post_image_1 stretched\"><img loading=\"lazy\" decoding=\"async\" width=\"600\" height=\"400\" src=\"https:\/\/inorblock.com\/wp-content\/uploads\/2019\/07\/grunt-zbrojny03-600x400.jpg\" class=\"attachment-us_600_400_crop size-us_600_400_crop\" alt=\"\" \/><\/div>\t\t<\/div>\r\n\t\t\t<\/article>\r\n<\/div>\t<div class=\"g-preloader type_5\">\r\n\t\t<div><\/div>\r\n\t<\/div>\r\n\t\t<div class=\"w-grid-json hidden\" onclick='return {&quot;action&quot;:&quot;us_ajax_grid&quot;,&quot;infinite_scroll&quot;:0,&quot;max_num_pages&quot;:1,&quot;pagination&quot;:&quot;none&quot;,&quot;template_vars&quot;:{&quot;columns&quot;:&quot;&quot;,&quot;exclude_items&quot;:&quot;none&quot;,&quot;img_size&quot;:&quot;us_600_400_crop&quot;,&quot;ignore_items_size&quot;:0,&quot;items_layout&quot;:&quot;gallery_default&quot;,&quot;items_offset&quot;:&quot;0px&quot;,&quot;load_animation&quot;:&quot;none&quot;,&quot;overriding_link&quot;:&quot;popup_post_image&quot;,&quot;post_id&quot;:0,&quot;query_args&quot;:{&quot;post_type&quot;:[&quot;attachment&quot;],&quot;post__in&quot;:[&quot;113&quot;,&quot;111&quot;,&quot;112&quot;],&quot;post_status&quot;:&quot;inherit&quot;,&quot;post_mime_type&quot;:&quot;image&quot;,&quot;posts_per_page&quot;:&quot;10&quot;},&quot;orderby_query_args&quot;:{&quot;orderby&quot;:{&quot;post__in&quot;:&quot;ASC&quot;},&quot;order&quot;:&quot;ASC&quot;},&quot;type&quot;:&quot;carousel&quot;,&quot;us_grid_post_type&quot;:&quot;attachment&quot;,&quot;us_grid_ajax_index&quot;:1,&quot;us_grid_filter_query_string&quot;:null,&quot;us_grid_index&quot;:1,&quot;page_args&quot;:[],&quot;lang&quot;:&quot;et&quot;},&quot;carousel_settings&quot;:{&quot;aria_labels&quot;:{&quot;prev&quot;:&quot;Eelmine&quot;,&quot;next&quot;:&quot;J\\u00e4rgmised&quot;},&quot;autoplayContinual&quot;:false,&quot;autoplayHoverPause&quot;:false,&quot;autoplayTimeout&quot;:3000,&quot;autoWidth&quot;:false,&quot;smartSpeed&quot;:350,&quot;margin&quot;:0,&quot;mouseDrag&quot;:true,&quot;rtl&quot;:false,&quot;slideBy&quot;:&quot;1&quot;,&quot;touchDrag&quot;:true,&quot;slideTransition&quot;:&quot;&quot;,&quot;responsive&quot;:{&quot;0&quot;:{&quot;autoHeight&quot;:false,&quot;autoplay&quot;:false,&quot;autoWidth&quot;:false,&quot;center&quot;:false,&quot;dots&quot;:false,&quot;items&quot;:1,&quot;loop&quot;:false,&quot;nav&quot;:false,&quot;stagePadding&quot;:0,&quot;slideBy&quot;:&quot;1&quot;},&quot;601&quot;:{&quot;items&quot;:2,&quot;autoplay&quot;:true,&quot;center&quot;:false,&quot;dots&quot;:false,&quot;nav&quot;:true,&quot;autoHeight&quot;:false,&quot;autoWidth&quot;:false,&quot;loop&quot;:false,&quot;stagePadding&quot;:0}}}}'><\/div>\r\n\t<div class=\"l-popup\">\r\n\t<div class=\"l-popup-overlay\"><\/div>\r\n\t<div class=\"l-popup-wrap\">\r\n\t\t<div class=\"l-popup-box\">\r\n\t\t\t<div class=\"l-popup-box-content\">\r\n\t\t\t\t<div class=\"g-preloader type_5\">\r\n\t\t\t\t\t<div><\/div>\r\n\t\t\t\t<\/div>\r\n\t\t\t\t<iframe class=\"l-popup-box-content-frame\" allowfullscreen><\/iframe>\r\n\t\t\t<\/div>\r\n\t\t<\/div>\r\n\t\t\t\t\t<div class=\"l-popup-arrow to_next hidden\" title=\"J\u00e4rgmised\"><\/div>\r\n\t\t\t<div class=\"l-popup-arrow to_prev hidden\" title=\"Eelmine\"><\/div>\r\n\t\t\t\t<div class=\"l-popup-closer\"><\/div>\r\n\t<\/div>\r\n<\/div>\r\n<\/div><\/div><\/div><\/div><\/div><\/div><\/section><section class=\"l-section wpb_row height_small\"><div class=\"l-section-h i-cf\"><div class=\"g-cols vc_row via_flex valign_top type_default stacking_default\"><div class=\"vc_col-sm-12 wpb_column vc_column_container\"><div class=\"vc_column-inner\"><div class=\"wpb_wrapper\"><div class=\"wpb_text_column\"><div class=\"wpb_wrapper\"><h2>Peamised eelised:<\/h2>\n<ul>\n<li>tugevdusmaterjalide vastupidavus on kohandatud vastavalt muldkehade<br \/>\nkasutusajale,<\/li>\n<li>j\u00e4rsu kaldega n\u00f5lvade ehitamise v\u00f5imalus,<\/li>\n<li>vertikaalsete muldkehade ehitamise v\u00f5imalus,<\/li>\n<li>mullat\u00f6\u00f6de ja t\u00e4iendavate maamasside hankimisega seotud kulude piiramine,<\/li>\n<li>investeeringu elluviimiseks vajaliku maa-ala piiramine,<\/li>\n<li>ohutu, kiire ja lihtne ehitus.<\/li>\n<\/ul>\n<\/div><\/div><\/div><\/div><\/div><\/div><\/div><\/section>\n","protected":false},"excerpt":{"rendered":"","protected":false},"author":2,"featured_media":7738,"parent":0,"menu_order":3,"comment_status":"closed","ping_status":"closed","template":"","meta":{"footnotes":"","_links_to":"","_links_to_target":""},"class_list":["post-7734","page","type-page","status-publish","has-post-thumbnail","hentry"],"yoast_head":"<!-- This site is optimized with the Yoast SEO plugin v24.5 - https:\/\/yoast.com\/wordpress\/plugins\/seo\/ -->\n<title>Tugevdatud muldkeha - Inorblock\u00ae<\/title>\n<meta name=\"robots\" content=\"index, follow, max-snippet:-1, max-image-preview:large, max-video-preview:-1\" \/>\n<link rel=\"canonical\" href=\"https:\/\/inorblock.com\/et\/tugevdatud-muldkeha\/\" \/>\n<meta property=\"og:locale\" content=\"et_EE\" \/>\n<meta property=\"og:type\" content=\"article\" \/>\n<meta property=\"og:title\" content=\"Tugevdatud muldkeha - Inorblock\u00ae\" \/>\n<meta property=\"og:url\" content=\"https:\/\/inorblock.com\/et\/tugevdatud-muldkeha\/\" \/>\n<meta property=\"og:site_name\" content=\"Inorblock\u00ae\" \/>\n<meta property=\"article:modified_time\" content=\"2025-01-17T12:32:57+00:00\" \/>\n<meta property=\"og:image\" content=\"https:\/\/inorblock.com\/wp-content\/uploads\/2019\/07\/grunt-zbrojny03.jpg\" \/>\n\t<meta property=\"og:image:width\" content=\"920\" \/>\n\t<meta property=\"og:image:height\" content=\"574\" \/>\n\t<meta property=\"og:image:type\" content=\"image\/jpeg\" \/>\n<meta name=\"twitter:card\" content=\"summary_large_image\" \/>\n<meta name=\"twitter:label1\" content=\"Est. reading time\" \/>\n\t<meta name=\"twitter:data1\" content=\"1 minut\" \/>\n<script type=\"application\/ld+json\" class=\"yoast-schema-graph\">{\"@context\":\"https:\/\/schema.org\",\"@graph\":[{\"@type\":\"WebPage\",\"@id\":\"https:\/\/inorblock.com\/et\/tugevdatud-muldkeha\/\",\"url\":\"https:\/\/inorblock.com\/et\/tugevdatud-muldkeha\/\",\"name\":\"Tugevdatud muldkeha - Inorblock\u00ae\",\"isPartOf\":{\"@id\":\"https:\/\/inorblock.com\/et\/#website\"},\"primaryImageOfPage\":{\"@id\":\"https:\/\/inorblock.com\/et\/tugevdatud-muldkeha\/#primaryimage\"},\"image\":{\"@id\":\"https:\/\/inorblock.com\/et\/tugevdatud-muldkeha\/#primaryimage\"},\"thumbnailUrl\":\"https:\/\/inorblock.com\/wp-content\/uploads\/2019\/07\/grunt-zbrojny03.jpg\",\"datePublished\":\"2025-01-17T12:32:56+00:00\",\"dateModified\":\"2025-01-17T12:32:57+00:00\",\"breadcrumb\":{\"@id\":\"https:\/\/inorblock.com\/et\/tugevdatud-muldkeha\/#breadcrumb\"},\"inLanguage\":\"et\",\"potentialAction\":[{\"@type\":\"ReadAction\",\"target\":[\"https:\/\/inorblock.com\/et\/tugevdatud-muldkeha\/\"]}]},{\"@type\":\"ImageObject\",\"inLanguage\":\"et\",\"@id\":\"https:\/\/inorblock.com\/et\/tugevdatud-muldkeha\/#primaryimage\",\"url\":\"https:\/\/inorblock.com\/wp-content\/uploads\/2019\/07\/grunt-zbrojny03.jpg\",\"contentUrl\":\"https:\/\/inorblock.com\/wp-content\/uploads\/2019\/07\/grunt-zbrojny03.jpg\",\"width\":920,\"height\":574},{\"@type\":\"BreadcrumbList\",\"@id\":\"https:\/\/inorblock.com\/et\/tugevdatud-muldkeha\/#breadcrumb\",\"itemListElement\":[{\"@type\":\"ListItem\",\"position\":1,\"name\":\"Home\",\"item\":\"https:\/\/inorblock.com\/et\/\"},{\"@type\":\"ListItem\",\"position\":2,\"name\":\"Tugevdatud muldkeha\"}]},{\"@type\":\"WebSite\",\"@id\":\"https:\/\/inorblock.com\/et\/#website\",\"url\":\"https:\/\/inorblock.com\/et\/\",\"name\":\"Inorblock\u00ae\",\"description\":\"Simple Solid Stable\",\"potentialAction\":[{\"@type\":\"SearchAction\",\"target\":{\"@type\":\"EntryPoint\",\"urlTemplate\":\"https:\/\/inorblock.com\/et\/?s={search_term_string}\"},\"query-input\":{\"@type\":\"PropertyValueSpecification\",\"valueRequired\":true,\"valueName\":\"search_term_string\"}}],\"inLanguage\":\"et\"}]}<\/script>\n<!-- \/ Yoast SEO plugin. -->","yoast_head_json":{"title":"Tugevdatud muldkeha - Inorblock\u00ae","robots":{"index":"index","follow":"follow","max-snippet":"max-snippet:-1","max-image-preview":"max-image-preview:large","max-video-preview":"max-video-preview:-1"},"canonical":"https:\/\/inorblock.com\/et\/tugevdatud-muldkeha\/","og_locale":"et_EE","og_type":"article","og_title":"Tugevdatud muldkeha - Inorblock\u00ae","og_url":"https:\/\/inorblock.com\/et\/tugevdatud-muldkeha\/","og_site_name":"Inorblock\u00ae","article_modified_time":"2025-01-17T12:32:57+00:00","og_image":[{"width":920,"height":574,"url":"https:\/\/inorblock.com\/wp-content\/uploads\/2019\/07\/grunt-zbrojny03.jpg","type":"image\/jpeg"}],"twitter_card":"summary_large_image","twitter_misc":{"Est. reading time":"1 minut"},"schema":{"@context":"https:\/\/schema.org","@graph":[{"@type":"WebPage","@id":"https:\/\/inorblock.com\/et\/tugevdatud-muldkeha\/","url":"https:\/\/inorblock.com\/et\/tugevdatud-muldkeha\/","name":"Tugevdatud muldkeha - Inorblock\u00ae","isPartOf":{"@id":"https:\/\/inorblock.com\/et\/#website"},"primaryImageOfPage":{"@id":"https:\/\/inorblock.com\/et\/tugevdatud-muldkeha\/#primaryimage"},"image":{"@id":"https:\/\/inorblock.com\/et\/tugevdatud-muldkeha\/#primaryimage"},"thumbnailUrl":"https:\/\/inorblock.com\/wp-content\/uploads\/2019\/07\/grunt-zbrojny03.jpg","datePublished":"2025-01-17T12:32:56+00:00","dateModified":"2025-01-17T12:32:57+00:00","breadcrumb":{"@id":"https:\/\/inorblock.com\/et\/tugevdatud-muldkeha\/#breadcrumb"},"inLanguage":"et","potentialAction":[{"@type":"ReadAction","target":["https:\/\/inorblock.com\/et\/tugevdatud-muldkeha\/"]}]},{"@type":"ImageObject","inLanguage":"et","@id":"https:\/\/inorblock.com\/et\/tugevdatud-muldkeha\/#primaryimage","url":"https:\/\/inorblock.com\/wp-content\/uploads\/2019\/07\/grunt-zbrojny03.jpg","contentUrl":"https:\/\/inorblock.com\/wp-content\/uploads\/2019\/07\/grunt-zbrojny03.jpg","width":920,"height":574},{"@type":"BreadcrumbList","@id":"https:\/\/inorblock.com\/et\/tugevdatud-muldkeha\/#breadcrumb","itemListElement":[{"@type":"ListItem","position":1,"name":"Home","item":"https:\/\/inorblock.com\/et\/"},{"@type":"ListItem","position":2,"name":"Tugevdatud muldkeha"}]},{"@type":"WebSite","@id":"https:\/\/inorblock.com\/et\/#website","url":"https:\/\/inorblock.com\/et\/","name":"Inorblock\u00ae","description":"Simple Solid Stable","potentialAction":[{"@type":"SearchAction","target":{"@type":"EntryPoint","urlTemplate":"https:\/\/inorblock.com\/et\/?s={search_term_string}"},"query-input":{"@type":"PropertyValueSpecification","valueRequired":true,"valueName":"search_term_string"}}],"inLanguage":"et"}]}},"_links":{"self":[{"href":"https:\/\/inorblock.com\/et\/wp-json\/wp\/v2\/pages\/7734","targetHints":{"allow":["GET"]}}],"collection":[{"href":"https:\/\/inorblock.com\/et\/wp-json\/wp\/v2\/pages"}],"about":[{"href":"https:\/\/inorblock.com\/et\/wp-json\/wp\/v2\/types\/page"}],"author":[{"embeddable":true,"href":"https:\/\/inorblock.com\/et\/wp-json\/wp\/v2\/users\/2"}],"replies":[{"embeddable":true,"href":"https:\/\/inorblock.com\/et\/wp-json\/wp\/v2\/comments?post=7734"}],"version-history":[{"count":1,"href":"https:\/\/inorblock.com\/et\/wp-json\/wp\/v2\/pages\/7734\/revisions"}],"predecessor-version":[{"id":7739,"href":"https:\/\/inorblock.com\/et\/wp-json\/wp\/v2\/pages\/7734\/revisions\/7739"}],"wp:featuredmedia":[{"embeddable":true,"href":"https:\/\/inorblock.com\/et\/wp-json\/wp\/v2\/media\/7738"}],"wp:attachment":[{"href":"https:\/\/inorblock.com\/et\/wp-json\/wp\/v2\/media?parent=7734"}],"curies":[{"name":"wp","href":"https:\/\/api.w.org\/{rel}","templated":true}]}}