{"id":7765,"date":"2025-01-17T16:15:08","date_gmt":"2025-01-17T14:15:08","guid":{"rendered":"https:\/\/inorblock.com\/?page_id=7765"},"modified":"2025-01-17T16:15:09","modified_gmt":"2025-01-17T14:15:09","slug":"ehituse-reljeef","status":"publish","type":"page","link":"https:\/\/inorblock.com\/et\/tugevdatud-muldkeha\/ehituse-reljeef\/","title":{"rendered":"Ehituse reljeef"},"content":{"rendered":"<section class=\"l-section wpb_row height_small\"><div class=\"l-section-h i-cf\"><div class=\"g-cols vc_row via_flex valign_top type_default stacking_default\"><div class=\"vc_col-sm-12 wpb_column vc_column_container\"><div class=\"vc_column-inner\"><div class=\"wpb_wrapper\"><div class=\"wpb_text_column\"><div class=\"wpb_wrapper\"><h2>Ehituse reljeef<\/h2>\n<p>Ehituse reljeef, eelk\u00f5ige silla tugipunktide puhul, toimub geos\u00fcnteetilise materjaliga tugevdatud pinnase vormimise teel objekti monoliitkonstruktsiooni taga. Reljeefi v\u00f5ib kasutada nii vastvalminud kui ka juba olemasolevate silla tugipostide taga- ja tiibseintel.<\/p>\n<\/div><\/div><\/div><\/div><\/div><\/div><\/div><\/section><section class=\"l-section wpb_row height_small\"><div class=\"l-section-h i-cf\"><div class=\"g-cols vc_row via_flex valign_top type_default stacking_default\"><div class=\"vc_col-sm-12 wpb_column vc_column_container\"><div class=\"vc_column-inner\"><div class=\"wpb_wrapper\"><div class=\"w-image align_none\"><a ref=\"magnificPopup\" href=\"https:\/\/inorblock.com\/wp-content\/uploads\/2019\/07\/odciazenie-01.jpg\" aria-label=\"odciazenie 01\" class=\"w-image-h\"><img decoding=\"async\" width=\"1200\" height=\"675\" src=\"https:\/\/inorblock.com\/wp-content\/uploads\/2019\/07\/odciazenie-01.jpg\" class=\"attachment-full size-full\" alt=\"\" loading=\"lazy\" srcset=\"https:\/\/inorblock.com\/wp-content\/uploads\/2019\/07\/odciazenie-01.jpg 1200w, https:\/\/inorblock.com\/wp-content\/uploads\/2019\/07\/odciazenie-01-300x169.jpg 300w, https:\/\/inorblock.com\/wp-content\/uploads\/2019\/07\/odciazenie-01-1024x576.jpg 1024w\" sizes=\"auto, (max-width: 1200px) 100vw, 1200px\" \/><\/a><\/div><\/div><\/div><\/div><\/div><\/div><\/section><section class=\"l-section wpb_row height_small\"><div class=\"l-section-h i-cf\"><div class=\"g-cols vc_row via_flex valign_top type_default stacking_default\"><div class=\"vc_col-sm-12 wpb_column vc_column_container\"><div class=\"vc_column-inner\"><div class=\"wpb_wrapper\"><div class=\"wpb_text_column\"><div class=\"wpb_wrapper\"><p>Peale tugevdatud pinnasest ploki ehitamist saame t\u00fchja ruumi ploki ja tugiposti monoliitse seina vahel. See v\u00e4hendab aluspinnase r\u00f5hku seinale &#8220;0&#8221; (null). Traditsioonilistes tugipostides monoliitkonstruktsioonile m\u00f5juvat horisontaalse j\u00f5u v\u00f5tavad \u00fcle tugevdatud muldkeha moodustavad geos\u00fcnteetilised materjalid.<\/p>\n<\/div><\/div><\/div><\/div><\/div><\/div><\/div><\/section><section class=\"l-section wpb_row height_small\"><div class=\"l-section-h i-cf\"><div class=\"g-cols vc_row via_flex valign_top type_default stacking_default\"><div class=\"vc_col-sm-12 wpb_column vc_column_container\"><div class=\"vc_column-inner\"><div class=\"wpb_wrapper\"><div class=\"w-image align_center\"><a ref=\"magnificPopup\" href=\"https:\/\/inorblock.com\/wp-content\/uploads\/2019\/07\/plaxis-deformacje-bloku-z-gruntu-zbrojonego-.jpg\" aria-label=\"plaxis - deformacje bloku z gruntu zbrojonego\" class=\"w-image-h\"><img decoding=\"async\" width=\"848\" height=\"554\" src=\"https:\/\/inorblock.com\/wp-content\/uploads\/2019\/07\/plaxis-deformacje-bloku-z-gruntu-zbrojonego-.jpg\" class=\"attachment-full size-full\" alt=\"\" loading=\"lazy\" srcset=\"https:\/\/inorblock.com\/wp-content\/uploads\/2019\/07\/plaxis-deformacje-bloku-z-gruntu-zbrojonego-.jpg 848w, https:\/\/inorblock.com\/wp-content\/uploads\/2019\/07\/plaxis-deformacje-bloku-z-gruntu-zbrojonego--300x196.jpg 300w\" sizes=\"auto, (max-width: 848px) 100vw, 848px\" \/><\/a><\/div><\/div><\/div><\/div><\/div><\/div><\/section><section class=\"l-section wpb_row height_small\"><div class=\"l-section-h i-cf\"><div class=\"g-cols vc_row via_flex valign_top type_default stacking_default\"><div class=\"vc_col-sm-12 wpb_column vc_column_container\"><div class=\"vc_column-inner\"><div class=\"wpb_wrapper\"><div class=\"wpb_text_column\"><div class=\"wpb_wrapper\"><p>Lisaks v\u00e4henevad monoliitkonstruktsioonide (seinad, tiivad) m\u00f5\u00f5tmed, mis on tingitud ristl\u00f5ikepiiride j\u00f5udude v\u00e4henemisest, aga ka tugipostide vahepealsetele vundamentidele avalduvast m\u00f5just. Selle tulemuseks on v\u00f5imalus optimeerida vahevundamenti (nt vaiade arvu ja\/v\u00f5i diameetri v\u00e4hendamine), andes suhteliselt suure kokkuhoidu v\u00f5rreldes tavap\u00e4raste ehitustehnoloogiatega.<\/p>\n<\/div><\/div><\/div><\/div><\/div><\/div><\/div><\/section><section class=\"l-section wpb_row height_small\"><div class=\"l-section-h i-cf\"><div class=\"g-cols vc_row via_flex valign_top type_default stacking_default\"><div class=\"vc_col-sm-12 wpb_column vc_column_container\"><div class=\"vc_column-inner\"><div class=\"wpb_wrapper\"><div class=\"w-grid type_carousel layout_gallery_default hidden open_items_in_popup items_2\" id=\"us_grid_1\" style=\"--items:2;--gap:30px;\"><style>.layout_gallery_default .w-grid-item-h{}<\/style><div class=\"w-grid-list owl-carousel valign_stretch dotstyle_circle navstyle_circle navpos_outside owl-responsive-2000 with_arrows\" style=\"--transition-duration:350ms;--arrows-size:1.5rem;\"><\/div>\t<div class=\"g-preloader type_5\">\r\n\t\t<div><\/div>\r\n\t<\/div>\r\n\t\t<div class=\"w-grid-json hidden\" onclick='return {&quot;action&quot;:&quot;us_ajax_grid&quot;,&quot;infinite_scroll&quot;:0,&quot;max_num_pages&quot;:0,&quot;pagination&quot;:&quot;none&quot;,&quot;template_vars&quot;:{&quot;columns&quot;:&quot;&quot;,&quot;exclude_items&quot;:&quot;none&quot;,&quot;img_size&quot;:&quot;us_600_400_crop&quot;,&quot;ignore_items_size&quot;:0,&quot;items_layout&quot;:&quot;gallery_default&quot;,&quot;items_offset&quot;:&quot;0px&quot;,&quot;load_animation&quot;:&quot;none&quot;,&quot;overriding_link&quot;:&quot;popup_post_image&quot;,&quot;post_id&quot;:0,&quot;query_args&quot;:{&quot;post_type&quot;:[&quot;attachment&quot;],&quot;post__in&quot;:[&quot;174&quot;,&quot;173&quot;,&quot;175&quot;],&quot;post_status&quot;:&quot;inherit&quot;,&quot;post_mime_type&quot;:&quot;image&quot;,&quot;posts_per_page&quot;:&quot;10&quot;},&quot;orderby_query_args&quot;:{&quot;orderby&quot;:{&quot;post__in&quot;:&quot;ASC&quot;},&quot;order&quot;:&quot;ASC&quot;},&quot;type&quot;:&quot;carousel&quot;,&quot;us_grid_post_type&quot;:&quot;attachment&quot;,&quot;us_grid_ajax_index&quot;:1,&quot;us_grid_filter_query_string&quot;:null,&quot;us_grid_index&quot;:1,&quot;page_args&quot;:[],&quot;lang&quot;:&quot;et&quot;},&quot;carousel_settings&quot;:{&quot;aria_labels&quot;:{&quot;prev&quot;:&quot;Eelmine&quot;,&quot;next&quot;:&quot;J\\u00e4rgmised&quot;},&quot;autoplayContinual&quot;:false,&quot;autoplayHoverPause&quot;:false,&quot;autoplayTimeout&quot;:3000,&quot;autoWidth&quot;:false,&quot;smartSpeed&quot;:350,&quot;margin&quot;:0,&quot;mouseDrag&quot;:true,&quot;rtl&quot;:false,&quot;slideBy&quot;:&quot;1&quot;,&quot;touchDrag&quot;:true,&quot;slideTransition&quot;:&quot;&quot;,&quot;responsive&quot;:{&quot;0&quot;:{&quot;autoHeight&quot;:false,&quot;autoplay&quot;:false,&quot;autoWidth&quot;:false,&quot;center&quot;:false,&quot;dots&quot;:false,&quot;items&quot;:1,&quot;loop&quot;:false,&quot;nav&quot;:false,&quot;stagePadding&quot;:0,&quot;slideBy&quot;:&quot;1&quot;},&quot;601&quot;:{&quot;items&quot;:2,&quot;autoplay&quot;:true,&quot;center&quot;:false,&quot;dots&quot;:false,&quot;nav&quot;:true,&quot;autoHeight&quot;:false,&quot;autoWidth&quot;:false,&quot;loop&quot;:false,&quot;stagePadding&quot;:0}}}}'><\/div>\r\n\t<div class=\"l-popup\">\r\n\t<div class=\"l-popup-overlay\"><\/div>\r\n\t<div class=\"l-popup-wrap\">\r\n\t\t<div class=\"l-popup-box\">\r\n\t\t\t<div class=\"l-popup-box-content\">\r\n\t\t\t\t<div class=\"g-preloader type_5\">\r\n\t\t\t\t\t<div><\/div>\r\n\t\t\t\t<\/div>\r\n\t\t\t\t<iframe class=\"l-popup-box-content-frame\" allowfullscreen><\/iframe>\r\n\t\t\t<\/div>\r\n\t\t<\/div>\r\n\t\t\t\t\t<div class=\"l-popup-arrow to_next hidden\" title=\"J\u00e4rgmised\"><\/div>\r\n\t\t\t<div class=\"l-popup-arrow to_prev hidden\" title=\"Eelmine\"><\/div>\r\n\t\t\t\t<div class=\"l-popup-closer\"><\/div>\r\n\t<\/div>\r\n<\/div>\r\n<\/div><div class=\"w-grid-none type_message\">Tulemusi pole.<\/div><\/div><\/div><\/div><\/div><\/div><\/section><section class=\"l-section wpb_row height_small\"><div class=\"l-section-h i-cf\"><div class=\"g-cols vc_row via_flex valign_top type_default stacking_default\"><div class=\"vc_col-sm-12 wpb_column vc_column_container\"><div class=\"vc_column-inner\"><div class=\"wpb_wrapper\"><div class=\"wpb_text_column\"><div class=\"wpb_wrapper\"><h2>Peamised eelised:<\/h2>\n<ul>\n<li>geos\u00fcnteetilise materjal v\u00f5tab maapinna surve t\u00e4ielikult \u00fcle, moodustades muldkeha tugevdatud ploki,<\/li>\n<li>komponentide vastupidavus &#8211; v\u00e4hemalt 120 aastat kasutusiga (tehniliste objektide n\u00f5uetele<br \/>\nkohandatud vastupidavus),<\/li>\n<li>tehniliste konstruktsioonide ehituskulude v\u00e4hendamine monoliitelementide m\u00f5\u00f5tmete v\u00e4hendamise teel, mille tulemuseks on horisontaalj\u00f5u puudumine,<\/li>\n<li>olemasolevate objektide reljeefi v\u00f5imalus, nt. h\u00e4daolukorras,<\/li>\n<li>vahepealse vundamendi optimeerimine,<\/li>\n<li>lihtne ja kiire ehitus.<\/li>\n<\/ul>\n<\/div><\/div><\/div><\/div><\/div><\/div><\/div><\/section>\n","protected":false},"excerpt":{"rendered":"Ehituse reljeef Ehituse reljeef, eelk\u00f5ige silla tugipunktide puhul, toimub geos\u00fcnteetilise materjaliga tugevdatud pinnase vormimise teel objekti monoliitkonstruktsiooni taga. Reljeefi v\u00f5ib kasutada nii vastvalminud kui ka juba olemasolevate silla tugipostide taga- ja tiibseintel. Peale tugevdatud pinnasest ploki ehitamist saame t\u00fchja ruumi ploki ja tugiposti monoliitse seina vahel. See v\u00e4hendab aluspinnase r\u00f5hku seinale &#8220;0&#8221; (null). Traditsioonilistes tugipostides...","protected":false},"author":2,"featured_media":0,"parent":7734,"menu_order":3,"comment_status":"closed","ping_status":"closed","template":"","meta":{"footnotes":"","_links_to":"","_links_to_target":""},"class_list":["post-7765","page","type-page","status-publish","hentry"],"yoast_head":"<!-- This site is optimized with the Yoast SEO plugin v24.5 - https:\/\/yoast.com\/wordpress\/plugins\/seo\/ -->\n<title>Ehituse reljeef - Inorblock\u00ae<\/title>\n<meta name=\"robots\" content=\"index, follow, max-snippet:-1, max-image-preview:large, max-video-preview:-1\" \/>\n<link rel=\"canonical\" href=\"https:\/\/inorblock.com\/et\/tugevdatud-muldkeha\/ehituse-reljeef\/\" \/>\n<meta property=\"og:locale\" content=\"et_EE\" \/>\n<meta property=\"og:type\" content=\"article\" \/>\n<meta property=\"og:title\" content=\"Ehituse reljeef - Inorblock\u00ae\" \/>\n<meta property=\"og:url\" content=\"https:\/\/inorblock.com\/et\/tugevdatud-muldkeha\/ehituse-reljeef\/\" \/>\n<meta property=\"og:site_name\" content=\"Inorblock\u00ae\" \/>\n<meta property=\"article:modified_time\" content=\"2025-01-17T14:15:09+00:00\" \/>\n<meta name=\"twitter:card\" content=\"summary_large_image\" \/>\n<meta name=\"twitter:label1\" content=\"Est. reading time\" \/>\n\t<meta name=\"twitter:data1\" content=\"2 minutit\" \/>\n<script type=\"application\/ld+json\" class=\"yoast-schema-graph\">{\"@context\":\"https:\/\/schema.org\",\"@graph\":[{\"@type\":\"WebPage\",\"@id\":\"https:\/\/inorblock.com\/et\/tugevdatud-muldkeha\/ehituse-reljeef\/\",\"url\":\"https:\/\/inorblock.com\/et\/tugevdatud-muldkeha\/ehituse-reljeef\/\",\"name\":\"Ehituse reljeef - Inorblock\u00ae\",\"isPartOf\":{\"@id\":\"https:\/\/inorblock.com\/et\/#website\"},\"datePublished\":\"2025-01-17T14:15:08+00:00\",\"dateModified\":\"2025-01-17T14:15:09+00:00\",\"breadcrumb\":{\"@id\":\"https:\/\/inorblock.com\/et\/tugevdatud-muldkeha\/ehituse-reljeef\/#breadcrumb\"},\"inLanguage\":\"et\",\"potentialAction\":[{\"@type\":\"ReadAction\",\"target\":[\"https:\/\/inorblock.com\/et\/tugevdatud-muldkeha\/ehituse-reljeef\/\"]}]},{\"@type\":\"BreadcrumbList\",\"@id\":\"https:\/\/inorblock.com\/et\/tugevdatud-muldkeha\/ehituse-reljeef\/#breadcrumb\",\"itemListElement\":[{\"@type\":\"ListItem\",\"position\":1,\"name\":\"Home\",\"item\":\"https:\/\/inorblock.com\/et\/\"},{\"@type\":\"ListItem\",\"position\":2,\"name\":\"Tugevdatud muldkeha\",\"item\":\"https:\/\/inorblock.com\/et\/tugevdatud-muldkeha\/\"},{\"@type\":\"ListItem\",\"position\":3,\"name\":\"Ehituse reljeef\"}]},{\"@type\":\"WebSite\",\"@id\":\"https:\/\/inorblock.com\/et\/#website\",\"url\":\"https:\/\/inorblock.com\/et\/\",\"name\":\"Inorblock\u00ae\",\"description\":\"Simple Solid Stable\",\"potentialAction\":[{\"@type\":\"SearchAction\",\"target\":{\"@type\":\"EntryPoint\",\"urlTemplate\":\"https:\/\/inorblock.com\/et\/?s={search_term_string}\"},\"query-input\":{\"@type\":\"PropertyValueSpecification\",\"valueRequired\":true,\"valueName\":\"search_term_string\"}}],\"inLanguage\":\"et\"}]}<\/script>\n<!-- \/ Yoast SEO plugin. -->","yoast_head_json":{"title":"Ehituse reljeef - Inorblock\u00ae","robots":{"index":"index","follow":"follow","max-snippet":"max-snippet:-1","max-image-preview":"max-image-preview:large","max-video-preview":"max-video-preview:-1"},"canonical":"https:\/\/inorblock.com\/et\/tugevdatud-muldkeha\/ehituse-reljeef\/","og_locale":"et_EE","og_type":"article","og_title":"Ehituse reljeef - Inorblock\u00ae","og_url":"https:\/\/inorblock.com\/et\/tugevdatud-muldkeha\/ehituse-reljeef\/","og_site_name":"Inorblock\u00ae","article_modified_time":"2025-01-17T14:15:09+00:00","twitter_card":"summary_large_image","twitter_misc":{"Est. reading time":"2 minutit"},"schema":{"@context":"https:\/\/schema.org","@graph":[{"@type":"WebPage","@id":"https:\/\/inorblock.com\/et\/tugevdatud-muldkeha\/ehituse-reljeef\/","url":"https:\/\/inorblock.com\/et\/tugevdatud-muldkeha\/ehituse-reljeef\/","name":"Ehituse reljeef - Inorblock\u00ae","isPartOf":{"@id":"https:\/\/inorblock.com\/et\/#website"},"datePublished":"2025-01-17T14:15:08+00:00","dateModified":"2025-01-17T14:15:09+00:00","breadcrumb":{"@id":"https:\/\/inorblock.com\/et\/tugevdatud-muldkeha\/ehituse-reljeef\/#breadcrumb"},"inLanguage":"et","potentialAction":[{"@type":"ReadAction","target":["https:\/\/inorblock.com\/et\/tugevdatud-muldkeha\/ehituse-reljeef\/"]}]},{"@type":"BreadcrumbList","@id":"https:\/\/inorblock.com\/et\/tugevdatud-muldkeha\/ehituse-reljeef\/#breadcrumb","itemListElement":[{"@type":"ListItem","position":1,"name":"Home","item":"https:\/\/inorblock.com\/et\/"},{"@type":"ListItem","position":2,"name":"Tugevdatud muldkeha","item":"https:\/\/inorblock.com\/et\/tugevdatud-muldkeha\/"},{"@type":"ListItem","position":3,"name":"Ehituse reljeef"}]},{"@type":"WebSite","@id":"https:\/\/inorblock.com\/et\/#website","url":"https:\/\/inorblock.com\/et\/","name":"Inorblock\u00ae","description":"Simple Solid Stable","potentialAction":[{"@type":"SearchAction","target":{"@type":"EntryPoint","urlTemplate":"https:\/\/inorblock.com\/et\/?s={search_term_string}"},"query-input":{"@type":"PropertyValueSpecification","valueRequired":true,"valueName":"search_term_string"}}],"inLanguage":"et"}]}},"_links":{"self":[{"href":"https:\/\/inorblock.com\/et\/wp-json\/wp\/v2\/pages\/7765","targetHints":{"allow":["GET"]}}],"collection":[{"href":"https:\/\/inorblock.com\/et\/wp-json\/wp\/v2\/pages"}],"about":[{"href":"https:\/\/inorblock.com\/et\/wp-json\/wp\/v2\/types\/page"}],"author":[{"embeddable":true,"href":"https:\/\/inorblock.com\/et\/wp-json\/wp\/v2\/users\/2"}],"replies":[{"embeddable":true,"href":"https:\/\/inorblock.com\/et\/wp-json\/wp\/v2\/comments?post=7765"}],"version-history":[{"count":1,"href":"https:\/\/inorblock.com\/et\/wp-json\/wp\/v2\/pages\/7765\/revisions"}],"predecessor-version":[{"id":7769,"href":"https:\/\/inorblock.com\/et\/wp-json\/wp\/v2\/pages\/7765\/revisions\/7769"}],"up":[{"embeddable":true,"href":"https:\/\/inorblock.com\/et\/wp-json\/wp\/v2\/pages\/7734"}],"wp:attachment":[{"href":"https:\/\/inorblock.com\/et\/wp-json\/wp\/v2\/media?parent=7765"}],"curies":[{"name":"wp","href":"https:\/\/api.w.org\/{rel}","templated":true}]}}