{"id":7817,"date":"2025-01-20T13:40:31","date_gmt":"2025-01-20T11:40:31","guid":{"rendered":"https:\/\/inorblock.com\/?page_id=7817"},"modified":"2025-01-20T13:40:32","modified_gmt":"2025-01-20T11:40:32","slug":"jarelevalve","status":"publish","type":"page","link":"https:\/\/inorblock.com\/et\/teenused\/jarelevalve\/","title":{"rendered":"J\u00e4relevalve"},"content":{"rendered":"<section class=\"l-section wpb_row height_small\"><div class=\"l-section-h i-cf\"><div class=\"g-cols vc_row via_flex valign_top type_default stacking_default\"><div class=\"vc_col-sm-12 wpb_column vc_column_container\"><div class=\"vc_column-inner\"><div class=\"wpb_wrapper\"><div class=\"wpb_text_column\"><div class=\"wpb_wrapper\"><h2>J\u00e4relevalve<\/h2>\n<p>Teostame k\u00f5ikv\u00f5imalikke ekspertiise, anal\u00fc\u00fcse, uuringuid ja arvutusi vastavalt Kliendi individuaalsetele vajadustele. Tagame professionaalse tehnilise toe. Teostame igak\u00fclgset projektikontrolli: alates projekteerimise eeldustest ja arvutustest, ehitusjooniste anal\u00fc\u00fcsist kuni spetsifikatsioonide ja koguselehtede anal\u00fc\u00fcsini. Korraldame koolitusi hetkel kehtivate standardite ja juhiste kohta.<\/p>\n<\/div><\/div><\/div><\/div><\/div><\/div><\/div><\/section><section class=\"l-section wpb_row height_small\"><div class=\"l-section-h i-cf\"><div class=\"g-cols vc_row via_flex valign_top type_default stacking_default\"><div class=\"vc_col-sm-12 wpb_column vc_column_container\"><div class=\"vc_column-inner\"><div class=\"wpb_wrapper\"><div class=\"w-grid type_grid layout_gallery_default hidden cols_2\" id=\"us_grid_1\" style=\"--columns:2;--gap:1.5rem;\" data-filterable=\"true\"><style>@media (max-width:600px){#us_grid_1{--columns:1!important}}.layout_gallery_default .w-grid-item-h{}<\/style><div class=\"w-grid-list\"><\/div><div class=\"w-grid-preloader\">\t<div class=\"g-preloader type_5\">\r\n\t\t<div><\/div>\r\n\t<\/div>\r\n\t<\/div>\t<div class=\"w-grid-json hidden\" onclick='return {&quot;action&quot;:&quot;us_ajax_grid&quot;,&quot;infinite_scroll&quot;:0,&quot;max_num_pages&quot;:0,&quot;pagination&quot;:&quot;none&quot;,&quot;template_vars&quot;:{&quot;columns&quot;:&quot;2&quot;,&quot;exclude_items&quot;:&quot;none&quot;,&quot;img_size&quot;:&quot;default&quot;,&quot;ignore_items_size&quot;:0,&quot;items_layout&quot;:&quot;gallery_default&quot;,&quot;items_offset&quot;:&quot;1&quot;,&quot;load_animation&quot;:&quot;none&quot;,&quot;overriding_link&quot;:&quot;%7B%22type%22%3A%22popup_image%22%7D&quot;,&quot;post_id&quot;:0,&quot;query_args&quot;:{&quot;post_type&quot;:[&quot;attachment&quot;],&quot;post__in&quot;:[&quot;2871&quot;,&quot;2861&quot;],&quot;post_status&quot;:&quot;inherit&quot;,&quot;post_mime_type&quot;:&quot;image&quot;,&quot;posts_per_page&quot;:&quot;10&quot;},&quot;orderby_query_args&quot;:{&quot;orderby&quot;:{&quot;post__in&quot;:&quot;ASC&quot;},&quot;order&quot;:&quot;ASC&quot;},&quot;type&quot;:&quot;grid&quot;,&quot;us_grid_post_type&quot;:&quot;attachment&quot;,&quot;us_grid_ajax_index&quot;:1,&quot;us_grid_filter_query_string&quot;:null,&quot;us_grid_index&quot;:1,&quot;page_args&quot;:[],&quot;lang&quot;:&quot;et&quot;}}'><\/div>\r\n\t<\/div><div class=\"w-grid-none type_message\">Tulemusi pole.<\/div><\/div><\/div><\/div><\/div><\/div><\/section>\n","protected":false},"excerpt":{"rendered":"J\u00e4relevalve Teostame k\u00f5ikv\u00f5imalikke ekspertiise, anal\u00fc\u00fcse, uuringuid ja arvutusi vastavalt Kliendi individuaalsetele vajadustele. Tagame professionaalse tehnilise toe. Teostame igak\u00fclgset projektikontrolli: alates projekteerimise eeldustest ja arvutustest, ehitusjooniste anal\u00fc\u00fcsist kuni spetsifikatsioonide ja koguselehtede anal\u00fc\u00fcsini. Korraldame koolitusi hetkel kehtivate standardite ja juhiste kohta. Tulemusi pole.","protected":false},"author":2,"featured_media":0,"parent":7803,"menu_order":4,"comment_status":"closed","ping_status":"closed","template":"","meta":{"footnotes":"","_links_to":"","_links_to_target":""},"class_list":["post-7817","page","type-page","status-publish","hentry"],"yoast_head":"<!-- This site is optimized with the Yoast SEO plugin v24.5 - https:\/\/yoast.com\/wordpress\/plugins\/seo\/ -->\n<title>J\u00e4relevalve - Inorblock\u00ae<\/title>\n<meta name=\"robots\" content=\"index, follow, max-snippet:-1, max-image-preview:large, max-video-preview:-1\" \/>\n<link rel=\"canonical\" href=\"https:\/\/inorblock.com\/et\/teenused\/jarelevalve\/\" \/>\n<meta property=\"og:locale\" content=\"et_EE\" \/>\n<meta property=\"og:type\" content=\"article\" \/>\n<meta property=\"og:title\" content=\"J\u00e4relevalve - Inorblock\u00ae\" \/>\n<meta property=\"og:url\" content=\"https:\/\/inorblock.com\/et\/teenused\/jarelevalve\/\" \/>\n<meta property=\"og:site_name\" content=\"Inorblock\u00ae\" \/>\n<meta property=\"article:modified_time\" content=\"2025-01-20T11:40:32+00:00\" \/>\n<meta name=\"twitter:card\" content=\"summary_large_image\" \/>\n<script type=\"application\/ld+json\" class=\"yoast-schema-graph\">{\"@context\":\"https:\/\/schema.org\",\"@graph\":[{\"@type\":\"WebPage\",\"@id\":\"https:\/\/inorblock.com\/et\/teenused\/jarelevalve\/\",\"url\":\"https:\/\/inorblock.com\/et\/teenused\/jarelevalve\/\",\"name\":\"J\u00e4relevalve - Inorblock\u00ae\",\"isPartOf\":{\"@id\":\"https:\/\/inorblock.com\/et\/#website\"},\"datePublished\":\"2025-01-20T11:40:31+00:00\",\"dateModified\":\"2025-01-20T11:40:32+00:00\",\"breadcrumb\":{\"@id\":\"https:\/\/inorblock.com\/et\/teenused\/jarelevalve\/#breadcrumb\"},\"inLanguage\":\"et\",\"potentialAction\":[{\"@type\":\"ReadAction\",\"target\":[\"https:\/\/inorblock.com\/et\/teenused\/jarelevalve\/\"]}]},{\"@type\":\"BreadcrumbList\",\"@id\":\"https:\/\/inorblock.com\/et\/teenused\/jarelevalve\/#breadcrumb\",\"itemListElement\":[{\"@type\":\"ListItem\",\"position\":1,\"name\":\"Home\",\"item\":\"https:\/\/inorblock.com\/et\/\"},{\"@type\":\"ListItem\",\"position\":2,\"name\":\"Teenused\",\"item\":\"https:\/\/inorblock.com\/et\/teenused\/\"},{\"@type\":\"ListItem\",\"position\":3,\"name\":\"J\u00e4relevalve\"}]},{\"@type\":\"WebSite\",\"@id\":\"https:\/\/inorblock.com\/et\/#website\",\"url\":\"https:\/\/inorblock.com\/et\/\",\"name\":\"Inorblock\u00ae\",\"description\":\"Simple Solid Stable\",\"potentialAction\":[{\"@type\":\"SearchAction\",\"target\":{\"@type\":\"EntryPoint\",\"urlTemplate\":\"https:\/\/inorblock.com\/et\/?s={search_term_string}\"},\"query-input\":{\"@type\":\"PropertyValueSpecification\",\"valueRequired\":true,\"valueName\":\"search_term_string\"}}],\"inLanguage\":\"et\"}]}<\/script>\n<!-- \/ Yoast SEO plugin. -->","yoast_head_json":{"title":"J\u00e4relevalve - Inorblock\u00ae","robots":{"index":"index","follow":"follow","max-snippet":"max-snippet:-1","max-image-preview":"max-image-preview:large","max-video-preview":"max-video-preview:-1"},"canonical":"https:\/\/inorblock.com\/et\/teenused\/jarelevalve\/","og_locale":"et_EE","og_type":"article","og_title":"J\u00e4relevalve - Inorblock\u00ae","og_url":"https:\/\/inorblock.com\/et\/teenused\/jarelevalve\/","og_site_name":"Inorblock\u00ae","article_modified_time":"2025-01-20T11:40:32+00:00","twitter_card":"summary_large_image","schema":{"@context":"https:\/\/schema.org","@graph":[{"@type":"WebPage","@id":"https:\/\/inorblock.com\/et\/teenused\/jarelevalve\/","url":"https:\/\/inorblock.com\/et\/teenused\/jarelevalve\/","name":"J\u00e4relevalve - Inorblock\u00ae","isPartOf":{"@id":"https:\/\/inorblock.com\/et\/#website"},"datePublished":"2025-01-20T11:40:31+00:00","dateModified":"2025-01-20T11:40:32+00:00","breadcrumb":{"@id":"https:\/\/inorblock.com\/et\/teenused\/jarelevalve\/#breadcrumb"},"inLanguage":"et","potentialAction":[{"@type":"ReadAction","target":["https:\/\/inorblock.com\/et\/teenused\/jarelevalve\/"]}]},{"@type":"BreadcrumbList","@id":"https:\/\/inorblock.com\/et\/teenused\/jarelevalve\/#breadcrumb","itemListElement":[{"@type":"ListItem","position":1,"name":"Home","item":"https:\/\/inorblock.com\/et\/"},{"@type":"ListItem","position":2,"name":"Teenused","item":"https:\/\/inorblock.com\/et\/teenused\/"},{"@type":"ListItem","position":3,"name":"J\u00e4relevalve"}]},{"@type":"WebSite","@id":"https:\/\/inorblock.com\/et\/#website","url":"https:\/\/inorblock.com\/et\/","name":"Inorblock\u00ae","description":"Simple Solid Stable","potentialAction":[{"@type":"SearchAction","target":{"@type":"EntryPoint","urlTemplate":"https:\/\/inorblock.com\/et\/?s={search_term_string}"},"query-input":{"@type":"PropertyValueSpecification","valueRequired":true,"valueName":"search_term_string"}}],"inLanguage":"et"}]}},"_links":{"self":[{"href":"https:\/\/inorblock.com\/et\/wp-json\/wp\/v2\/pages\/7817","targetHints":{"allow":["GET"]}}],"collection":[{"href":"https:\/\/inorblock.com\/et\/wp-json\/wp\/v2\/pages"}],"about":[{"href":"https:\/\/inorblock.com\/et\/wp-json\/wp\/v2\/types\/page"}],"author":[{"embeddable":true,"href":"https:\/\/inorblock.com\/et\/wp-json\/wp\/v2\/users\/2"}],"replies":[{"embeddable":true,"href":"https:\/\/inorblock.com\/et\/wp-json\/wp\/v2\/comments?post=7817"}],"version-history":[{"count":1,"href":"https:\/\/inorblock.com\/et\/wp-json\/wp\/v2\/pages\/7817\/revisions"}],"predecessor-version":[{"id":7820,"href":"https:\/\/inorblock.com\/et\/wp-json\/wp\/v2\/pages\/7817\/revisions\/7820"}],"up":[{"embeddable":true,"href":"https:\/\/inorblock.com\/et\/wp-json\/wp\/v2\/pages\/7803"}],"wp:attachment":[{"href":"https:\/\/inorblock.com\/et\/wp-json\/wp\/v2\/media?parent=7817"}],"curies":[{"name":"wp","href":"https:\/\/api.w.org\/{rel}","templated":true}]}}