{"id":7896,"date":"2025-01-20T14:39:56","date_gmt":"2025-01-20T12:39:56","guid":{"rendered":"https:\/\/inorblock.com\/?page_id=7896"},"modified":"2025-01-20T14:39:57","modified_gmt":"2025-01-20T12:39:57","slug":"kontakt","status":"publish","type":"page","link":"https:\/\/inorblock.com\/et\/kontakt\/","title":{"rendered":"Kontakt"},"content":{"rendered":"<section class=\"l-section wpb_row height_small\"><div class=\"l-section-h i-cf\"><div class=\"g-cols vc_row via_flex valign_top type_default stacking_default\"><div class=\"vc_col-sm-6 wpb_column vc_column_container\"><div class=\"vc_column-inner\"><div class=\"wpb_wrapper\"><div class=\"wpb_text_column\"><div class=\"wpb_wrapper\"><h2>Ettev\u00f5tte andmed:<\/h2>\n<p><strong>P.R. INORA<sup>\u00ae<\/sup> sp. z o.o.<br \/>\n<\/strong>ul. Prymasa Stefana Wyszy\u0144skiego 11<br \/>\n44-100 Gliwice<br \/>\nPoola<\/p>\n<p>Phone: +48 32 230 49 96<br \/>\nFax: +48 32 230 49 97<\/p>\n<p>EL k\u00e4ibemaks: PL 631-010-31-92<\/p>\n<p>E-post: <a href=\"mailto:sales@inorblock.com\">sales@inorblock.com<\/a><br \/>\nVeebileht: <a href=\"https:\/\/inorblock.com\" target=\"_blank\" rel=\"noopener noreferrer\">www.inorblock.com<\/a><\/p>\n<p><strong>Tehniline Osakond:<br \/>\n<\/strong><a class=\"email\" href=\"mailto:tech@inora.tech\">tech@inora.tech<\/a><\/p>\n<p><strong>Ettev\u00f5tte registreerimiskuup\u00e4ev:<br \/>\n<\/strong>S\u0105d Rejonowy w Gliwicach, X Wydzia\u0142 Gospodarczy<br \/>\nKapita\u0142 zak\u0142adowy 50.000,00 PLN<br \/>\nNIP: PL631-010-31-92<br \/>\nRegon: 270528111<br \/>\nRiiklik kohturegister : 0000106125<\/p>\n<\/div><\/div><\/div><\/div><\/div><div class=\"vc_col-sm-6 wpb_column vc_column_container\"><div class=\"vc_column-inner\"><div class=\"wpb_wrapper\"><div class=\"wpb_text_column\"><div class=\"wpb_wrapper\"><h2>Kontaktvormid<\/h2>\n<\/div><\/div><div class=\"wpb_text_column\"><div class=\"wpb_wrapper\">\n<div class=\"wpcf7 no-js\" id=\"wpcf7-f402-o1\" lang=\"en-US\" dir=\"ltr\" data-wpcf7-id=\"402\">\n<div class=\"screen-reader-response\"><p role=\"status\" aria-live=\"polite\" aria-atomic=\"true\"><\/p> <ul><\/ul><\/div>\n<form action=\"\/et\/wp-json\/wp\/v2\/pages\/7896#wpcf7-f402-o1\" method=\"post\" class=\"wpcf7-form init\" aria-label=\"Contact form\" novalidate=\"novalidate\" data-status=\"init\">\n<div style=\"display: none;\">\n<input type=\"hidden\" name=\"_wpcf7\" value=\"402\" \/>\n<input type=\"hidden\" name=\"_wpcf7_version\" value=\"6.0.4\" \/>\n<input type=\"hidden\" name=\"_wpcf7_locale\" value=\"en_US\" \/>\n<input type=\"hidden\" name=\"_wpcf7_unit_tag\" value=\"wpcf7-f402-o1\" \/>\n<input type=\"hidden\" name=\"_wpcf7_container_post\" value=\"0\" \/>\n<input type=\"hidden\" name=\"_wpcf7_posted_data_hash\" value=\"\" \/>\n<input type=\"hidden\" name=\"_wpcf7_recaptcha_response\" value=\"\" \/>\n<\/div>\n<p><label> Your Name (*)<br \/>\n<span class=\"wpcf7-form-control-wrap\" data-name=\"your-name\"><input size=\"40\" maxlength=\"400\" class=\"wpcf7-form-control wpcf7-text wpcf7-validates-as-required\" aria-required=\"true\" aria-invalid=\"false\" value=\"\" type=\"text\" name=\"your-name\" \/><\/span> <\/label>\n<\/p>\n<p><label> Company<br \/>\n<span class=\"wpcf7-form-control-wrap\" data-name=\"your-company\"><input size=\"40\" maxlength=\"400\" class=\"wpcf7-form-control wpcf7-text\" aria-invalid=\"false\" value=\"\" type=\"text\" name=\"your-company\" \/><\/span> <\/label>\n<\/p>\n<p><label> Phone<br \/>\n<span class=\"wpcf7-form-control-wrap\" data-name=\"your-phone\"><input size=\"40\" maxlength=\"400\" class=\"wpcf7-form-control wpcf7-text\" aria-invalid=\"false\" value=\"\" type=\"text\" name=\"your-phone\" \/><\/span> <\/label>\n<\/p>\n<p><label> Your Email (*)<br \/>\n<span class=\"wpcf7-form-control-wrap\" data-name=\"your-email\"><input size=\"40\" maxlength=\"400\" class=\"wpcf7-form-control wpcf7-email wpcf7-validates-as-required wpcf7-text wpcf7-validates-as-email\" aria-required=\"true\" aria-invalid=\"false\" value=\"\" type=\"email\" name=\"your-email\" \/><\/span> <\/label>\n<\/p>\n<p><label> Your Message<br \/>\n<span class=\"wpcf7-form-control-wrap\" data-name=\"your-message\"><textarea cols=\"40\" rows=\"10\" maxlength=\"2000\" class=\"wpcf7-form-control wpcf7-textarea\" aria-invalid=\"false\" name=\"your-message\"><\/textarea><\/span> <\/label>\n<\/p>\n<p>* - fields are required\n<\/p>\n<p><input class=\"wpcf7-form-control wpcf7-submit has-spinner\" type=\"submit\" value=\"Send\" \/>\n<\/p><div class=\"wpcf7-response-output\" aria-hidden=\"true\"><\/div>\n<\/form>\n<\/div>\n\n<\/div><\/div><\/div><\/div><\/div><\/div><\/div><\/section><section class=\"l-section wpb_row height_small width_full\"><div class=\"l-section-h i-cf\"><div class=\"g-cols vc_row via_flex valign_top type_default stacking_default\"><div class=\"vc_col-sm-12 wpb_column vc_column_container\"><div class=\"vc_column-inner\"><div class=\"wpb_wrapper\">[vc_raw_html]JTNDaWZyYW1lJTIwc3JjJTNEJTIyaHR0cHMlM0ElMkYlMkZ3d3cuZ29vZ2xlLmNvbSUyRm1hcHMlMkZlbWJlZCUzRnBiJTNEJTIxMW0xOCUyMTFtMTIlMjExbTMlMjExZDI1NDguODI2Nzk0Mjg3MTYyNiUyMTJkMTguNjY4NjI3MzE2MjE1MzI1JTIxM2Q1MC4yOTUxNjA5Nzk0NTQyMyUyMTJtMyUyMTFmMCUyMTJmMCUyMTNmMCUyMTNtMiUyMTFpMTAyNCUyMTJpNzY4JTIxNGYxMy4xJTIxM20zJTIxMW0yJTIxMXMweDQ3MTEzMGY5YTkwMzMwMjclMjUzQTB4ZjRlMWQxZDVlNzliYWYzMiUyMTJzUHJ6ZWRzaSUyNUM0JTI1OTliaW9yc3R3byUyQlJlYWxpemFjeWpuZSUyQklOT1JBJTJCSW5vcmdhbmljJTJCQWN0aXZpdGllcyUyQlNwLiUyQnolMkJvLm8uJTIxNWUwJTIxM20yJTIxMXNwbCUyMTJzcGwlMjE0djE1NjI2ODA0NDQwOTclMjE1bTIlMjExc3BsJTIxMnNwbCUyMiUyMHdpZHRoJTNEJTIyMTAwJTI1JTIyJTIwaGVpZ2h0JTNEJTIyNTAwJTIyJTIwZnJhbWVib3JkZXIlM0QlMjIwJTIyJTIwc3R5bGUlM0QlMjJib3JkZXIlM0EwJTIyJTIwYWxsb3dmdWxsc2NyZWVuJTNFJTNDJTJGaWZyYW1lJTNF[\/vc_raw_html]<\/div><\/div><\/div><\/div><\/div><\/section>\n","protected":false},"excerpt":{"rendered":"Ettev\u00f5tte andmed: P.R. INORA\u00ae sp. z o.o. ul. Prymasa Stefana Wyszy\u0144skiego 11 44-100 Gliwice Poola Phone: +48 32 230 49 96 Fax: +48 32 230 49 97 EL k\u00e4ibemaks: PL 631-010-31-92 E-post: sales@inorblock.com Veebileht: www.inorblock.com Tehniline Osakond: tech@inora.tech Ettev\u00f5tte registreerimiskuup\u00e4ev: S\u0105d Rejonowy w Gliwicach, X Wydzia\u0142 Gospodarczy Kapita\u0142 zak\u0142adowy 50.000,00 PLN NIP: PL631-010-31-92 Regon: 270528111...","protected":false},"author":2,"featured_media":0,"parent":0,"menu_order":9,"comment_status":"closed","ping_status":"closed","template":"","meta":{"footnotes":"","_links_to":"","_links_to_target":""},"class_list":["post-7896","page","type-page","status-publish","hentry"],"yoast_head":"<!-- This site is optimized with the Yoast SEO plugin v24.5 - https:\/\/yoast.com\/wordpress\/plugins\/seo\/ -->\n<title>Kontakt - Inorblock\u00ae<\/title>\n<meta name=\"robots\" content=\"index, follow, max-snippet:-1, max-image-preview:large, max-video-preview:-1\" \/>\n<link rel=\"canonical\" href=\"https:\/\/inorblock.com\/et\/kontakt\/\" \/>\n<meta property=\"og:locale\" content=\"et_EE\" \/>\n<meta property=\"og:type\" content=\"article\" \/>\n<meta property=\"og:title\" content=\"Kontakt - Inorblock\u00ae\" \/>\n<meta property=\"og:url\" content=\"https:\/\/inorblock.com\/et\/kontakt\/\" \/>\n<meta property=\"og:site_name\" content=\"Inorblock\u00ae\" \/>\n<meta property=\"article:modified_time\" content=\"2025-01-20T12:39:57+00:00\" \/>\n<meta name=\"twitter:card\" content=\"summary_large_image\" \/>\n<meta name=\"twitter:label1\" content=\"Est. reading time\" \/>\n\t<meta name=\"twitter:data1\" content=\"1 minut\" \/>\n<script type=\"application\/ld+json\" class=\"yoast-schema-graph\">{\"@context\":\"https:\/\/schema.org\",\"@graph\":[{\"@type\":\"WebPage\",\"@id\":\"https:\/\/inorblock.com\/et\/kontakt\/\",\"url\":\"https:\/\/inorblock.com\/et\/kontakt\/\",\"name\":\"Kontakt - Inorblock\u00ae\",\"isPartOf\":{\"@id\":\"https:\/\/inorblock.com\/et\/#website\"},\"datePublished\":\"2025-01-20T12:39:56+00:00\",\"dateModified\":\"2025-01-20T12:39:57+00:00\",\"breadcrumb\":{\"@id\":\"https:\/\/inorblock.com\/et\/kontakt\/#breadcrumb\"},\"inLanguage\":\"et\",\"potentialAction\":[{\"@type\":\"ReadAction\",\"target\":[\"https:\/\/inorblock.com\/et\/kontakt\/\"]}]},{\"@type\":\"BreadcrumbList\",\"@id\":\"https:\/\/inorblock.com\/et\/kontakt\/#breadcrumb\",\"itemListElement\":[{\"@type\":\"ListItem\",\"position\":1,\"name\":\"Home\",\"item\":\"https:\/\/inorblock.com\/et\/\"},{\"@type\":\"ListItem\",\"position\":2,\"name\":\"Kontakt\"}]},{\"@type\":\"WebSite\",\"@id\":\"https:\/\/inorblock.com\/et\/#website\",\"url\":\"https:\/\/inorblock.com\/et\/\",\"name\":\"Inorblock\u00ae\",\"description\":\"Simple Solid Stable\",\"potentialAction\":[{\"@type\":\"SearchAction\",\"target\":{\"@type\":\"EntryPoint\",\"urlTemplate\":\"https:\/\/inorblock.com\/et\/?s={search_term_string}\"},\"query-input\":{\"@type\":\"PropertyValueSpecification\",\"valueRequired\":true,\"valueName\":\"search_term_string\"}}],\"inLanguage\":\"et\"}]}<\/script>\n<!-- \/ Yoast SEO plugin. -->","yoast_head_json":{"title":"Kontakt - Inorblock\u00ae","robots":{"index":"index","follow":"follow","max-snippet":"max-snippet:-1","max-image-preview":"max-image-preview:large","max-video-preview":"max-video-preview:-1"},"canonical":"https:\/\/inorblock.com\/et\/kontakt\/","og_locale":"et_EE","og_type":"article","og_title":"Kontakt - Inorblock\u00ae","og_url":"https:\/\/inorblock.com\/et\/kontakt\/","og_site_name":"Inorblock\u00ae","article_modified_time":"2025-01-20T12:39:57+00:00","twitter_card":"summary_large_image","twitter_misc":{"Est. reading time":"1 minut"},"schema":{"@context":"https:\/\/schema.org","@graph":[{"@type":"WebPage","@id":"https:\/\/inorblock.com\/et\/kontakt\/","url":"https:\/\/inorblock.com\/et\/kontakt\/","name":"Kontakt - Inorblock\u00ae","isPartOf":{"@id":"https:\/\/inorblock.com\/et\/#website"},"datePublished":"2025-01-20T12:39:56+00:00","dateModified":"2025-01-20T12:39:57+00:00","breadcrumb":{"@id":"https:\/\/inorblock.com\/et\/kontakt\/#breadcrumb"},"inLanguage":"et","potentialAction":[{"@type":"ReadAction","target":["https:\/\/inorblock.com\/et\/kontakt\/"]}]},{"@type":"BreadcrumbList","@id":"https:\/\/inorblock.com\/et\/kontakt\/#breadcrumb","itemListElement":[{"@type":"ListItem","position":1,"name":"Home","item":"https:\/\/inorblock.com\/et\/"},{"@type":"ListItem","position":2,"name":"Kontakt"}]},{"@type":"WebSite","@id":"https:\/\/inorblock.com\/et\/#website","url":"https:\/\/inorblock.com\/et\/","name":"Inorblock\u00ae","description":"Simple Solid Stable","potentialAction":[{"@type":"SearchAction","target":{"@type":"EntryPoint","urlTemplate":"https:\/\/inorblock.com\/et\/?s={search_term_string}"},"query-input":{"@type":"PropertyValueSpecification","valueRequired":true,"valueName":"search_term_string"}}],"inLanguage":"et"}]}},"_links":{"self":[{"href":"https:\/\/inorblock.com\/et\/wp-json\/wp\/v2\/pages\/7896","targetHints":{"allow":["GET"]}}],"collection":[{"href":"https:\/\/inorblock.com\/et\/wp-json\/wp\/v2\/pages"}],"about":[{"href":"https:\/\/inorblock.com\/et\/wp-json\/wp\/v2\/types\/page"}],"author":[{"embeddable":true,"href":"https:\/\/inorblock.com\/et\/wp-json\/wp\/v2\/users\/2"}],"replies":[{"embeddable":true,"href":"https:\/\/inorblock.com\/et\/wp-json\/wp\/v2\/comments?post=7896"}],"version-history":[{"count":2,"href":"https:\/\/inorblock.com\/et\/wp-json\/wp\/v2\/pages\/7896\/revisions"}],"predecessor-version":[{"id":7898,"href":"https:\/\/inorblock.com\/et\/wp-json\/wp\/v2\/pages\/7896\/revisions\/7898"}],"wp:attachment":[{"href":"https:\/\/inorblock.com\/et\/wp-json\/wp\/v2\/media?parent=7896"}],"curies":[{"name":"wp","href":"https:\/\/api.w.org\/{rel}","templated":true}]}}