{"id":1998,"date":"2019-08-12T15:49:17","date_gmt":"2019-08-12T15:49:17","guid":{"rendered":"https:\/\/inorblock.com\/?page_id=1998"},"modified":"2019-08-12T15:49:17","modified_gmt":"2019-08-12T15:49:17","slug":"projektiranje","status":"publish","type":"page","link":"https:\/\/inorblock.com\/hr\/inorblock\/projektiranje\/","title":{"rendered":"Projektiranje"},"content":{"rendered":"<section class=\"l-section wpb_row height_small\"><div class=\"l-section-h i-cf\"><div class=\"g-cols vc_row via_flex valign_top type_default stacking_default\"><div class=\"vc_col-sm-12 wpb_column vc_column_container\"><div class=\"vc_column-inner\"><div class=\"wpb_wrapper\"><div class=\"wpb_text_column\"><div class=\"wpb_wrapper\"><h2>Projektiranje<\/h2>\n<p>Na\u0161 je cilj ponuditi potpuno rje\u0161enje za sustave potpornih zidova sa oblogama iz InorBlock\u00ae blokova. Pru\u017eamo sve potrebne prora\u010dune i kompletnu numeri\u010dku analizu u skladu s obavezuju\u0107im standardima i normama. Na\u0161 odsjek za in\u017eenjering koristi najnoviji raspolo\u017eivi softver za podr\u0161ku i optimizaciju procesa projektiranja. Mo\u017eemo pripremiti potpuno novi projekt potpornih konstrukcija ili optimizirati postoje\u0107i. Opseg na\u0161ih usluga obuhva\u0107a i monta\u017ene nacrte, predra\u010dun i tro\u0161kovnik.<\/p>\n<p>U nastavku \u0107emo prikazati primjere slika iz odabranih projekata.<\/p>\n<\/div><\/div><\/div><\/div><\/div><\/div><\/div><\/section><section class=\"l-section wpb_row height_small\"><div class=\"l-section-h i-cf\"><div class=\"g-cols vc_row via_flex valign_top type_default stacking_default\"><div class=\"vc_col-sm-12 wpb_column vc_column_container\"><div class=\"vc_column-inner\"><div class=\"wpb_wrapper\"><div class=\"w-grid type_grid layout_gallery_default cols_2\" id=\"us_grid_1\" style=\"--columns:2;--gap:1.5rem;\" data-filterable=\"true\"><style>@media (max-width:600px){#us_grid_1{--columns:1!important}}.layout_gallery_default .w-grid-item-h{}<\/style><div class=\"w-grid-list\">\t<article class=\"w-grid-item size_1x1 post-645 attachment type-attachment status-inherit hentry\" data-id=\"645\">\r\n\t\t<div class=\"w-grid-item-h\">\r\n\t\t\t\t\t\t\t<a ref=\"magnificPopupGrid\" href=\"https:\/\/inorblock.com\/wp-content\/uploads\/2019\/06\/p01.jpg\" class=\"w-grid-item-anchor\" aria-label=\"p01\"><\/a>\r\n\t\t\t\t\t\t<div class=\"w-post-elm post_image usg_post_image_1 stretched\"><img loading=\"lazy\" decoding=\"async\" width=\"643\" height=\"389\" src=\"https:\/\/inorblock.com\/wp-content\/uploads\/2019\/06\/p01.jpg\" class=\"attachment-large size-large\" alt=\"\" srcset=\"https:\/\/inorblock.com\/wp-content\/uploads\/2019\/06\/p01.jpg 643w, https:\/\/inorblock.com\/wp-content\/uploads\/2019\/06\/p01-300x181.jpg 300w\" sizes=\"auto, (max-width: 643px) 100vw, 643px\" \/><\/div>\t\t<\/div>\r\n\t\t\t<\/article>\r\n\t<article class=\"w-grid-item size_1x1 post-654 attachment type-attachment status-inherit hentry\" data-id=\"654\">\r\n\t\t<div class=\"w-grid-item-h\">\r\n\t\t\t\t\t\t\t<a ref=\"magnificPopupGrid\" href=\"https:\/\/inorblock.com\/wp-content\/uploads\/2019\/06\/p02.jpg\" class=\"w-grid-item-anchor\" aria-label=\"p02\"><\/a>\r\n\t\t\t\t\t\t<div class=\"w-post-elm post_image usg_post_image_1 stretched\"><img loading=\"lazy\" decoding=\"async\" width=\"556\" height=\"416\" src=\"https:\/\/inorblock.com\/wp-content\/uploads\/2019\/06\/p02.jpg\" class=\"attachment-large size-large\" alt=\"\" srcset=\"https:\/\/inorblock.com\/wp-content\/uploads\/2019\/06\/p02.jpg 556w, https:\/\/inorblock.com\/wp-content\/uploads\/2019\/06\/p02-300x224.jpg 300w\" sizes=\"auto, (max-width: 556px) 100vw, 556px\" \/><\/div>\t\t<\/div>\r\n\t\t\t<\/article>\r\n\t<article class=\"w-grid-item size_1x1 post-681 attachment type-attachment status-inherit hentry\" data-id=\"681\">\r\n\t\t<div class=\"w-grid-item-h\">\r\n\t\t\t\t\t\t\t<a ref=\"magnificPopupGrid\" href=\"https:\/\/inorblock.com\/wp-content\/uploads\/2019\/06\/wd-6.jpg\" class=\"w-grid-item-anchor\" aria-label=\"wd-6\"><\/a>\r\n\t\t\t\t\t\t<div class=\"w-post-elm post_image usg_post_image_1 stretched\"><img loading=\"lazy\" decoding=\"async\" width=\"755\" height=\"518\" src=\"https:\/\/inorblock.com\/wp-content\/uploads\/2019\/06\/wd-6.jpg\" class=\"attachment-large size-large\" alt=\"\" srcset=\"https:\/\/inorblock.com\/wp-content\/uploads\/2019\/06\/wd-6.jpg 755w, https:\/\/inorblock.com\/wp-content\/uploads\/2019\/06\/wd-6-300x206.jpg 300w\" sizes=\"auto, (max-width: 755px) 100vw, 755px\" \/><\/div>\t\t<\/div>\r\n\t\t\t<\/article>\r\n\t<article class=\"w-grid-item size_1x1 post-636 attachment type-attachment status-inherit hentry\" data-id=\"636\">\r\n\t\t<div class=\"w-grid-item-h\">\r\n\t\t\t\t\t\t\t<a ref=\"magnificPopupGrid\" href=\"https:\/\/inorblock.com\/wp-content\/uploads\/2019\/06\/md-7a.jpg\" class=\"w-grid-item-anchor\" aria-label=\"md-7a\"><\/a>\r\n\t\t\t\t\t\t<div class=\"w-post-elm post_image usg_post_image_1 stretched\"><img loading=\"lazy\" decoding=\"async\" width=\"813\" height=\"565\" src=\"https:\/\/inorblock.com\/wp-content\/uploads\/2019\/06\/md-7a.jpg\" class=\"attachment-large size-large\" alt=\"\" srcset=\"https:\/\/inorblock.com\/wp-content\/uploads\/2019\/06\/md-7a.jpg 813w, https:\/\/inorblock.com\/wp-content\/uploads\/2019\/06\/md-7a-300x208.jpg 300w\" sizes=\"auto, (max-width: 813px) 100vw, 813px\" \/><\/div>\t\t<\/div>\r\n\t\t\t<\/article>\r\n\t<article class=\"w-grid-item size_1x1 post-663 attachment type-attachment status-inherit hentry\" data-id=\"663\">\r\n\t\t<div class=\"w-grid-item-h\">\r\n\t\t\t\t\t\t\t<a ref=\"magnificPopupGrid\" href=\"https:\/\/inorblock.com\/wp-content\/uploads\/2019\/06\/p03.jpg\" class=\"w-grid-item-anchor\" aria-label=\"p03\"><\/a>\r\n\t\t\t\t\t\t<div class=\"w-post-elm post_image usg_post_image_1 stretched\"><img loading=\"lazy\" decoding=\"async\" width=\"816\" height=\"631\" src=\"https:\/\/inorblock.com\/wp-content\/uploads\/2019\/06\/p03.jpg\" class=\"attachment-large size-large\" alt=\"\" srcset=\"https:\/\/inorblock.com\/wp-content\/uploads\/2019\/06\/p03.jpg 816w, https:\/\/inorblock.com\/wp-content\/uploads\/2019\/06\/p03-300x232.jpg 300w\" sizes=\"auto, (max-width: 816px) 100vw, 816px\" \/><\/div>\t\t<\/div>\r\n\t\t\t<\/article>\r\n\t<article class=\"w-grid-item size_1x1 post-672 attachment type-attachment status-inherit hentry\" data-id=\"672\">\r\n\t\t<div class=\"w-grid-item-h\">\r\n\t\t\t\t\t\t\t<a ref=\"magnificPopupGrid\" href=\"https:\/\/inorblock.com\/wp-content\/uploads\/2019\/06\/p04.jpg\" class=\"w-grid-item-anchor\" aria-label=\"p04\"><\/a>\r\n\t\t\t\t\t\t<div class=\"w-post-elm post_image usg_post_image_1 stretched\"><img loading=\"lazy\" decoding=\"async\" width=\"848\" height=\"631\" src=\"https:\/\/inorblock.com\/wp-content\/uploads\/2019\/06\/p04.jpg\" class=\"attachment-large size-large\" alt=\"\" srcset=\"https:\/\/inorblock.com\/wp-content\/uploads\/2019\/06\/p04.jpg 848w, https:\/\/inorblock.com\/wp-content\/uploads\/2019\/06\/p04-300x223.jpg 300w\" sizes=\"auto, (max-width: 848px) 100vw, 848px\" \/><\/div>\t\t<\/div>\r\n\t\t\t<\/article>\r\n<\/div><div class=\"w-grid-preloader\">\t<div class=\"g-preloader type_5\">\r\n\t\t<div><\/div>\r\n\t<\/div>\r\n\t<\/div>\t<div class=\"w-grid-json hidden\" onclick='return {&quot;action&quot;:&quot;us_ajax_grid&quot;,&quot;infinite_scroll&quot;:0,&quot;max_num_pages&quot;:1,&quot;pagination&quot;:&quot;none&quot;,&quot;template_vars&quot;:{&quot;columns&quot;:&quot;2&quot;,&quot;exclude_items&quot;:&quot;none&quot;,&quot;img_size&quot;:&quot;default&quot;,&quot;ignore_items_size&quot;:0,&quot;items_layout&quot;:&quot;gallery_default&quot;,&quot;items_offset&quot;:&quot;1&quot;,&quot;load_animation&quot;:&quot;none&quot;,&quot;overriding_link&quot;:&quot;%7B%22type%22%3A%22popup_image%22%7D&quot;,&quot;post_id&quot;:0,&quot;query_args&quot;:{&quot;post_type&quot;:[&quot;attachment&quot;],&quot;post__in&quot;:[&quot;87&quot;,&quot;88&quot;,&quot;91&quot;,&quot;86&quot;,&quot;89&quot;,&quot;90&quot;],&quot;post_status&quot;:&quot;inherit&quot;,&quot;post_mime_type&quot;:&quot;image&quot;,&quot;posts_per_page&quot;:&quot;10&quot;},&quot;orderby_query_args&quot;:{&quot;orderby&quot;:{&quot;post__in&quot;:&quot;ASC&quot;},&quot;order&quot;:&quot;ASC&quot;},&quot;type&quot;:&quot;grid&quot;,&quot;us_grid_post_type&quot;:&quot;attachment&quot;,&quot;us_grid_ajax_index&quot;:1,&quot;us_grid_filter_query_string&quot;:null,&quot;us_grid_index&quot;:1,&quot;page_args&quot;:[],&quot;lang&quot;:&quot;hr&quot;}}'><\/div>\r\n\t<\/div><\/div><\/div><\/div><\/div><\/div><\/section>\n","protected":false},"excerpt":{"rendered":"","protected":false},"author":2,"featured_media":0,"parent":1989,"menu_order":3,"comment_status":"closed","ping_status":"closed","template":"","meta":{"footnotes":"","_links_to":"","_links_to_target":""},"class_list":["post-1998","page","type-page","status-publish","hentry"],"yoast_head":"<!-- This site is optimized with the Yoast SEO plugin v24.5 - https:\/\/yoast.com\/wordpress\/plugins\/seo\/ -->\n<title>Projektiranje - Inorblock\u00ae<\/title>\n<meta name=\"robots\" content=\"index, follow, max-snippet:-1, max-image-preview:large, max-video-preview:-1\" \/>\n<link rel=\"canonical\" href=\"https:\/\/inorblock.com\/hr\/inorblock\/projektiranje\/\" \/>\n<meta property=\"og:locale\" content=\"hr_HR\" \/>\n<meta property=\"og:type\" content=\"article\" \/>\n<meta property=\"og:title\" content=\"Projektiranje - Inorblock\u00ae\" \/>\n<meta property=\"og:url\" content=\"https:\/\/inorblock.com\/hr\/inorblock\/projektiranje\/\" \/>\n<meta property=\"og:site_name\" content=\"Inorblock\u00ae\" \/>\n<meta name=\"twitter:card\" content=\"summary_large_image\" \/>\n<meta name=\"twitter:label1\" content=\"Procijenjeno vrijeme \u010ditanja\" \/>\n\t<meta name=\"twitter:data1\" content=\"1 minuta\" \/>\n<script type=\"application\/ld+json\" class=\"yoast-schema-graph\">{\"@context\":\"https:\/\/schema.org\",\"@graph\":[{\"@type\":\"WebPage\",\"@id\":\"https:\/\/inorblock.com\/hr\/inorblock\/projektiranje\/\",\"url\":\"https:\/\/inorblock.com\/hr\/inorblock\/projektiranje\/\",\"name\":\"Projektiranje - Inorblock\u00ae\",\"isPartOf\":{\"@id\":\"https:\/\/inorblock.com\/hr\/#website\"},\"datePublished\":\"2019-08-12T15:49:17+00:00\",\"breadcrumb\":{\"@id\":\"https:\/\/inorblock.com\/hr\/inorblock\/projektiranje\/#breadcrumb\"},\"inLanguage\":\"hr\",\"potentialAction\":[{\"@type\":\"ReadAction\",\"target\":[\"https:\/\/inorblock.com\/hr\/inorblock\/projektiranje\/\"]}]},{\"@type\":\"BreadcrumbList\",\"@id\":\"https:\/\/inorblock.com\/hr\/inorblock\/projektiranje\/#breadcrumb\",\"itemListElement\":[{\"@type\":\"ListItem\",\"position\":1,\"name\":\"Home\",\"item\":\"https:\/\/inorblock.com\/hr\/\"},{\"@type\":\"ListItem\",\"position\":2,\"name\":\"InorBlock\u00ae\",\"item\":\"\/hr\/tehnicki-detalji\/\"},{\"@type\":\"ListItem\",\"position\":3,\"name\":\"Projektiranje\"}]},{\"@type\":\"WebSite\",\"@id\":\"https:\/\/inorblock.com\/hr\/#website\",\"url\":\"https:\/\/inorblock.com\/hr\/\",\"name\":\"Inorblock\u00ae\",\"description\":\"Simple Solid Stable\",\"potentialAction\":[{\"@type\":\"SearchAction\",\"target\":{\"@type\":\"EntryPoint\",\"urlTemplate\":\"https:\/\/inorblock.com\/hr\/?s={search_term_string}\"},\"query-input\":{\"@type\":\"PropertyValueSpecification\",\"valueRequired\":true,\"valueName\":\"search_term_string\"}}],\"inLanguage\":\"hr\"}]}<\/script>\n<!-- \/ Yoast SEO plugin. -->","yoast_head_json":{"title":"Projektiranje - Inorblock\u00ae","robots":{"index":"index","follow":"follow","max-snippet":"max-snippet:-1","max-image-preview":"max-image-preview:large","max-video-preview":"max-video-preview:-1"},"canonical":"https:\/\/inorblock.com\/hr\/inorblock\/projektiranje\/","og_locale":"hr_HR","og_type":"article","og_title":"Projektiranje - Inorblock\u00ae","og_url":"https:\/\/inorblock.com\/hr\/inorblock\/projektiranje\/","og_site_name":"Inorblock\u00ae","twitter_card":"summary_large_image","twitter_misc":{"Procijenjeno vrijeme \u010ditanja":"1 minuta"},"schema":{"@context":"https:\/\/schema.org","@graph":[{"@type":"WebPage","@id":"https:\/\/inorblock.com\/hr\/inorblock\/projektiranje\/","url":"https:\/\/inorblock.com\/hr\/inorblock\/projektiranje\/","name":"Projektiranje - Inorblock\u00ae","isPartOf":{"@id":"https:\/\/inorblock.com\/hr\/#website"},"datePublished":"2019-08-12T15:49:17+00:00","breadcrumb":{"@id":"https:\/\/inorblock.com\/hr\/inorblock\/projektiranje\/#breadcrumb"},"inLanguage":"hr","potentialAction":[{"@type":"ReadAction","target":["https:\/\/inorblock.com\/hr\/inorblock\/projektiranje\/"]}]},{"@type":"BreadcrumbList","@id":"https:\/\/inorblock.com\/hr\/inorblock\/projektiranje\/#breadcrumb","itemListElement":[{"@type":"ListItem","position":1,"name":"Home","item":"https:\/\/inorblock.com\/hr\/"},{"@type":"ListItem","position":2,"name":"InorBlock\u00ae","item":"\/hr\/tehnicki-detalji\/"},{"@type":"ListItem","position":3,"name":"Projektiranje"}]},{"@type":"WebSite","@id":"https:\/\/inorblock.com\/hr\/#website","url":"https:\/\/inorblock.com\/hr\/","name":"Inorblock\u00ae","description":"Simple Solid Stable","potentialAction":[{"@type":"SearchAction","target":{"@type":"EntryPoint","urlTemplate":"https:\/\/inorblock.com\/hr\/?s={search_term_string}"},"query-input":{"@type":"PropertyValueSpecification","valueRequired":true,"valueName":"search_term_string"}}],"inLanguage":"hr"}]}},"_links":{"self":[{"href":"https:\/\/inorblock.com\/hr\/wp-json\/wp\/v2\/pages\/1998","targetHints":{"allow":["GET"]}}],"collection":[{"href":"https:\/\/inorblock.com\/hr\/wp-json\/wp\/v2\/pages"}],"about":[{"href":"https:\/\/inorblock.com\/hr\/wp-json\/wp\/v2\/types\/page"}],"author":[{"embeddable":true,"href":"https:\/\/inorblock.com\/hr\/wp-json\/wp\/v2\/users\/2"}],"replies":[{"embeddable":true,"href":"https:\/\/inorblock.com\/hr\/wp-json\/wp\/v2\/comments?post=1998"}],"version-history":[{"count":1,"href":"https:\/\/inorblock.com\/hr\/wp-json\/wp\/v2\/pages\/1998\/revisions"}],"predecessor-version":[{"id":1999,"href":"https:\/\/inorblock.com\/hr\/wp-json\/wp\/v2\/pages\/1998\/revisions\/1999"}],"up":[{"embeddable":true,"href":"https:\/\/inorblock.com\/hr\/wp-json\/wp\/v2\/pages\/1989"}],"wp:attachment":[{"href":"https:\/\/inorblock.com\/hr\/wp-json\/wp\/v2\/media?parent=1998"}],"curies":[{"name":"wp","href":"https:\/\/api.w.org\/{rel}","templated":true}]}}