{"id":2044,"date":"2019-08-13T12:51:38","date_gmt":"2019-08-13T12:51:38","guid":{"rendered":"https:\/\/inorblock.com\/?page_id=2044"},"modified":"2019-08-13T12:51:38","modified_gmt":"2019-08-13T12:51:38","slug":"ponuda-za-investitore","status":"publish","type":"page","link":"https:\/\/inorblock.com\/hr\/ponuda\/ponuda-za-investitore\/","title":{"rendered":"Ponuda za investitore"},"content":{"rendered":"<section class=\"l-section wpb_row height_small\"><div class=\"l-section-h i-cf\"><div class=\"g-cols vc_row via_flex valign_top type_default stacking_default\"><div class=\"vc_col-sm-12 wpb_column vc_column_container\"><div class=\"vc_column-inner\"><div class=\"wpb_wrapper\"><div class=\"wpb_text_column\"><div class=\"wpb_wrapper\"><h2>Ponuda za investitore<\/h2>\n<p>Pru\u017eamo usluge tehni\u010dkog konzaltinga i projektne podr\u0161ke na sveobuhvatan na\u010din, izvr\u0161avaju\u0107i kompletnu geolo\u0161ku i geotehni\u010dku dokumentaciju, projekte kao i obavljanje autorskog nadzora nad realizacijama. Poma\u017eemo u odabiru tehnologija i materijala, izvo\u0111enju in\u017eenjerskih analiza. Provodimo sveobuhvatnu verifikaciju projekata. Iz usvojenih projektnih pretpostavki i kalkulacija, kroz analizu gra\u0111evinskih crte\u017ea, a zavr\u0161ava se analizom specifikacija i predmjera. Tako\u0111er vr\u0161imo ekonomske, komparativne i indikativne analize.<\/p>\n<\/div><\/div><\/div><\/div><\/div><\/div><\/div><\/section>\n","protected":false},"excerpt":{"rendered":"Ponuda za investitore Pru\u017eamo usluge tehni\u010dkog konzaltinga i projektne podr\u0161ke na sveobuhvatan na\u010din, izvr\u0161avaju\u0107i kompletnu geolo\u0161ku i geotehni\u010dku dokumentaciju, projekte kao i obavljanje autorskog nadzora nad realizacijama. Poma\u017eemo u odabiru tehnologija i materijala, izvo\u0111enju in\u017eenjerskih analiza. Provodimo sveobuhvatnu verifikaciju projekata. Iz usvojenih projektnih pretpostavki i kalkulacija, kroz analizu gra\u0111evinskih crte\u017ea, a zavr\u0161ava se analizom specifikacija...","protected":false},"author":2,"featured_media":0,"parent":2028,"menu_order":5,"comment_status":"closed","ping_status":"closed","template":"","meta":{"footnotes":"","_links_to":"","_links_to_target":""},"class_list":["post-2044","page","type-page","status-publish","hentry"],"yoast_head":"<!-- This site is optimized with the Yoast SEO plugin v24.5 - https:\/\/yoast.com\/wordpress\/plugins\/seo\/ -->\n<title>Ponuda za investitore - Inorblock\u00ae<\/title>\n<meta name=\"robots\" content=\"index, follow, max-snippet:-1, max-image-preview:large, max-video-preview:-1\" \/>\n<link rel=\"canonical\" href=\"https:\/\/inorblock.com\/hr\/ponuda\/ponuda-za-investitore\/\" \/>\n<meta property=\"og:locale\" content=\"hr_HR\" \/>\n<meta property=\"og:type\" content=\"article\" \/>\n<meta property=\"og:title\" content=\"Ponuda za investitore - Inorblock\u00ae\" \/>\n<meta property=\"og:url\" content=\"https:\/\/inorblock.com\/hr\/ponuda\/ponuda-za-investitore\/\" \/>\n<meta property=\"og:site_name\" content=\"Inorblock\u00ae\" \/>\n<meta name=\"twitter:card\" content=\"summary_large_image\" \/>\n<script type=\"application\/ld+json\" class=\"yoast-schema-graph\">{\"@context\":\"https:\/\/schema.org\",\"@graph\":[{\"@type\":\"WebPage\",\"@id\":\"https:\/\/inorblock.com\/hr\/ponuda\/ponuda-za-investitore\/\",\"url\":\"https:\/\/inorblock.com\/hr\/ponuda\/ponuda-za-investitore\/\",\"name\":\"Ponuda za investitore - Inorblock\u00ae\",\"isPartOf\":{\"@id\":\"https:\/\/inorblock.com\/hr\/#website\"},\"datePublished\":\"2019-08-13T12:51:38+00:00\",\"breadcrumb\":{\"@id\":\"https:\/\/inorblock.com\/hr\/ponuda\/ponuda-za-investitore\/#breadcrumb\"},\"inLanguage\":\"hr\",\"potentialAction\":[{\"@type\":\"ReadAction\",\"target\":[\"https:\/\/inorblock.com\/hr\/ponuda\/ponuda-za-investitore\/\"]}]},{\"@type\":\"BreadcrumbList\",\"@id\":\"https:\/\/inorblock.com\/hr\/ponuda\/ponuda-za-investitore\/#breadcrumb\",\"itemListElement\":[{\"@type\":\"ListItem\",\"position\":1,\"name\":\"Home\",\"item\":\"https:\/\/inorblock.com\/hr\/\"},{\"@type\":\"ListItem\",\"position\":2,\"name\":\"Ponuda\",\"item\":\"https:\/\/inorblock.com\/hr\/ponuda\/\"},{\"@type\":\"ListItem\",\"position\":3,\"name\":\"Ponuda za investitore\"}]},{\"@type\":\"WebSite\",\"@id\":\"https:\/\/inorblock.com\/hr\/#website\",\"url\":\"https:\/\/inorblock.com\/hr\/\",\"name\":\"Inorblock\u00ae\",\"description\":\"Simple Solid Stable\",\"potentialAction\":[{\"@type\":\"SearchAction\",\"target\":{\"@type\":\"EntryPoint\",\"urlTemplate\":\"https:\/\/inorblock.com\/hr\/?s={search_term_string}\"},\"query-input\":{\"@type\":\"PropertyValueSpecification\",\"valueRequired\":true,\"valueName\":\"search_term_string\"}}],\"inLanguage\":\"hr\"}]}<\/script>\n<!-- \/ Yoast SEO plugin. -->","yoast_head_json":{"title":"Ponuda za investitore - Inorblock\u00ae","robots":{"index":"index","follow":"follow","max-snippet":"max-snippet:-1","max-image-preview":"max-image-preview:large","max-video-preview":"max-video-preview:-1"},"canonical":"https:\/\/inorblock.com\/hr\/ponuda\/ponuda-za-investitore\/","og_locale":"hr_HR","og_type":"article","og_title":"Ponuda za investitore - Inorblock\u00ae","og_url":"https:\/\/inorblock.com\/hr\/ponuda\/ponuda-za-investitore\/","og_site_name":"Inorblock\u00ae","twitter_card":"summary_large_image","schema":{"@context":"https:\/\/schema.org","@graph":[{"@type":"WebPage","@id":"https:\/\/inorblock.com\/hr\/ponuda\/ponuda-za-investitore\/","url":"https:\/\/inorblock.com\/hr\/ponuda\/ponuda-za-investitore\/","name":"Ponuda za investitore - Inorblock\u00ae","isPartOf":{"@id":"https:\/\/inorblock.com\/hr\/#website"},"datePublished":"2019-08-13T12:51:38+00:00","breadcrumb":{"@id":"https:\/\/inorblock.com\/hr\/ponuda\/ponuda-za-investitore\/#breadcrumb"},"inLanguage":"hr","potentialAction":[{"@type":"ReadAction","target":["https:\/\/inorblock.com\/hr\/ponuda\/ponuda-za-investitore\/"]}]},{"@type":"BreadcrumbList","@id":"https:\/\/inorblock.com\/hr\/ponuda\/ponuda-za-investitore\/#breadcrumb","itemListElement":[{"@type":"ListItem","position":1,"name":"Home","item":"https:\/\/inorblock.com\/hr\/"},{"@type":"ListItem","position":2,"name":"Ponuda","item":"https:\/\/inorblock.com\/hr\/ponuda\/"},{"@type":"ListItem","position":3,"name":"Ponuda za investitore"}]},{"@type":"WebSite","@id":"https:\/\/inorblock.com\/hr\/#website","url":"https:\/\/inorblock.com\/hr\/","name":"Inorblock\u00ae","description":"Simple Solid Stable","potentialAction":[{"@type":"SearchAction","target":{"@type":"EntryPoint","urlTemplate":"https:\/\/inorblock.com\/hr\/?s={search_term_string}"},"query-input":{"@type":"PropertyValueSpecification","valueRequired":true,"valueName":"search_term_string"}}],"inLanguage":"hr"}]}},"_links":{"self":[{"href":"https:\/\/inorblock.com\/hr\/wp-json\/wp\/v2\/pages\/2044","targetHints":{"allow":["GET"]}}],"collection":[{"href":"https:\/\/inorblock.com\/hr\/wp-json\/wp\/v2\/pages"}],"about":[{"href":"https:\/\/inorblock.com\/hr\/wp-json\/wp\/v2\/types\/page"}],"author":[{"embeddable":true,"href":"https:\/\/inorblock.com\/hr\/wp-json\/wp\/v2\/users\/2"}],"replies":[{"embeddable":true,"href":"https:\/\/inorblock.com\/hr\/wp-json\/wp\/v2\/comments?post=2044"}],"version-history":[{"count":1,"href":"https:\/\/inorblock.com\/hr\/wp-json\/wp\/v2\/pages\/2044\/revisions"}],"predecessor-version":[{"id":2045,"href":"https:\/\/inorblock.com\/hr\/wp-json\/wp\/v2\/pages\/2044\/revisions\/2045"}],"up":[{"embeddable":true,"href":"https:\/\/inorblock.com\/hr\/wp-json\/wp\/v2\/pages\/2028"}],"wp:attachment":[{"href":"https:\/\/inorblock.com\/hr\/wp-json\/wp\/v2\/media?parent=2044"}],"curies":[{"name":"wp","href":"https:\/\/api.w.org\/{rel}","templated":true}]}}