{"id":6718,"date":"2024-10-14T13:16:58","date_gmt":"2024-10-14T11:16:58","guid":{"rendered":"https:\/\/inorblock.com\/?page_id=6718"},"modified":"2024-11-07T12:07:20","modified_gmt":"2024-11-07T10:07:20","slug":"inorex","status":"publish","type":"page","link":"https:\/\/inorblock.com\/lt\/itvirtinimas\/inorex\/","title":{"rendered":"Inorex\u00ae"},"content":{"rendered":"<section class=\"l-section wpb_row height_small\"><div class=\"l-section-h i-cf\"><div class=\"g-cols vc_row via_flex valign_top type_default stacking_default\"><div class=\"vc_col-sm-12 wpb_column vc_column_container\"><div class=\"vc_column-inner\"><div class=\"wpb_wrapper\"><div class=\"wpb_text_column\"><div class=\"wpb_wrapper\"><h2>Specifikacija<\/h2>\n<p>Inorex\u00ae \u2013 tai geosintetine med\u017eiaga sustiprinto grunto blok\u0173 \u012ftvirtinimo sistema.<\/p>\n<p>J\u0105 sudaro:<\/p>\n<ul>\n<li>cinkuoto plieno tinklas, sudarantis i\u0161orin\u0119 \u012ftvirtinimo dal\u012f,<\/li>\n<li>special\u016bs inkarai, \u012frengti atitinkamais atstumais tarp vienas po kito einan\u010di\u0173 sustiprinto grunto bloko sluoksni\u0173 ir kartu tvirtinantys plieninio tinklo \u012ftvirtinim\u0105,<\/li>\n<li>akmuo, kuriuo u\u017epildomas tarpas tarp plieninio tinklo ir sustiprinto grunto bloko.<\/li>\n<\/ul>\n<\/div><\/div><\/div><\/div><\/div><\/div><\/div><\/section><section class=\"l-section wpb_row height_small\"><div class=\"l-section-h i-cf\"><div class=\"g-cols vc_row via_flex valign_top type_default stacking_default\"><div class=\"vc_col-sm-12 wpb_column vc_column_container\"><div class=\"vc_column-inner\"><div class=\"wpb_wrapper\"><div class=\"w-grid type_grid layout_gallery_default cols_2\" id=\"us_grid_1\" style=\"--columns:2;--gap:1.5rem;\" data-filterable=\"true\"><style>@media (max-width:600px){#us_grid_1{--columns:1!important}}.layout_gallery_default .w-grid-item-h{}<\/style><div class=\"w-grid-list\">\t<article class=\"w-grid-item size_1x1 post-7468 attachment type-attachment status-inherit hentry\" data-id=\"7468\">\r\n\t\t<div class=\"w-grid-item-h\">\r\n\t\t\t\t\t\t<div class=\"w-post-elm post_image usg_post_image_1 stretched\"><img loading=\"lazy\" decoding=\"async\" width=\"1024\" height=\"768\" src=\"https:\/\/inorblock.com\/wp-content\/uploads\/2021\/06\/Inorex-system-retaining-wall-with-stone-facing-installation-1024x768.jpg\" class=\"attachment-large size-large\" alt=\"\" srcset=\"https:\/\/inorblock.com\/wp-content\/uploads\/2021\/06\/Inorex-system-retaining-wall-with-stone-facing-installation-1024x768.jpg 1024w, https:\/\/inorblock.com\/wp-content\/uploads\/2021\/06\/Inorex-system-retaining-wall-with-stone-facing-installation-300x225.jpg 300w, https:\/\/inorblock.com\/wp-content\/uploads\/2021\/06\/Inorex-system-retaining-wall-with-stone-facing-installation.jpg 2000w\" sizes=\"auto, (max-width: 1024px) 100vw, 1024px\" \/><\/div>\t\t<\/div>\r\n\t\t\t<\/article>\r\n\t<article class=\"w-grid-item size_1x1 post-7469 attachment type-attachment status-inherit hentry\" data-id=\"7469\">\r\n\t\t<div class=\"w-grid-item-h\">\r\n\t\t\t\t\t\t<div class=\"w-post-elm post_image usg_post_image_1 stretched\"><img loading=\"lazy\" decoding=\"async\" width=\"1024\" height=\"768\" src=\"https:\/\/inorblock.com\/wp-content\/uploads\/2021\/06\/Inorex-system-retaining-wall-with-stone-facing-1024x768.jpg\" class=\"attachment-large size-large\" alt=\"\" srcset=\"https:\/\/inorblock.com\/wp-content\/uploads\/2021\/06\/Inorex-system-retaining-wall-with-stone-facing-1024x768.jpg 1024w, https:\/\/inorblock.com\/wp-content\/uploads\/2021\/06\/Inorex-system-retaining-wall-with-stone-facing-300x225.jpg 300w, https:\/\/inorblock.com\/wp-content\/uploads\/2021\/06\/Inorex-system-retaining-wall-with-stone-facing.jpg 1632w\" sizes=\"auto, (max-width: 1024px) 100vw, 1024px\" \/><\/div>\t\t<\/div>\r\n\t\t\t<\/article>\r\n<\/div><div class=\"w-grid-preloader\">\t<div class=\"g-preloader type_5\">\r\n\t\t<div><\/div>\r\n\t<\/div>\r\n\t<\/div>\t<div class=\"w-grid-json hidden\" onclick='return {&quot;action&quot;:&quot;us_ajax_grid&quot;,&quot;infinite_scroll&quot;:0,&quot;max_num_pages&quot;:1,&quot;pagination&quot;:&quot;none&quot;,&quot;template_vars&quot;:{&quot;columns&quot;:&quot;2&quot;,&quot;exclude_items&quot;:&quot;none&quot;,&quot;img_size&quot;:&quot;default&quot;,&quot;ignore_items_size&quot;:0,&quot;items_layout&quot;:&quot;gallery_default&quot;,&quot;items_offset&quot;:&quot;1&quot;,&quot;load_animation&quot;:&quot;none&quot;,&quot;overriding_link&quot;:&quot;{\\&quot;url\\&quot;:\\&quot;\\&quot;}&quot;,&quot;post_id&quot;:0,&quot;query_args&quot;:{&quot;post_type&quot;:[&quot;attachment&quot;],&quot;post__in&quot;:[&quot;4442&quot;,&quot;4451&quot;],&quot;post_status&quot;:&quot;inherit&quot;,&quot;post_mime_type&quot;:&quot;image&quot;,&quot;posts_per_page&quot;:&quot;10&quot;},&quot;orderby_query_args&quot;:{&quot;orderby&quot;:{&quot;post__in&quot;:&quot;ASC&quot;},&quot;order&quot;:&quot;ASC&quot;},&quot;type&quot;:&quot;grid&quot;,&quot;us_grid_post_type&quot;:&quot;attachment&quot;,&quot;us_grid_ajax_index&quot;:1,&quot;us_grid_filter_query_string&quot;:null,&quot;us_grid_index&quot;:1,&quot;page_args&quot;:[],&quot;lang&quot;:&quot;lt&quot;}}'><\/div>\r\n\t<\/div><\/div><\/div><\/div><\/div><\/div><\/section><section class=\"l-section wpb_row height_small\"><div class=\"l-section-h i-cf\"><div class=\"g-cols vc_row via_flex valign_top type_default stacking_default\"><div class=\"vc_col-sm-12 wpb_column vc_column_container\"><div class=\"vc_column-inner\"><div class=\"wpb_wrapper\"><div class=\"wpb_text_column\"><div class=\"wpb_wrapper\"><h2>Apra\u0161ymas<\/h2>\n<p>Sustiprinto grunto technologija atramin\u0117se konstrukcijose leid\u017eia lanks\u010diai parinkti \u012ftvirtinim\u0105. Pagrindiniai veiksniai, lemiantys jos tip\u0105, yra \u0161ie: sienos auk\u0161tis, paskirtis, apkrova, taip pat statybos vietos vieta (seismin\u0117 zona, nuo\u0161liau\u017e\u0173 zona, po\u017eeminis gruntas). Taip pat reik\u0117t\u0173 atsi\u017evelgti \u012f vietini\u0173 statybini\u0173 med\u017eiag\u0173 prieinamum\u0105, \u012fskaitant u\u017epylim\u0105 med\u017eiagomis i\u0161 i\u0161kas\u0173, taip pat akmen\u012f, naudojam\u0105 kaip konstrukcijos \u012ftvirtinim\u0105. Tai turi didel\u0119 \u012ftak\u0105 tiek investicini\u0173 i\u0161laid\u0173 suma\u017einimui, tiek ir statybos darb\u0173 pagreitinimui.<\/p>\n<p>Inorex\u00ae sistema leid\u017eia statybos darbus i\u0161d\u0117styti etapais, o tai ypa\u010d svarbu vietov\u0117se, kuriose prognozuojami ir nustatomi \u012fgriuvimai. Pirmuoju etapu galima pastatyti sustiprinto grunto blok\u0105 iki viso projektinio auk\u0161\u010dio, \u012fskaitant inkarus \u012ftvirtinimo elementams \u012frengti. \u0160i konstrukcija yra savaime stabili, tod\u0117l galima laukti, kol \u012fvyks numatomas \u012fgriuvimas. Jam pasibaigus, antruoju \u017eingsniu reikia statyti \u012ftvirtinim\u0105 \u2013 \u012frengti plienin\u012f tinkl\u0105 ir u\u017epildyti akmenimis.<\/p>\n<p>Plienin\u0117s tinklo aku\u010di\u0173 dyd\u012f galima pritaikyti prie vietoje turim\u0173 akmen\u0173 matmen\u0173. Inorex\u00ae sistemos inkarai u\u017etikrina greit\u0105 ir nesud\u0117ting\u0105 montavim\u0105. D\u0117l didelio inkaravimo element\u0173 reguliavimo diapazono galima tinkamai suformuoti \u012ftvirtinimo element\u0105, tod\u0117l u\u017etikrinamas tinkamas \u012ftvirtinimo pasvirimas; tai turi tiesiogin\u0117s \u012ftakos b\u016bsimo objekto estetikai.<\/p>\n<\/div><\/div><\/div><\/div><\/div><\/div><\/div><\/section><section class=\"l-section wpb_row height_small\"><div class=\"l-section-h i-cf\"><div class=\"g-cols vc_row via_flex valign_top type_default stacking_default\"><div class=\"vc_col-sm-12 wpb_column vc_column_container\"><div class=\"vc_column-inner\"><div class=\"wpb_wrapper\"><div class=\"wpb_text_column\"><div class=\"wpb_wrapper\"><h2>Privalumai:<\/h2>\n<p>&#8211; lengva ir greita statyba naudojant vietoje turimas med\u017eiagas,<\/p>\n<p>&#8211; galimyb\u0117 etapais vykdyti statybos darbus (sustiprinto grunto blokai \/ akmen\u0173 danga),<\/p>\n<p>&#8211; rekomenduojama seismin\u0117se ir nuo\u0161liau\u017e\u0173 zonose, nes lanksti apdaila kompensuoja nedideles nuo\u0161liau\u017eas ir deformacijas.<\/p>\n<h2>Pritaikymas:<\/h2>\n<p>&#8211; atramin\u0117s sienos ir triuk\u0161mo u\u017etvaros,<\/p>\n<p>&#8211; rampos ir priva\u017eiavimai prie in\u017einerini\u0173 statini\u0173,<\/p>\n<p>&#8211; tilt\u0173 atramos.<\/p>\n<\/div><\/div><\/div><\/div><\/div><\/div><\/div><\/section>\n","protected":false},"excerpt":{"rendered":"","protected":false},"author":1,"featured_media":0,"parent":6710,"menu_order":2,"comment_status":"closed","ping_status":"closed","template":"","meta":{"footnotes":"","_links_to":"","_links_to_target":""},"class_list":["post-6718","page","type-page","status-publish","hentry"],"yoast_head":"<!-- This site is optimized with the Yoast SEO plugin v24.5 - https:\/\/yoast.com\/wordpress\/plugins\/seo\/ -->\n<title>Inorex\u00ae - Inorblock\u00ae<\/title>\n<meta name=\"robots\" content=\"index, follow, max-snippet:-1, max-image-preview:large, max-video-preview:-1\" \/>\n<link rel=\"canonical\" href=\"https:\/\/inorblock.com\/lt\/itvirtinimas\/inorex\/\" \/>\n<meta property=\"og:locale\" content=\"lt_LT\" \/>\n<meta property=\"og:type\" content=\"article\" \/>\n<meta property=\"og:title\" content=\"Inorex\u00ae - Inorblock\u00ae\" \/>\n<meta property=\"og:url\" content=\"https:\/\/inorblock.com\/lt\/itvirtinimas\/inorex\/\" \/>\n<meta property=\"og:site_name\" content=\"Inorblock\u00ae\" \/>\n<meta property=\"article:modified_time\" content=\"2024-11-07T10:07:20+00:00\" \/>\n<meta name=\"twitter:card\" content=\"summary_large_image\" \/>\n<meta name=\"twitter:label1\" content=\"Est. reading time\" \/>\n\t<meta name=\"twitter:data1\" content=\"2 minut\u0117s\" \/>\n<script type=\"application\/ld+json\" class=\"yoast-schema-graph\">{\"@context\":\"https:\/\/schema.org\",\"@graph\":[{\"@type\":\"WebPage\",\"@id\":\"https:\/\/inorblock.com\/lt\/itvirtinimas\/inorex\/\",\"url\":\"https:\/\/inorblock.com\/lt\/itvirtinimas\/inorex\/\",\"name\":\"Inorex\u00ae - Inorblock\u00ae\",\"isPartOf\":{\"@id\":\"https:\/\/inorblock.com\/lt\/#website\"},\"datePublished\":\"2024-10-14T11:16:58+00:00\",\"dateModified\":\"2024-11-07T10:07:20+00:00\",\"breadcrumb\":{\"@id\":\"https:\/\/inorblock.com\/lt\/itvirtinimas\/inorex\/#breadcrumb\"},\"inLanguage\":\"lt-LT\",\"potentialAction\":[{\"@type\":\"ReadAction\",\"target\":[\"https:\/\/inorblock.com\/lt\/itvirtinimas\/inorex\/\"]}]},{\"@type\":\"BreadcrumbList\",\"@id\":\"https:\/\/inorblock.com\/lt\/itvirtinimas\/inorex\/#breadcrumb\",\"itemListElement\":[{\"@type\":\"ListItem\",\"position\":1,\"name\":\"Home\",\"item\":\"https:\/\/inorblock.com\/lt\/\"},{\"@type\":\"ListItem\",\"position\":2,\"name\":\"\u012etvirtinimas\",\"item\":\"https:\/\/inorblock.com\/lt\/itvirtinimas\/inorblock\/\"},{\"@type\":\"ListItem\",\"position\":3,\"name\":\"Inorex\u00ae\"}]},{\"@type\":\"WebSite\",\"@id\":\"https:\/\/inorblock.com\/lt\/#website\",\"url\":\"https:\/\/inorblock.com\/lt\/\",\"name\":\"Inorblock\u00ae\",\"description\":\"Simple Solid Stable\",\"potentialAction\":[{\"@type\":\"SearchAction\",\"target\":{\"@type\":\"EntryPoint\",\"urlTemplate\":\"https:\/\/inorblock.com\/lt\/?s={search_term_string}\"},\"query-input\":{\"@type\":\"PropertyValueSpecification\",\"valueRequired\":true,\"valueName\":\"search_term_string\"}}],\"inLanguage\":\"lt-LT\"}]}<\/script>\n<!-- \/ Yoast SEO plugin. -->","yoast_head_json":{"title":"Inorex\u00ae - Inorblock\u00ae","robots":{"index":"index","follow":"follow","max-snippet":"max-snippet:-1","max-image-preview":"max-image-preview:large","max-video-preview":"max-video-preview:-1"},"canonical":"https:\/\/inorblock.com\/lt\/itvirtinimas\/inorex\/","og_locale":"lt_LT","og_type":"article","og_title":"Inorex\u00ae - Inorblock\u00ae","og_url":"https:\/\/inorblock.com\/lt\/itvirtinimas\/inorex\/","og_site_name":"Inorblock\u00ae","article_modified_time":"2024-11-07T10:07:20+00:00","twitter_card":"summary_large_image","twitter_misc":{"Est. reading time":"2 minut\u0117s"},"schema":{"@context":"https:\/\/schema.org","@graph":[{"@type":"WebPage","@id":"https:\/\/inorblock.com\/lt\/itvirtinimas\/inorex\/","url":"https:\/\/inorblock.com\/lt\/itvirtinimas\/inorex\/","name":"Inorex\u00ae - Inorblock\u00ae","isPartOf":{"@id":"https:\/\/inorblock.com\/lt\/#website"},"datePublished":"2024-10-14T11:16:58+00:00","dateModified":"2024-11-07T10:07:20+00:00","breadcrumb":{"@id":"https:\/\/inorblock.com\/lt\/itvirtinimas\/inorex\/#breadcrumb"},"inLanguage":"lt-LT","potentialAction":[{"@type":"ReadAction","target":["https:\/\/inorblock.com\/lt\/itvirtinimas\/inorex\/"]}]},{"@type":"BreadcrumbList","@id":"https:\/\/inorblock.com\/lt\/itvirtinimas\/inorex\/#breadcrumb","itemListElement":[{"@type":"ListItem","position":1,"name":"Home","item":"https:\/\/inorblock.com\/lt\/"},{"@type":"ListItem","position":2,"name":"\u012etvirtinimas","item":"https:\/\/inorblock.com\/lt\/itvirtinimas\/inorblock\/"},{"@type":"ListItem","position":3,"name":"Inorex\u00ae"}]},{"@type":"WebSite","@id":"https:\/\/inorblock.com\/lt\/#website","url":"https:\/\/inorblock.com\/lt\/","name":"Inorblock\u00ae","description":"Simple Solid Stable","potentialAction":[{"@type":"SearchAction","target":{"@type":"EntryPoint","urlTemplate":"https:\/\/inorblock.com\/lt\/?s={search_term_string}"},"query-input":{"@type":"PropertyValueSpecification","valueRequired":true,"valueName":"search_term_string"}}],"inLanguage":"lt-LT"}]}},"_links":{"self":[{"href":"https:\/\/inorblock.com\/lt\/wp-json\/wp\/v2\/pages\/6718","targetHints":{"allow":["GET"]}}],"collection":[{"href":"https:\/\/inorblock.com\/lt\/wp-json\/wp\/v2\/pages"}],"about":[{"href":"https:\/\/inorblock.com\/lt\/wp-json\/wp\/v2\/types\/page"}],"author":[{"embeddable":true,"href":"https:\/\/inorblock.com\/lt\/wp-json\/wp\/v2\/users\/1"}],"replies":[{"embeddable":true,"href":"https:\/\/inorblock.com\/lt\/wp-json\/wp\/v2\/comments?post=6718"}],"version-history":[{"count":4,"href":"https:\/\/inorblock.com\/lt\/wp-json\/wp\/v2\/pages\/6718\/revisions"}],"predecessor-version":[{"id":7156,"href":"https:\/\/inorblock.com\/lt\/wp-json\/wp\/v2\/pages\/6718\/revisions\/7156"}],"up":[{"embeddable":true,"href":"https:\/\/inorblock.com\/lt\/wp-json\/wp\/v2\/pages\/6710"}],"wp:attachment":[{"href":"https:\/\/inorblock.com\/lt\/wp-json\/wp\/v2\/media?parent=6718"}],"curies":[{"name":"wp","href":"https:\/\/api.w.org\/{rel}","templated":true}]}}