{"id":6745,"date":"2024-10-14T13:22:26","date_gmt":"2024-10-14T11:22:26","guid":{"rendered":"https:\/\/inorblock.com\/?page_id=6745"},"modified":"2025-01-21T12:52:12","modified_gmt":"2025-01-21T10:52:12","slug":"atramines-sienos","status":"publish","type":"page","link":"https:\/\/inorblock.com\/lt\/sustiprintas-gruntas\/atramines-sienos\/","title":{"rendered":"Atramin\u0117s sienos"},"content":{"rendered":"<section class=\"l-section wpb_row height_small\"><div class=\"l-section-h i-cf\"><div class=\"g-cols vc_row via_flex valign_top type_default stacking_default\"><div class=\"vc_col-sm-12 wpb_column vc_column_container\"><div class=\"vc_column-inner\"><div class=\"wpb_wrapper\"><div class=\"wpb_text_column\"><div class=\"wpb_wrapper\"><h2>Atramin\u0117s sienos<\/h2>\n<p>Atsi\u017evelgiant \u012f fasado bloko darbo pob\u016bd\u012f atramin\u0117je sienoje, galime pasirinkti dvi sistemas: pasyvi\u0105j\u0105 ir aktyvi\u0105j\u0105.<\/p>\n<\/div><\/div><\/div><\/div><\/div><\/div><\/div><\/section><section class=\"l-section wpb_row height_small\"><div class=\"l-section-h i-cf\"><div class=\"g-cols vc_row via_flex valign_top type_default stacking_default\"><div class=\"vc_col-sm-6 wpb_column vc_column_container\"><div class=\"vc_column-inner\"><div class=\"wpb_wrapper\"><div class=\"wpb_text_column\"><div class=\"wpb_wrapper\"><h2>Pasyvi Sistema (PS)<\/h2>\n<p>Pasyviojoje sistemoje atramin\u0117s sienos pavir\u0161ius yra tik baigiamasis elementas, suteikiantis konstrukcijai galutin\u0119 form\u0105 ir pavidal\u0105. Blokas i\u0161 sutvirtintos \u017eem\u0117s sukuria nepriklausom\u0105 konstrukcij\u0105, nes pylimo viduje esantys sutvirtinimo \u012fd\u0117klai atskiriami nuo \u012fd\u0117kl\u0173, \u012ftvirtinan\u010di\u0173 atramin\u0117s sienos pavir\u0161i\u0173.<\/p>\n<\/div><\/div><\/div><\/div><\/div><div class=\"vc_col-sm-6 wpb_column vc_column_container\"><div class=\"vc_column-inner\"><div class=\"wpb_wrapper\"><div class=\"w-image align_none\"><a ref=\"magnificPopup\" href=\"https:\/\/inorblock.com\/wp-content\/uploads\/2024\/12\/Atramines-Sienos-Aktyvi-Sistema.jpg\" aria-label=\"Atramines Sienos - Aktyvi Sistema\" class=\"w-image-h\"><img decoding=\"async\" width=\"1024\" height=\"921\" src=\"https:\/\/inorblock.com\/wp-content\/uploads\/2024\/12\/Atramines-Sienos-Aktyvi-Sistema-1024x921.jpg\" class=\"attachment-large size-large\" alt=\"\" loading=\"lazy\" srcset=\"https:\/\/inorblock.com\/wp-content\/uploads\/2024\/12\/Atramines-Sienos-Aktyvi-Sistema-1024x921.jpg 1024w, https:\/\/inorblock.com\/wp-content\/uploads\/2024\/12\/Atramines-Sienos-Aktyvi-Sistema-300x270.jpg 300w, https:\/\/inorblock.com\/wp-content\/uploads\/2024\/12\/Atramines-Sienos-Aktyvi-Sistema.jpg 1304w\" sizes=\"auto, (max-width: 1024px) 100vw, 1024px\" \/><\/a><\/div><\/div><\/div><\/div><\/div><\/div><\/section><section class=\"l-section wpb_row height_small\"><div class=\"l-section-h i-cf\"><div class=\"g-cols vc_row via_flex valign_top type_default stacking_default\"><div class=\"vc_col-sm-6 wpb_column vc_column_container\"><div class=\"vc_column-inner\"><div class=\"wpb_wrapper\"><div class=\"wpb_text_column\"><div class=\"wpb_wrapper\"><h2>Aktyvi Sistema (AS)<\/h2>\n<p>Aktyviosios sistemos atramini\u0173 sien\u0173 atveju geosintetin\u0117 med\u017eiaga pylimo viduje yra tiesiogiai sujungta su \u012ftvirtinimo elementu \u2013 sukuriama neatskiriama strukt\u016bra.<\/p>\n<\/div><\/div><\/div><\/div><\/div><div class=\"vc_col-sm-6 wpb_column vc_column_container\"><div class=\"vc_column-inner\"><div class=\"wpb_wrapper\"><div class=\"w-image align_none\"><a ref=\"magnificPopup\" href=\"https:\/\/inorblock.com\/wp-content\/uploads\/2024\/12\/Atramines-Sienos-Pasyvi-Sistema.jpg\" aria-label=\"Atramines Sienos - Pasyvi Sistema\" class=\"w-image-h\"><img decoding=\"async\" width=\"1024\" height=\"848\" src=\"https:\/\/inorblock.com\/wp-content\/uploads\/2024\/12\/Atramines-Sienos-Pasyvi-Sistema-1024x848.jpg\" class=\"attachment-large size-large\" alt=\"\" loading=\"lazy\" srcset=\"https:\/\/inorblock.com\/wp-content\/uploads\/2024\/12\/Atramines-Sienos-Pasyvi-Sistema-1024x848.jpg 1024w, https:\/\/inorblock.com\/wp-content\/uploads\/2024\/12\/Atramines-Sienos-Pasyvi-Sistema-300x248.jpg 300w, https:\/\/inorblock.com\/wp-content\/uploads\/2024\/12\/Atramines-Sienos-Pasyvi-Sistema.jpg 1417w\" sizes=\"auto, (max-width: 1024px) 100vw, 1024px\" \/><\/a><\/div><\/div><\/div><\/div><\/div><\/div><\/section><section class=\"l-section wpb_row height_small\"><div class=\"l-section-h i-cf\"><div class=\"g-cols vc_row via_flex valign_top type_default stacking_default\"><div class=\"vc_col-sm-12 wpb_column vc_column_container\"><div class=\"vc_column-inner\"><div class=\"wpb_wrapper\"><div class=\"wpb_text_column\"><div class=\"wpb_wrapper\"><h2>Taikymas<\/h2>\n<p>Geosintetin\u0117mis med\u017eiagomis sutvirtint\u0173 atramini\u0173 sien\u0173 technologija pla\u010diai taikoma:<\/p>\n<ul>\n<li style=\"list-style-type: none;\">\n<ul>\n<li>statant priva\u017eiavimus prie in\u017einerini\u0173 objekt\u0173, suma\u017einant \u017eem\u0117s darbus, reikalingus statant standartinio nuolyd\u017eio pylimus,<\/li>\n<li>apsaugant sta\u010dius \u0161laitus ir nuo\u0161liau\u017eas,<\/li>\n<li>\u012fgyjant papildom\u0105 reljef\u0105 (sutaupant vietos),<\/li>\n<li>optimizuojant tilt\u0173 atramas:\n<ul>\n<li>pakei\u010diant tradicines monolitines (gel\u017ebetonines) sparn\u0173 sienas,<\/li>\n<li>sparn\u0173 ir gr\u012f\u017etam\u0173j\u0173 sien\u0173 formavimas kolon\u0173 atram\u0173 konstrukcijose,<\/li>\n<li>statant i\u0161tisines gruntu sutvirtintas atramas, kai tipin\u0117 gel\u017ebetonio konstrukcija visi\u0161kai pakei\u010diama gruntu, sutvirtintu geosintetin\u0117mis med\u017eiagomis.<\/li>\n<\/ul>\n<\/li>\n<\/ul>\n<\/li>\n<\/ul>\n<p>Atramin\u0117s sienos, \u012frengtos pagal geosintetine med\u017eiaga sutvirtinto grunto technologij\u0105, suteikia galimyb\u0119 lanks\u010diai pasirinkti \u012ftvirtinimo elementus. Investuotojai ir projektuotojai gali rinktis i\u0161 daugelio prieinam\u0173 technologij\u0173.<\/p>\n<\/div><\/div><\/div><\/div><\/div><\/div><\/div><\/section><section class=\"l-section wpb_row height_auto\"><div class=\"l-section-h i-cf\"><div class=\"g-cols vc_row via_flex valign_top type_default stacking_default\"><div class=\"vc_col-sm-12 wpb_column vc_column_container\"><div class=\"vc_column-inner\"><div class=\"wpb_wrapper\"><div class=\"w-grid us_custom_33fe73d0 type_carousel layout_gallery_default open_items_in_popup items_2\" id=\"us_grid_1\" style=\"--items:2;--gap:30px;\"><style>.layout_gallery_default .w-grid-item-h{}<\/style><div class=\"w-grid-list owl-carousel valign_middle dotstyle_circle navstyle_circle navpos_outside owl-responsive-2000 with_arrows\" style=\"--transition-duration:350ms;--arrows-size:1.5rem;\">\t<article class=\"w-grid-item post-7298 attachment type-attachment status-inherit hentry\" data-id=\"7298\">\r\n\t\t<div class=\"w-grid-item-h\">\r\n\t\t\t\t\t\t<div class=\"w-post-elm post_image usg_post_image_1 stretched\"><img loading=\"lazy\" decoding=\"async\" width=\"600\" height=\"400\" src=\"https:\/\/inorblock.com\/wp-content\/uploads\/2019\/07\/mury-oporowe-10-600x400.jpg\" class=\"attachment-us_600_400_crop size-us_600_400_crop\" alt=\"\" \/><\/div>\t\t<\/div>\r\n\t\t\t<\/article>\r\n\t<article class=\"w-grid-item post-6744 attachment type-attachment status-inherit hentry\" data-id=\"6744\">\r\n\t\t<div class=\"w-grid-item-h\">\r\n\t\t\t\t\t\t<div class=\"w-post-elm post_image usg_post_image_1 stretched\"><img loading=\"lazy\" decoding=\"async\" width=\"600\" height=\"400\" src=\"https:\/\/inorblock.com\/wp-content\/uploads\/2019\/07\/grunt-zbrojny03-600x400.jpg\" class=\"attachment-us_600_400_crop size-us_600_400_crop\" alt=\"\" \/><\/div>\t\t<\/div>\r\n\t\t\t<\/article>\r\n\t<article class=\"w-grid-item post-7297 attachment type-attachment status-inherit hentry\" data-id=\"7297\">\r\n\t\t<div class=\"w-grid-item-h\">\r\n\t\t\t\t\t\t<div class=\"w-post-elm post_image usg_post_image_1 stretched\"><img loading=\"lazy\" decoding=\"async\" width=\"428\" height=\"310\" src=\"https:\/\/inorblock.com\/wp-content\/uploads\/2019\/07\/mury-oporowe-09.jpg\" class=\"attachment-us_600_400_crop size-us_600_400_crop\" alt=\"\" srcset=\"https:\/\/inorblock.com\/wp-content\/uploads\/2019\/07\/mury-oporowe-09.jpg 428w, https:\/\/inorblock.com\/wp-content\/uploads\/2019\/07\/mury-oporowe-09-300x217.jpg 300w\" sizes=\"auto, (max-width: 428px) 100vw, 428px\" \/><\/div>\t\t<\/div>\r\n\t\t\t<\/article>\r\n\t<article class=\"w-grid-item post-7299 attachment type-attachment status-inherit hentry\" data-id=\"7299\">\r\n\t\t<div class=\"w-grid-item-h\">\r\n\t\t\t\t\t\t<div class=\"w-post-elm post_image usg_post_image_1 stretched\"><img loading=\"lazy\" decoding=\"async\" width=\"600\" height=\"400\" src=\"https:\/\/inorblock.com\/wp-content\/uploads\/2019\/07\/mury-oporowe-29-600x400.jpg\" class=\"attachment-us_600_400_crop size-us_600_400_crop\" alt=\"\" \/><\/div>\t\t<\/div>\r\n\t\t\t<\/article>\r\n<\/div>\t<div class=\"g-preloader type_5\">\r\n\t\t<div><\/div>\r\n\t<\/div>\r\n\t\t<div class=\"w-grid-json hidden\" onclick='return {&quot;action&quot;:&quot;us_ajax_grid&quot;,&quot;infinite_scroll&quot;:0,&quot;max_num_pages&quot;:1,&quot;pagination&quot;:&quot;none&quot;,&quot;template_vars&quot;:{&quot;columns&quot;:&quot;&quot;,&quot;exclude_items&quot;:&quot;none&quot;,&quot;img_size&quot;:&quot;us_600_400_crop&quot;,&quot;ignore_items_size&quot;:0,&quot;items_layout&quot;:&quot;gallery_default&quot;,&quot;items_offset&quot;:&quot;0px&quot;,&quot;load_animation&quot;:&quot;none&quot;,&quot;overriding_link&quot;:&quot;popup_post&quot;,&quot;post_id&quot;:0,&quot;query_args&quot;:{&quot;post_type&quot;:[&quot;attachment&quot;],&quot;post__in&quot;:[&quot;132&quot;,&quot;113&quot;,&quot;131&quot;,&quot;133&quot;],&quot;post_status&quot;:&quot;inherit&quot;,&quot;post_mime_type&quot;:&quot;image&quot;,&quot;posts_per_page&quot;:&quot;10&quot;},&quot;orderby_query_args&quot;:{&quot;orderby&quot;:{&quot;post__in&quot;:&quot;ASC&quot;},&quot;order&quot;:&quot;ASC&quot;},&quot;type&quot;:&quot;carousel&quot;,&quot;us_grid_post_type&quot;:&quot;attachment&quot;,&quot;us_grid_ajax_index&quot;:1,&quot;us_grid_filter_query_string&quot;:null,&quot;us_grid_index&quot;:1,&quot;page_args&quot;:[],&quot;lang&quot;:&quot;lt&quot;},&quot;carousel_settings&quot;:{&quot;aria_labels&quot;:{&quot;prev&quot;:&quot;Ankstesnis&quot;,&quot;next&quot;:&quot;Toliau&quot;},&quot;autoplayContinual&quot;:false,&quot;autoplayHoverPause&quot;:false,&quot;autoplayTimeout&quot;:3000,&quot;autoWidth&quot;:false,&quot;smartSpeed&quot;:350,&quot;margin&quot;:0,&quot;mouseDrag&quot;:true,&quot;rtl&quot;:false,&quot;slideBy&quot;:&quot;1&quot;,&quot;touchDrag&quot;:true,&quot;slideTransition&quot;:&quot;&quot;,&quot;responsive&quot;:{&quot;0&quot;:{&quot;autoHeight&quot;:false,&quot;autoplay&quot;:false,&quot;autoWidth&quot;:false,&quot;center&quot;:false,&quot;dots&quot;:false,&quot;items&quot;:1,&quot;loop&quot;:false,&quot;nav&quot;:false,&quot;stagePadding&quot;:0,&quot;slideBy&quot;:&quot;1&quot;},&quot;601&quot;:{&quot;items&quot;:2,&quot;autoplay&quot;:true,&quot;center&quot;:false,&quot;dots&quot;:false,&quot;nav&quot;:true,&quot;autoHeight&quot;:false,&quot;autoWidth&quot;:false,&quot;loop&quot;:true,&quot;stagePadding&quot;:0}}}}'><\/div>\r\n\t<div class=\"l-popup\">\r\n\t<div class=\"l-popup-overlay\"><\/div>\r\n\t<div class=\"l-popup-wrap\">\r\n\t\t<div class=\"l-popup-box\">\r\n\t\t\t<div class=\"l-popup-box-content\">\r\n\t\t\t\t<div class=\"g-preloader type_5\">\r\n\t\t\t\t\t<div><\/div>\r\n\t\t\t\t<\/div>\r\n\t\t\t\t<iframe class=\"l-popup-box-content-frame\" allowfullscreen><\/iframe>\r\n\t\t\t<\/div>\r\n\t\t<\/div>\r\n\t\t\t\t\t<div class=\"l-popup-arrow to_next hidden\" title=\"Toliau\"><\/div>\r\n\t\t\t<div class=\"l-popup-arrow to_prev hidden\" title=\"Ankstesnis\"><\/div>\r\n\t\t\t\t<div class=\"l-popup-closer\"><\/div>\r\n\t<\/div>\r\n<\/div>\r\n<\/div><\/div><\/div><\/div><\/div><\/div><\/section><section class=\"l-section wpb_row height_small\"><div class=\"l-section-h i-cf\"><div class=\"g-cols vc_row via_flex valign_top type_default stacking_default\"><div class=\"vc_col-sm-12 wpb_column vc_column_container\"><div class=\"vc_column-inner\"><div class=\"wpb_wrapper\"><div class=\"wpb_text_column\"><div class=\"wpb_wrapper\"><h2>Privalumai:<\/h2>\n<ul>\n<li>ilgaam\u017ei\u0161kumas: ma\u017eiausiai 120 met\u0173,<\/li>\n<li>saugumas,<\/li>\n<li>paprasta ir greita statyba,<\/li>\n<li>ma\u017eesn\u0117s \u012fsigijimo ir statybos s\u0105naudos, palyginti su \u012fprastomis monolitin\u0117mis ar surenkamomis atramin\u0117mis konstrukcijomis.<\/li>\n<\/ul>\n<\/div><\/div><\/div><\/div><\/div><\/div><\/div><\/section>\n","protected":false},"excerpt":{"rendered":"","protected":false},"author":1,"featured_media":0,"parent":6737,"menu_order":1,"comment_status":"closed","ping_status":"closed","template":"","meta":{"footnotes":"","_links_to":"","_links_to_target":""},"class_list":["post-6745","page","type-page","status-publish","hentry"],"yoast_head":"<!-- This site is optimized with the Yoast SEO plugin v24.5 - https:\/\/yoast.com\/wordpress\/plugins\/seo\/ -->\n<title>Atramin\u0117s sienos - Inorblock\u00ae<\/title>\n<meta name=\"robots\" content=\"index, follow, max-snippet:-1, max-image-preview:large, max-video-preview:-1\" \/>\n<link rel=\"canonical\" href=\"https:\/\/inorblock.com\/lt\/sustiprintas-gruntas\/atramines-sienos\/\" \/>\n<meta property=\"og:locale\" content=\"lt_LT\" \/>\n<meta property=\"og:type\" content=\"article\" \/>\n<meta property=\"og:title\" content=\"Atramin\u0117s sienos - Inorblock\u00ae\" \/>\n<meta property=\"og:url\" content=\"https:\/\/inorblock.com\/lt\/sustiprintas-gruntas\/atramines-sienos\/\" \/>\n<meta property=\"og:site_name\" content=\"Inorblock\u00ae\" \/>\n<meta property=\"article:modified_time\" content=\"2025-01-21T10:52:12+00:00\" \/>\n<meta name=\"twitter:card\" content=\"summary_large_image\" \/>\n<meta name=\"twitter:label1\" content=\"Est. reading time\" \/>\n\t<meta name=\"twitter:data1\" content=\"2 minut\u0117s\" \/>\n<script type=\"application\/ld+json\" class=\"yoast-schema-graph\">{\"@context\":\"https:\/\/schema.org\",\"@graph\":[{\"@type\":\"WebPage\",\"@id\":\"https:\/\/inorblock.com\/lt\/sustiprintas-gruntas\/atramines-sienos\/\",\"url\":\"https:\/\/inorblock.com\/lt\/sustiprintas-gruntas\/atramines-sienos\/\",\"name\":\"Atramin\u0117s sienos - Inorblock\u00ae\",\"isPartOf\":{\"@id\":\"https:\/\/inorblock.com\/lt\/#website\"},\"datePublished\":\"2024-10-14T11:22:26+00:00\",\"dateModified\":\"2025-01-21T10:52:12+00:00\",\"breadcrumb\":{\"@id\":\"https:\/\/inorblock.com\/lt\/sustiprintas-gruntas\/atramines-sienos\/#breadcrumb\"},\"inLanguage\":\"lt-LT\",\"potentialAction\":[{\"@type\":\"ReadAction\",\"target\":[\"https:\/\/inorblock.com\/lt\/sustiprintas-gruntas\/atramines-sienos\/\"]}]},{\"@type\":\"BreadcrumbList\",\"@id\":\"https:\/\/inorblock.com\/lt\/sustiprintas-gruntas\/atramines-sienos\/#breadcrumb\",\"itemListElement\":[{\"@type\":\"ListItem\",\"position\":1,\"name\":\"Home\",\"item\":\"https:\/\/inorblock.com\/lt\/\"},{\"@type\":\"ListItem\",\"position\":2,\"name\":\"Sustiprintas gruntas\",\"item\":\"https:\/\/inorblock.com\/lt\/sustiprintas-gruntas\/\"},{\"@type\":\"ListItem\",\"position\":3,\"name\":\"Atramin\u0117s sienos\"}]},{\"@type\":\"WebSite\",\"@id\":\"https:\/\/inorblock.com\/lt\/#website\",\"url\":\"https:\/\/inorblock.com\/lt\/\",\"name\":\"Inorblock\u00ae\",\"description\":\"Simple Solid Stable\",\"potentialAction\":[{\"@type\":\"SearchAction\",\"target\":{\"@type\":\"EntryPoint\",\"urlTemplate\":\"https:\/\/inorblock.com\/lt\/?s={search_term_string}\"},\"query-input\":{\"@type\":\"PropertyValueSpecification\",\"valueRequired\":true,\"valueName\":\"search_term_string\"}}],\"inLanguage\":\"lt-LT\"}]}<\/script>\n<!-- \/ Yoast SEO plugin. -->","yoast_head_json":{"title":"Atramin\u0117s sienos - Inorblock\u00ae","robots":{"index":"index","follow":"follow","max-snippet":"max-snippet:-1","max-image-preview":"max-image-preview:large","max-video-preview":"max-video-preview:-1"},"canonical":"https:\/\/inorblock.com\/lt\/sustiprintas-gruntas\/atramines-sienos\/","og_locale":"lt_LT","og_type":"article","og_title":"Atramin\u0117s sienos - Inorblock\u00ae","og_url":"https:\/\/inorblock.com\/lt\/sustiprintas-gruntas\/atramines-sienos\/","og_site_name":"Inorblock\u00ae","article_modified_time":"2025-01-21T10:52:12+00:00","twitter_card":"summary_large_image","twitter_misc":{"Est. reading time":"2 minut\u0117s"},"schema":{"@context":"https:\/\/schema.org","@graph":[{"@type":"WebPage","@id":"https:\/\/inorblock.com\/lt\/sustiprintas-gruntas\/atramines-sienos\/","url":"https:\/\/inorblock.com\/lt\/sustiprintas-gruntas\/atramines-sienos\/","name":"Atramin\u0117s sienos - Inorblock\u00ae","isPartOf":{"@id":"https:\/\/inorblock.com\/lt\/#website"},"datePublished":"2024-10-14T11:22:26+00:00","dateModified":"2025-01-21T10:52:12+00:00","breadcrumb":{"@id":"https:\/\/inorblock.com\/lt\/sustiprintas-gruntas\/atramines-sienos\/#breadcrumb"},"inLanguage":"lt-LT","potentialAction":[{"@type":"ReadAction","target":["https:\/\/inorblock.com\/lt\/sustiprintas-gruntas\/atramines-sienos\/"]}]},{"@type":"BreadcrumbList","@id":"https:\/\/inorblock.com\/lt\/sustiprintas-gruntas\/atramines-sienos\/#breadcrumb","itemListElement":[{"@type":"ListItem","position":1,"name":"Home","item":"https:\/\/inorblock.com\/lt\/"},{"@type":"ListItem","position":2,"name":"Sustiprintas gruntas","item":"https:\/\/inorblock.com\/lt\/sustiprintas-gruntas\/"},{"@type":"ListItem","position":3,"name":"Atramin\u0117s sienos"}]},{"@type":"WebSite","@id":"https:\/\/inorblock.com\/lt\/#website","url":"https:\/\/inorblock.com\/lt\/","name":"Inorblock\u00ae","description":"Simple Solid Stable","potentialAction":[{"@type":"SearchAction","target":{"@type":"EntryPoint","urlTemplate":"https:\/\/inorblock.com\/lt\/?s={search_term_string}"},"query-input":{"@type":"PropertyValueSpecification","valueRequired":true,"valueName":"search_term_string"}}],"inLanguage":"lt-LT"}]}},"_links":{"self":[{"href":"https:\/\/inorblock.com\/lt\/wp-json\/wp\/v2\/pages\/6745","targetHints":{"allow":["GET"]}}],"collection":[{"href":"https:\/\/inorblock.com\/lt\/wp-json\/wp\/v2\/pages"}],"about":[{"href":"https:\/\/inorblock.com\/lt\/wp-json\/wp\/v2\/types\/page"}],"author":[{"embeddable":true,"href":"https:\/\/inorblock.com\/lt\/wp-json\/wp\/v2\/users\/1"}],"replies":[{"embeddable":true,"href":"https:\/\/inorblock.com\/lt\/wp-json\/wp\/v2\/comments?post=6745"}],"version-history":[{"count":7,"href":"https:\/\/inorblock.com\/lt\/wp-json\/wp\/v2\/pages\/6745\/revisions"}],"predecessor-version":[{"id":7901,"href":"https:\/\/inorblock.com\/lt\/wp-json\/wp\/v2\/pages\/6745\/revisions\/7901"}],"up":[{"embeddable":true,"href":"https:\/\/inorblock.com\/lt\/wp-json\/wp\/v2\/pages\/6737"}],"wp:attachment":[{"href":"https:\/\/inorblock.com\/lt\/wp-json\/wp\/v2\/media?parent=6745"}],"curies":[{"name":"wp","href":"https:\/\/api.w.org\/{rel}","templated":true}]}}