{"id":6774,"date":"2024-10-14T14:10:22","date_gmt":"2024-10-14T12:10:22","guid":{"rendered":"https:\/\/inorblock.com\/?page_id=6774"},"modified":"2024-12-19T13:30:50","modified_gmt":"2024-12-19T11:30:50","slug":"konstrukcijos-reljefas","status":"publish","type":"page","link":"https:\/\/inorblock.com\/lt\/sustiprintas-gruntas\/konstrukcijos-reljefas\/","title":{"rendered":"Konstrukcijos reljefas"},"content":{"rendered":"<section class=\"l-section wpb_row height_small\"><div class=\"l-section-h i-cf\"><div class=\"g-cols vc_row via_flex valign_top type_default stacking_default\"><div class=\"vc_col-sm-12 wpb_column vc_column_container\"><div class=\"vc_column-inner\"><div class=\"wpb_wrapper\"><div class=\"wpb_text_column\"><div class=\"wpb_wrapper\"><h2>Reljefo funkcijos<\/h2>\n<p>Statybinis reljefas, ypa\u010d tilt\u0173 atram\u0173, atliekamas formuojant geosintetine med\u017eiaga sutvirtint\u0105 \u017eem\u0119 u\u017e monolitin\u0117s objekto konstrukcijos. Reljefas gali b\u016bti taikomas naujai statom\u0173 arba jau esam\u0173 tilt\u0173 atram\u0173 galin\u0117ms sienoms bei sparn\u0173 sienoms.<\/p>\n<\/div><\/div><\/div><\/div><\/div><\/div><\/div><\/section><section class=\"l-section wpb_row height_small\"><div class=\"l-section-h i-cf\"><div class=\"g-cols vc_row via_flex valign_top type_default stacking_default\"><div class=\"vc_col-sm-12 wpb_column vc_column_container\"><div class=\"vc_column-inner\"><div class=\"wpb_wrapper\"><div class=\"w-image align_none\"><a ref=\"magnificPopup\" href=\"https:\/\/inorblock.com\/wp-content\/uploads\/2019\/07\/odciazenie-01.jpg\" aria-label=\"odciazenie 01\" class=\"w-image-h\"><img decoding=\"async\" width=\"1200\" height=\"675\" src=\"https:\/\/inorblock.com\/wp-content\/uploads\/2019\/07\/odciazenie-01.jpg\" class=\"attachment-full size-full\" alt=\"\" loading=\"lazy\" srcset=\"https:\/\/inorblock.com\/wp-content\/uploads\/2019\/07\/odciazenie-01.jpg 1200w, https:\/\/inorblock.com\/wp-content\/uploads\/2019\/07\/odciazenie-01-300x169.jpg 300w, https:\/\/inorblock.com\/wp-content\/uploads\/2019\/07\/odciazenie-01-1024x576.jpg 1024w\" sizes=\"auto, (max-width: 1200px) 100vw, 1200px\" \/><\/a><\/div><\/div><\/div><\/div><\/div><\/div><\/section><section class=\"l-section wpb_row height_small\"><div class=\"l-section-h i-cf\"><div class=\"g-cols vc_row via_flex valign_top type_default stacking_default\"><div class=\"vc_col-sm-12 wpb_column vc_column_container\"><div class=\"vc_column-inner\"><div class=\"wpb_wrapper\"><div class=\"wpb_text_column\"><div class=\"wpb_wrapper\"><p>Pastat\u0119 blok\u0105 i\u0161 sutvirtintos \u017eem\u0117s, gauname tu\u0161\u010di\u0105 erdv\u0119 tarp bloko ir atramos monolitin\u0117s sienos. Jis suma\u017eina \u017eem\u0117s sl\u0117g\u012f ant sienos iki \u201e0\u201c (nulis). Horizontali\u0105j\u0105 j\u0117g\u0105, veikian\u010di\u0105 tradicin\u0117se atramose ant monolitin\u0117s konstrukcijos, perima geosintetin\u0117s med\u017eiagos, sudaran\u010dios sustiprintos \u017eem\u0117s blok\u0105.<\/p>\n<\/div><\/div><\/div><\/div><\/div><\/div><\/div><\/section><section class=\"l-section wpb_row height_small\"><div class=\"l-section-h i-cf\"><div class=\"g-cols vc_row via_flex valign_top type_default stacking_default\"><div class=\"vc_col-sm-12 wpb_column vc_column_container\"><div class=\"vc_column-inner\"><div class=\"wpb_wrapper\"><div class=\"w-image align_center\"><a ref=\"magnificPopup\" href=\"https:\/\/inorblock.com\/wp-content\/uploads\/2019\/07\/plaxis-deformacje-bloku-z-gruntu-zbrojonego-.jpg\" aria-label=\"plaxis - deformacje bloku z gruntu zbrojonego\" class=\"w-image-h\"><img decoding=\"async\" width=\"848\" height=\"554\" src=\"https:\/\/inorblock.com\/wp-content\/uploads\/2019\/07\/plaxis-deformacje-bloku-z-gruntu-zbrojonego-.jpg\" class=\"attachment-full size-full\" alt=\"\" loading=\"lazy\" srcset=\"https:\/\/inorblock.com\/wp-content\/uploads\/2019\/07\/plaxis-deformacje-bloku-z-gruntu-zbrojonego-.jpg 848w, https:\/\/inorblock.com\/wp-content\/uploads\/2019\/07\/plaxis-deformacje-bloku-z-gruntu-zbrojonego--300x196.jpg 300w\" sizes=\"auto, (max-width: 848px) 100vw, 848px\" \/><\/a><\/div><\/div><\/div><\/div><\/div><\/div><\/section><section class=\"l-section wpb_row height_small\"><div class=\"l-section-h i-cf\"><div class=\"g-cols vc_row via_flex valign_top type_default stacking_default\"><div class=\"vc_col-sm-12 wpb_column vc_column_container\"><div class=\"vc_column-inner\"><div class=\"wpb_wrapper\"><div class=\"wpb_text_column\"><div class=\"wpb_wrapper\"><p>Be to, d\u0117l suma\u017e\u0117jusi\u0173 monolitini\u0173 konstrukcij\u0173 (sien\u0173, sparn\u0173) dyd\u017ei\u0173, nes suma\u017e\u0117ja skerspj\u016bviuose veikian\u010dios j\u0117gos, suma\u017e\u0117ja ir tarpini\u0173 atram\u0173 pamat\u0173 poveikis. D\u0117l to atsiranda galimyb\u0117 optimizuoti tarpinius pamatus (pvz., suma\u017einti poli\u0173 skai\u010di\u0173 ir (arba) skersmenis) ir tai leid\u017eia sutaupyti s\u0105lyginai daug l\u0117\u0161\u0173, lyginant su \u012fprastin\u0117mis statybos technologijomis.<\/p>\n<\/div><\/div><\/div><\/div><\/div><\/div><\/div><\/section><section class=\"l-section wpb_row height_small\"><div class=\"l-section-h i-cf\"><div class=\"g-cols vc_row via_flex valign_top type_default stacking_default\"><div class=\"vc_col-sm-12 wpb_column vc_column_container\"><div class=\"vc_column-inner\"><div class=\"wpb_wrapper\"><div class=\"w-grid type_carousel layout_gallery_default open_items_in_popup items_2\" id=\"us_grid_1\" style=\"--items:2;--gap:30px;\"><style>.layout_gallery_default .w-grid-item-h{}<\/style><div class=\"w-grid-list owl-carousel valign_stretch dotstyle_circle navstyle_circle navpos_outside owl-responsive-2000 with_arrows\" style=\"--transition-duration:350ms;--arrows-size:1.5rem;\">\t<article class=\"w-grid-item post-7313 attachment type-attachment status-inherit hentry\" data-id=\"7313\">\r\n\t\t<div class=\"w-grid-item-h\">\r\n\t\t\t\t\t\t<div class=\"w-post-elm post_image usg_post_image_1 stretched\"><img loading=\"lazy\" decoding=\"async\" width=\"559\" height=\"400\" src=\"https:\/\/inorblock.com\/wp-content\/uploads\/2019\/07\/odciazenie-02-559x400.png\" class=\"attachment-us_600_400_crop size-us_600_400_crop\" alt=\"\" \/><\/div>\t\t<\/div>\r\n\t\t\t<\/article>\r\n\t<article class=\"w-grid-item post-7312 attachment type-attachment status-inherit hentry\" data-id=\"7312\">\r\n\t\t<div class=\"w-grid-item-h\">\r\n\t\t\t\t\t\t<div class=\"w-post-elm post_image usg_post_image_1 stretched\"><img loading=\"lazy\" decoding=\"async\" width=\"600\" height=\"400\" src=\"https:\/\/inorblock.com\/wp-content\/uploads\/2019\/07\/odciazenie-08-600x400.jpg\" class=\"attachment-us_600_400_crop size-us_600_400_crop\" alt=\"\" \/><\/div>\t\t<\/div>\r\n\t\t\t<\/article>\r\n\t<article class=\"w-grid-item post-7314 attachment type-attachment status-inherit hentry\" data-id=\"7314\">\r\n\t\t<div class=\"w-grid-item-h\">\r\n\t\t\t\t\t\t<div class=\"w-post-elm post_image usg_post_image_1 stretched\"><img loading=\"lazy\" decoding=\"async\" width=\"600\" height=\"400\" src=\"https:\/\/inorblock.com\/wp-content\/uploads\/2019\/07\/odciazenie-07-600x400.jpg\" class=\"attachment-us_600_400_crop size-us_600_400_crop\" alt=\"\" \/><\/div>\t\t<\/div>\r\n\t\t\t<\/article>\r\n<\/div>\t<div class=\"g-preloader type_5\">\r\n\t\t<div><\/div>\r\n\t<\/div>\r\n\t\t<div class=\"w-grid-json hidden\" onclick='return {&quot;action&quot;:&quot;us_ajax_grid&quot;,&quot;infinite_scroll&quot;:0,&quot;max_num_pages&quot;:1,&quot;pagination&quot;:&quot;none&quot;,&quot;template_vars&quot;:{&quot;columns&quot;:&quot;&quot;,&quot;exclude_items&quot;:&quot;none&quot;,&quot;img_size&quot;:&quot;us_600_400_crop&quot;,&quot;ignore_items_size&quot;:0,&quot;items_layout&quot;:&quot;gallery_default&quot;,&quot;items_offset&quot;:&quot;0px&quot;,&quot;load_animation&quot;:&quot;none&quot;,&quot;overriding_link&quot;:&quot;popup_post_image&quot;,&quot;post_id&quot;:0,&quot;query_args&quot;:{&quot;post_type&quot;:[&quot;attachment&quot;],&quot;post__in&quot;:[&quot;174&quot;,&quot;173&quot;,&quot;175&quot;],&quot;post_status&quot;:&quot;inherit&quot;,&quot;post_mime_type&quot;:&quot;image&quot;,&quot;posts_per_page&quot;:&quot;10&quot;},&quot;orderby_query_args&quot;:{&quot;orderby&quot;:{&quot;post__in&quot;:&quot;ASC&quot;},&quot;order&quot;:&quot;ASC&quot;},&quot;type&quot;:&quot;carousel&quot;,&quot;us_grid_post_type&quot;:&quot;attachment&quot;,&quot;us_grid_ajax_index&quot;:1,&quot;us_grid_filter_query_string&quot;:null,&quot;us_grid_index&quot;:1,&quot;page_args&quot;:[],&quot;lang&quot;:&quot;lt&quot;},&quot;carousel_settings&quot;:{&quot;aria_labels&quot;:{&quot;prev&quot;:&quot;Ankstesnis&quot;,&quot;next&quot;:&quot;Toliau&quot;},&quot;autoplayContinual&quot;:false,&quot;autoplayHoverPause&quot;:false,&quot;autoplayTimeout&quot;:3000,&quot;autoWidth&quot;:false,&quot;smartSpeed&quot;:350,&quot;margin&quot;:0,&quot;mouseDrag&quot;:true,&quot;rtl&quot;:false,&quot;slideBy&quot;:&quot;1&quot;,&quot;touchDrag&quot;:true,&quot;slideTransition&quot;:&quot;&quot;,&quot;responsive&quot;:{&quot;0&quot;:{&quot;autoHeight&quot;:false,&quot;autoplay&quot;:false,&quot;autoWidth&quot;:false,&quot;center&quot;:false,&quot;dots&quot;:false,&quot;items&quot;:1,&quot;loop&quot;:false,&quot;nav&quot;:false,&quot;stagePadding&quot;:0,&quot;slideBy&quot;:&quot;1&quot;},&quot;601&quot;:{&quot;items&quot;:2,&quot;autoplay&quot;:true,&quot;center&quot;:false,&quot;dots&quot;:false,&quot;nav&quot;:true,&quot;autoHeight&quot;:false,&quot;autoWidth&quot;:false,&quot;loop&quot;:true,&quot;stagePadding&quot;:0}}}}'><\/div>\r\n\t<div class=\"l-popup\">\r\n\t<div class=\"l-popup-overlay\"><\/div>\r\n\t<div class=\"l-popup-wrap\">\r\n\t\t<div class=\"l-popup-box\">\r\n\t\t\t<div class=\"l-popup-box-content\">\r\n\t\t\t\t<div class=\"g-preloader type_5\">\r\n\t\t\t\t\t<div><\/div>\r\n\t\t\t\t<\/div>\r\n\t\t\t\t<iframe class=\"l-popup-box-content-frame\" allowfullscreen><\/iframe>\r\n\t\t\t<\/div>\r\n\t\t<\/div>\r\n\t\t\t\t\t<div class=\"l-popup-arrow to_next hidden\" title=\"Toliau\"><\/div>\r\n\t\t\t<div class=\"l-popup-arrow to_prev hidden\" title=\"Ankstesnis\"><\/div>\r\n\t\t\t\t<div class=\"l-popup-closer\"><\/div>\r\n\t<\/div>\r\n<\/div>\r\n<\/div><\/div><\/div><\/div><\/div><\/div><\/section><section class=\"l-section wpb_row height_small\"><div class=\"l-section-h i-cf\"><div class=\"g-cols vc_row via_flex valign_top type_default stacking_default\"><div class=\"vc_col-sm-12 wpb_column vc_column_container\"><div class=\"vc_column-inner\"><div class=\"wpb_wrapper\"><div class=\"wpb_text_column\"><div class=\"wpb_wrapper\"><h2>Pagrindiniai privalumai:<\/h2>\n<ul>\n<li>grunto sl\u0117g\u012f visi\u0161kai perima geosintetin\u0117 med\u017eiaga, formuojanti \u017eem\u0117mis sutvirtint\u0105 blok\u0105,<\/li>\n<li>sudedamosios dalys gali b\u016bti naudojamos ma\u017eiausiai 120 met\u0173 (ilgaam\u017ei\u0161kumas pritaikytas pagal in\u017einerini\u0173 objekt\u0173 reikalavimus),<\/li>\n<li>in\u017einerini\u0173 statini\u0173 statybos s\u0105naud\u0173 suma\u017e\u0117jimas, suma\u017einus monolitini\u0173 element\u0173 matmenis, d\u0117l kuri\u0173 tr\u016bksta horizontalios j\u0117gos,<\/li>\n<li>galimyb\u0117 reljef\u0105 taikyti esamiems objektams, pvz., avarin\u0117s b\u016bkl\u0117s atveju,<\/li>\n<li>tarpini\u0173 pamat\u0173 optimizavimas,<\/li>\n<li>paprasta ir greita statyba.<\/li>\n<\/ul>\n<\/div><\/div><\/div><\/div><\/div><\/div><\/div><\/section>\n","protected":false},"excerpt":{"rendered":"","protected":false},"author":1,"featured_media":0,"parent":6737,"menu_order":3,"comment_status":"closed","ping_status":"closed","template":"","meta":{"footnotes":"","_links_to":"","_links_to_target":""},"class_list":["post-6774","page","type-page","status-publish","hentry"],"yoast_head":"<!-- This site is optimized with the Yoast SEO plugin v24.5 - https:\/\/yoast.com\/wordpress\/plugins\/seo\/ -->\n<title>Konstrukcijos reljefas - Inorblock\u00ae<\/title>\n<meta name=\"robots\" content=\"index, follow, max-snippet:-1, max-image-preview:large, max-video-preview:-1\" \/>\n<link rel=\"canonical\" href=\"https:\/\/inorblock.com\/lt\/sustiprintas-gruntas\/konstrukcijos-reljefas\/\" \/>\n<meta property=\"og:locale\" content=\"lt_LT\" \/>\n<meta property=\"og:type\" content=\"article\" \/>\n<meta property=\"og:title\" content=\"Konstrukcijos reljefas - Inorblock\u00ae\" \/>\n<meta property=\"og:url\" content=\"https:\/\/inorblock.com\/lt\/sustiprintas-gruntas\/konstrukcijos-reljefas\/\" \/>\n<meta property=\"og:site_name\" content=\"Inorblock\u00ae\" \/>\n<meta property=\"article:modified_time\" content=\"2024-12-19T11:30:50+00:00\" \/>\n<meta name=\"twitter:card\" content=\"summary_large_image\" \/>\n<meta name=\"twitter:label1\" content=\"Est. reading time\" \/>\n\t<meta name=\"twitter:data1\" content=\"2 minut\u0117s\" \/>\n<script type=\"application\/ld+json\" class=\"yoast-schema-graph\">{\"@context\":\"https:\/\/schema.org\",\"@graph\":[{\"@type\":\"WebPage\",\"@id\":\"https:\/\/inorblock.com\/lt\/sustiprintas-gruntas\/konstrukcijos-reljefas\/\",\"url\":\"https:\/\/inorblock.com\/lt\/sustiprintas-gruntas\/konstrukcijos-reljefas\/\",\"name\":\"Konstrukcijos reljefas - Inorblock\u00ae\",\"isPartOf\":{\"@id\":\"https:\/\/inorblock.com\/lt\/#website\"},\"datePublished\":\"2024-10-14T12:10:22+00:00\",\"dateModified\":\"2024-12-19T11:30:50+00:00\",\"breadcrumb\":{\"@id\":\"https:\/\/inorblock.com\/lt\/sustiprintas-gruntas\/konstrukcijos-reljefas\/#breadcrumb\"},\"inLanguage\":\"lt-LT\",\"potentialAction\":[{\"@type\":\"ReadAction\",\"target\":[\"https:\/\/inorblock.com\/lt\/sustiprintas-gruntas\/konstrukcijos-reljefas\/\"]}]},{\"@type\":\"BreadcrumbList\",\"@id\":\"https:\/\/inorblock.com\/lt\/sustiprintas-gruntas\/konstrukcijos-reljefas\/#breadcrumb\",\"itemListElement\":[{\"@type\":\"ListItem\",\"position\":1,\"name\":\"Home\",\"item\":\"https:\/\/inorblock.com\/lt\/\"},{\"@type\":\"ListItem\",\"position\":2,\"name\":\"Sustiprintas gruntas\",\"item\":\"https:\/\/inorblock.com\/lt\/sustiprintas-gruntas\/\"},{\"@type\":\"ListItem\",\"position\":3,\"name\":\"Konstrukcijos reljefas\"}]},{\"@type\":\"WebSite\",\"@id\":\"https:\/\/inorblock.com\/lt\/#website\",\"url\":\"https:\/\/inorblock.com\/lt\/\",\"name\":\"Inorblock\u00ae\",\"description\":\"Simple Solid Stable\",\"potentialAction\":[{\"@type\":\"SearchAction\",\"target\":{\"@type\":\"EntryPoint\",\"urlTemplate\":\"https:\/\/inorblock.com\/lt\/?s={search_term_string}\"},\"query-input\":{\"@type\":\"PropertyValueSpecification\",\"valueRequired\":true,\"valueName\":\"search_term_string\"}}],\"inLanguage\":\"lt-LT\"}]}<\/script>\n<!-- \/ Yoast SEO plugin. -->","yoast_head_json":{"title":"Konstrukcijos reljefas - Inorblock\u00ae","robots":{"index":"index","follow":"follow","max-snippet":"max-snippet:-1","max-image-preview":"max-image-preview:large","max-video-preview":"max-video-preview:-1"},"canonical":"https:\/\/inorblock.com\/lt\/sustiprintas-gruntas\/konstrukcijos-reljefas\/","og_locale":"lt_LT","og_type":"article","og_title":"Konstrukcijos reljefas - Inorblock\u00ae","og_url":"https:\/\/inorblock.com\/lt\/sustiprintas-gruntas\/konstrukcijos-reljefas\/","og_site_name":"Inorblock\u00ae","article_modified_time":"2024-12-19T11:30:50+00:00","twitter_card":"summary_large_image","twitter_misc":{"Est. reading time":"2 minut\u0117s"},"schema":{"@context":"https:\/\/schema.org","@graph":[{"@type":"WebPage","@id":"https:\/\/inorblock.com\/lt\/sustiprintas-gruntas\/konstrukcijos-reljefas\/","url":"https:\/\/inorblock.com\/lt\/sustiprintas-gruntas\/konstrukcijos-reljefas\/","name":"Konstrukcijos reljefas - Inorblock\u00ae","isPartOf":{"@id":"https:\/\/inorblock.com\/lt\/#website"},"datePublished":"2024-10-14T12:10:22+00:00","dateModified":"2024-12-19T11:30:50+00:00","breadcrumb":{"@id":"https:\/\/inorblock.com\/lt\/sustiprintas-gruntas\/konstrukcijos-reljefas\/#breadcrumb"},"inLanguage":"lt-LT","potentialAction":[{"@type":"ReadAction","target":["https:\/\/inorblock.com\/lt\/sustiprintas-gruntas\/konstrukcijos-reljefas\/"]}]},{"@type":"BreadcrumbList","@id":"https:\/\/inorblock.com\/lt\/sustiprintas-gruntas\/konstrukcijos-reljefas\/#breadcrumb","itemListElement":[{"@type":"ListItem","position":1,"name":"Home","item":"https:\/\/inorblock.com\/lt\/"},{"@type":"ListItem","position":2,"name":"Sustiprintas gruntas","item":"https:\/\/inorblock.com\/lt\/sustiprintas-gruntas\/"},{"@type":"ListItem","position":3,"name":"Konstrukcijos reljefas"}]},{"@type":"WebSite","@id":"https:\/\/inorblock.com\/lt\/#website","url":"https:\/\/inorblock.com\/lt\/","name":"Inorblock\u00ae","description":"Simple Solid Stable","potentialAction":[{"@type":"SearchAction","target":{"@type":"EntryPoint","urlTemplate":"https:\/\/inorblock.com\/lt\/?s={search_term_string}"},"query-input":{"@type":"PropertyValueSpecification","valueRequired":true,"valueName":"search_term_string"}}],"inLanguage":"lt-LT"}]}},"_links":{"self":[{"href":"https:\/\/inorblock.com\/lt\/wp-json\/wp\/v2\/pages\/6774","targetHints":{"allow":["GET"]}}],"collection":[{"href":"https:\/\/inorblock.com\/lt\/wp-json\/wp\/v2\/pages"}],"about":[{"href":"https:\/\/inorblock.com\/lt\/wp-json\/wp\/v2\/types\/page"}],"author":[{"embeddable":true,"href":"https:\/\/inorblock.com\/lt\/wp-json\/wp\/v2\/users\/1"}],"replies":[{"embeddable":true,"href":"https:\/\/inorblock.com\/lt\/wp-json\/wp\/v2\/comments?post=6774"}],"version-history":[{"count":5,"href":"https:\/\/inorblock.com\/lt\/wp-json\/wp\/v2\/pages\/6774\/revisions"}],"predecessor-version":[{"id":7174,"href":"https:\/\/inorblock.com\/lt\/wp-json\/wp\/v2\/pages\/6774\/revisions\/7174"}],"up":[{"embeddable":true,"href":"https:\/\/inorblock.com\/lt\/wp-json\/wp\/v2\/pages\/6737"}],"wp:attachment":[{"href":"https:\/\/inorblock.com\/lt\/wp-json\/wp\/v2\/media?parent=6774"}],"curies":[{"name":"wp","href":"https:\/\/api.w.org\/{rel}","templated":true}]}}