{"id":6781,"date":"2024-10-14T14:11:42","date_gmt":"2024-10-14T12:11:42","guid":{"rendered":"https:\/\/inorblock.com\/?page_id=6781"},"modified":"2024-12-19T13:41:30","modified_gmt":"2024-12-19T11:41:30","slug":"laikinos-atramines-konstrukcijos","status":"publish","type":"page","link":"https:\/\/inorblock.com\/lt\/sustiprintas-gruntas\/laikinos-atramines-konstrukcijos\/","title":{"rendered":"Laikinos atramin\u0117s konstrukcijos"},"content":{"rendered":"<section class=\"l-section wpb_row height_small\"><div class=\"l-section-h i-cf\"><div class=\"g-cols vc_row via_flex valign_top type_default stacking_default\"><div class=\"vc_col-sm-12 wpb_column vc_column_container\"><div class=\"vc_column-inner\"><div class=\"wpb_wrapper\"><div class=\"wpb_text_column\"><div class=\"wpb_wrapper\"><h2>Laikinos atramin\u0117s konstrukcijos<\/h2>\n<p>Laikinos \u017eeme sutvirtintos konstrukcijos yra ekonomi\u0161kesn\u0117s, lyginant su tradicin\u0117mis monolitin\u0117mis atramin\u0117mis sienomis. Jos leid\u017eia vykdyti etapinius darbus, taip u\u017etikrinant darb\u0173 front\u0173 t\u0119stinum\u0105. Taikomos geosintetin\u0117s med\u017eiagos yra numatytos trumpalaikiams tokio tipo konstrukcij\u0173 darbams, o tai turi tiesiogin\u0117s \u012ftakos ma\u017eoms statybos s\u0105naudoms. Be to, jei reikia i\u0161ardyti laikin\u0105 konstrukcij\u0105 i\u0161 sutvirtintos \u017eem\u0117s, tai daug papras\u010diau ir pigiau, lyginant su monolitin\u0117mis konstrukcijomis, sandariomis sienomis ir pan.<\/p>\n<p>Laikinosios konstrukcijos da\u017eniausiai naudojamos atliekant \u012fvairius laikinus keli\u0173 ar gele\u017einkeli\u0173 apva\u017eiavimus ir kai reikia atlikti etapinius darbus d\u0117l atram\u0173 statybos esamoje transporto trasoje.<\/p>\n<\/div><\/div><\/div><\/div><\/div><\/div><\/div><\/section><section class=\"l-section wpb_row height_small\"><div class=\"l-section-h i-cf\"><div class=\"g-cols vc_row via_flex valign_top type_default stacking_default\"><div class=\"vc_col-sm-12 wpb_column vc_column_container\"><div class=\"vc_column-inner\"><div class=\"wpb_wrapper\"><div class=\"w-grid type_grid layout_gallery_default cols_2\" id=\"us_grid_1\" style=\"--columns:2;--gap:1.5rem;\" data-filterable=\"true\"><style>@media (max-width:600px){#us_grid_1{--columns:1!important}}.layout_gallery_default .w-grid-item-h{}<\/style><div class=\"w-grid-list\">\t<article class=\"w-grid-item size_1x1 post-7316 attachment type-attachment status-inherit hentry\" data-id=\"7316\">\r\n\t\t<div class=\"w-grid-item-h\">\r\n\t\t\t\t\t\t\t<a ref=\"magnificPopupGrid\" href=\"https:\/\/inorblock.com\/wp-content\/uploads\/2019\/07\/tymczasowe-konstrukcje-oporowe-01.jpg\" class=\"w-grid-item-anchor\" aria-label=\"tymczasowe konstrukcje oporowe 01\"><\/a>\r\n\t\t\t\t\t\t<div class=\"w-post-elm post_image usg_post_image_1 stretched\"><img loading=\"lazy\" decoding=\"async\" width=\"600\" height=\"400\" src=\"https:\/\/inorblock.com\/wp-content\/uploads\/2019\/07\/tymczasowe-konstrukcje-oporowe-01-600x400.jpg\" class=\"attachment-us_600_400_crop size-us_600_400_crop\" alt=\"\" \/><\/div>\t\t<\/div>\r\n\t\t\t<\/article>\r\n\t<article class=\"w-grid-item size_1x1 post-7317 attachment type-attachment status-inherit hentry\" data-id=\"7317\">\r\n\t\t<div class=\"w-grid-item-h\">\r\n\t\t\t\t\t\t\t<a ref=\"magnificPopupGrid\" href=\"https:\/\/inorblock.com\/wp-content\/uploads\/2019\/07\/tymczasowe-konstrukcje-oporowe-02.jpg\" class=\"w-grid-item-anchor\" aria-label=\"tymczasowe konstrukcje oporowe 02\"><\/a>\r\n\t\t\t\t\t\t<div class=\"w-post-elm post_image usg_post_image_1 stretched\"><img loading=\"lazy\" decoding=\"async\" width=\"600\" height=\"400\" src=\"https:\/\/inorblock.com\/wp-content\/uploads\/2019\/07\/tymczasowe-konstrukcje-oporowe-02-600x400.jpg\" class=\"attachment-us_600_400_crop size-us_600_400_crop\" alt=\"\" \/><\/div>\t\t<\/div>\r\n\t\t\t<\/article>\r\n<\/div><div class=\"w-grid-preloader\">\t<div class=\"g-preloader type_5\">\r\n\t\t<div><\/div>\r\n\t<\/div>\r\n\t<\/div>\t<div class=\"w-grid-json hidden\" onclick='return {&quot;action&quot;:&quot;us_ajax_grid&quot;,&quot;infinite_scroll&quot;:0,&quot;max_num_pages&quot;:1,&quot;pagination&quot;:&quot;none&quot;,&quot;template_vars&quot;:{&quot;columns&quot;:&quot;2&quot;,&quot;exclude_items&quot;:&quot;none&quot;,&quot;img_size&quot;:&quot;us_600_400_crop&quot;,&quot;ignore_items_size&quot;:0,&quot;items_layout&quot;:&quot;gallery_default&quot;,&quot;items_offset&quot;:&quot;1&quot;,&quot;load_animation&quot;:&quot;none&quot;,&quot;overriding_link&quot;:&quot;%7B%22type%22%3A%22popup_image%22%7D&quot;,&quot;post_id&quot;:0,&quot;query_args&quot;:{&quot;post_type&quot;:[&quot;attachment&quot;],&quot;post__in&quot;:[&quot;187&quot;,&quot;188&quot;],&quot;post_status&quot;:&quot;inherit&quot;,&quot;post_mime_type&quot;:&quot;image&quot;,&quot;posts_per_page&quot;:&quot;10&quot;},&quot;orderby_query_args&quot;:{&quot;orderby&quot;:{&quot;post__in&quot;:&quot;ASC&quot;},&quot;order&quot;:&quot;ASC&quot;},&quot;type&quot;:&quot;grid&quot;,&quot;us_grid_post_type&quot;:&quot;attachment&quot;,&quot;us_grid_ajax_index&quot;:1,&quot;us_grid_filter_query_string&quot;:null,&quot;us_grid_index&quot;:1,&quot;page_args&quot;:[],&quot;lang&quot;:&quot;lt&quot;}}'><\/div>\r\n\t<\/div><\/div><\/div><\/div><\/div><\/div><\/section><section class=\"l-section wpb_row height_small\"><div class=\"l-section-h i-cf\"><div class=\"g-cols vc_row via_flex valign_top type_default stacking_default\"><div class=\"vc_col-sm-12 wpb_column vc_column_container\"><div class=\"vc_column-inner\"><div class=\"wpb_wrapper\"><div class=\"wpb_text_column\"><div class=\"wpb_wrapper\"><h2>Pagrindiniai privalumai:<\/h2>\n<ul>\n<li>ilgaam\u017ei\u0161kumas, pritaikytas reikiamam konstrukcijos eksploatavimo laikui,<\/li>\n<li>geb\u0117jimas i\u0161laikyti nenutr\u016bkstam\u0105 statybos darb\u0173 eig\u0105,<\/li>\n<li>didesnis statybos darb\u0173 etapi\u0161kumo diapazonas,<\/li>\n<li>galimyb\u0117 sukurti aplinkkelius susisiekimo komunikacijoms,<\/li>\n<li>paprasta ir greita statyba,<\/li>\n<li>ma\u017eesn\u0117s \u012fsigijimo ir statybos s\u0105naudos, palyginti su \u012fprastomis monolitin\u0117mis ar surenkamomis atramin\u0117mis konstrukcijomis.<\/li>\n<\/ul>\n<\/div><\/div><\/div><\/div><\/div><\/div><\/div><\/section>\n","protected":false},"excerpt":{"rendered":"","protected":false},"author":1,"featured_media":0,"parent":6737,"menu_order":3,"comment_status":"closed","ping_status":"closed","template":"","meta":{"footnotes":"","_links_to":"","_links_to_target":""},"class_list":["post-6781","page","type-page","status-publish","hentry"],"yoast_head":"<!-- This site is optimized with the Yoast SEO plugin v24.5 - https:\/\/yoast.com\/wordpress\/plugins\/seo\/ -->\n<title>Laikinos atramin\u0117s konstrukcijos - Inorblock\u00ae<\/title>\n<meta name=\"robots\" content=\"index, follow, max-snippet:-1, max-image-preview:large, max-video-preview:-1\" \/>\n<link rel=\"canonical\" href=\"https:\/\/inorblock.com\/lt\/sustiprintas-gruntas\/laikinos-atramines-konstrukcijos\/\" \/>\n<meta property=\"og:locale\" content=\"lt_LT\" \/>\n<meta property=\"og:type\" content=\"article\" \/>\n<meta property=\"og:title\" content=\"Laikinos atramin\u0117s konstrukcijos - Inorblock\u00ae\" \/>\n<meta property=\"og:url\" content=\"https:\/\/inorblock.com\/lt\/sustiprintas-gruntas\/laikinos-atramines-konstrukcijos\/\" \/>\n<meta property=\"og:site_name\" content=\"Inorblock\u00ae\" \/>\n<meta property=\"article:modified_time\" content=\"2024-12-19T11:41:30+00:00\" \/>\n<meta name=\"twitter:card\" content=\"summary_large_image\" \/>\n<meta name=\"twitter:label1\" content=\"Est. reading time\" \/>\n\t<meta name=\"twitter:data1\" content=\"1 minut\u0117\" \/>\n<script type=\"application\/ld+json\" class=\"yoast-schema-graph\">{\"@context\":\"https:\/\/schema.org\",\"@graph\":[{\"@type\":\"WebPage\",\"@id\":\"https:\/\/inorblock.com\/lt\/sustiprintas-gruntas\/laikinos-atramines-konstrukcijos\/\",\"url\":\"https:\/\/inorblock.com\/lt\/sustiprintas-gruntas\/laikinos-atramines-konstrukcijos\/\",\"name\":\"Laikinos atramin\u0117s konstrukcijos - Inorblock\u00ae\",\"isPartOf\":{\"@id\":\"https:\/\/inorblock.com\/lt\/#website\"},\"datePublished\":\"2024-10-14T12:11:42+00:00\",\"dateModified\":\"2024-12-19T11:41:30+00:00\",\"breadcrumb\":{\"@id\":\"https:\/\/inorblock.com\/lt\/sustiprintas-gruntas\/laikinos-atramines-konstrukcijos\/#breadcrumb\"},\"inLanguage\":\"lt-LT\",\"potentialAction\":[{\"@type\":\"ReadAction\",\"target\":[\"https:\/\/inorblock.com\/lt\/sustiprintas-gruntas\/laikinos-atramines-konstrukcijos\/\"]}]},{\"@type\":\"BreadcrumbList\",\"@id\":\"https:\/\/inorblock.com\/lt\/sustiprintas-gruntas\/laikinos-atramines-konstrukcijos\/#breadcrumb\",\"itemListElement\":[{\"@type\":\"ListItem\",\"position\":1,\"name\":\"Home\",\"item\":\"https:\/\/inorblock.com\/lt\/\"},{\"@type\":\"ListItem\",\"position\":2,\"name\":\"Sustiprintas gruntas\",\"item\":\"https:\/\/inorblock.com\/lt\/sustiprintas-gruntas\/\"},{\"@type\":\"ListItem\",\"position\":3,\"name\":\"Laikinos atramin\u0117s konstrukcijos\"}]},{\"@type\":\"WebSite\",\"@id\":\"https:\/\/inorblock.com\/lt\/#website\",\"url\":\"https:\/\/inorblock.com\/lt\/\",\"name\":\"Inorblock\u00ae\",\"description\":\"Simple Solid Stable\",\"potentialAction\":[{\"@type\":\"SearchAction\",\"target\":{\"@type\":\"EntryPoint\",\"urlTemplate\":\"https:\/\/inorblock.com\/lt\/?s={search_term_string}\"},\"query-input\":{\"@type\":\"PropertyValueSpecification\",\"valueRequired\":true,\"valueName\":\"search_term_string\"}}],\"inLanguage\":\"lt-LT\"}]}<\/script>\n<!-- \/ Yoast SEO plugin. -->","yoast_head_json":{"title":"Laikinos atramin\u0117s konstrukcijos - Inorblock\u00ae","robots":{"index":"index","follow":"follow","max-snippet":"max-snippet:-1","max-image-preview":"max-image-preview:large","max-video-preview":"max-video-preview:-1"},"canonical":"https:\/\/inorblock.com\/lt\/sustiprintas-gruntas\/laikinos-atramines-konstrukcijos\/","og_locale":"lt_LT","og_type":"article","og_title":"Laikinos atramin\u0117s konstrukcijos - Inorblock\u00ae","og_url":"https:\/\/inorblock.com\/lt\/sustiprintas-gruntas\/laikinos-atramines-konstrukcijos\/","og_site_name":"Inorblock\u00ae","article_modified_time":"2024-12-19T11:41:30+00:00","twitter_card":"summary_large_image","twitter_misc":{"Est. reading time":"1 minut\u0117"},"schema":{"@context":"https:\/\/schema.org","@graph":[{"@type":"WebPage","@id":"https:\/\/inorblock.com\/lt\/sustiprintas-gruntas\/laikinos-atramines-konstrukcijos\/","url":"https:\/\/inorblock.com\/lt\/sustiprintas-gruntas\/laikinos-atramines-konstrukcijos\/","name":"Laikinos atramin\u0117s konstrukcijos - Inorblock\u00ae","isPartOf":{"@id":"https:\/\/inorblock.com\/lt\/#website"},"datePublished":"2024-10-14T12:11:42+00:00","dateModified":"2024-12-19T11:41:30+00:00","breadcrumb":{"@id":"https:\/\/inorblock.com\/lt\/sustiprintas-gruntas\/laikinos-atramines-konstrukcijos\/#breadcrumb"},"inLanguage":"lt-LT","potentialAction":[{"@type":"ReadAction","target":["https:\/\/inorblock.com\/lt\/sustiprintas-gruntas\/laikinos-atramines-konstrukcijos\/"]}]},{"@type":"BreadcrumbList","@id":"https:\/\/inorblock.com\/lt\/sustiprintas-gruntas\/laikinos-atramines-konstrukcijos\/#breadcrumb","itemListElement":[{"@type":"ListItem","position":1,"name":"Home","item":"https:\/\/inorblock.com\/lt\/"},{"@type":"ListItem","position":2,"name":"Sustiprintas gruntas","item":"https:\/\/inorblock.com\/lt\/sustiprintas-gruntas\/"},{"@type":"ListItem","position":3,"name":"Laikinos atramin\u0117s konstrukcijos"}]},{"@type":"WebSite","@id":"https:\/\/inorblock.com\/lt\/#website","url":"https:\/\/inorblock.com\/lt\/","name":"Inorblock\u00ae","description":"Simple Solid Stable","potentialAction":[{"@type":"SearchAction","target":{"@type":"EntryPoint","urlTemplate":"https:\/\/inorblock.com\/lt\/?s={search_term_string}"},"query-input":{"@type":"PropertyValueSpecification","valueRequired":true,"valueName":"search_term_string"}}],"inLanguage":"lt-LT"}]}},"_links":{"self":[{"href":"https:\/\/inorblock.com\/lt\/wp-json\/wp\/v2\/pages\/6781","targetHints":{"allow":["GET"]}}],"collection":[{"href":"https:\/\/inorblock.com\/lt\/wp-json\/wp\/v2\/pages"}],"about":[{"href":"https:\/\/inorblock.com\/lt\/wp-json\/wp\/v2\/types\/page"}],"author":[{"embeddable":true,"href":"https:\/\/inorblock.com\/lt\/wp-json\/wp\/v2\/users\/1"}],"replies":[{"embeddable":true,"href":"https:\/\/inorblock.com\/lt\/wp-json\/wp\/v2\/comments?post=6781"}],"version-history":[{"count":5,"href":"https:\/\/inorblock.com\/lt\/wp-json\/wp\/v2\/pages\/6781\/revisions"}],"predecessor-version":[{"id":7177,"href":"https:\/\/inorblock.com\/lt\/wp-json\/wp\/v2\/pages\/6781\/revisions\/7177"}],"up":[{"embeddable":true,"href":"https:\/\/inorblock.com\/lt\/wp-json\/wp\/v2\/pages\/6737"}],"wp:attachment":[{"href":"https:\/\/inorblock.com\/lt\/wp-json\/wp\/v2\/media?parent=6781"}],"curies":[{"name":"wp","href":"https:\/\/api.w.org\/{rel}","templated":true}]}}