{"id":6814,"date":"2024-10-14T14:23:31","date_gmt":"2024-10-14T12:23:31","guid":{"rendered":"https:\/\/inorblock.com\/?page_id=6814"},"modified":"2024-12-19T14:17:37","modified_gmt":"2024-12-19T12:17:37","slug":"sukomplektuotos-atramos","status":"publish","type":"page","link":"https:\/\/inorblock.com\/lt\/sustiprintas-gruntas\/tiltu-atramos\/sukomplektuotos-atramos\/","title":{"rendered":"Sukomplektuotos atramos"},"content":{"rendered":"<section class=\"l-section wpb_row height_small\"><div class=\"l-section-h i-cf\"><div class=\"g-cols vc_row via_flex valign_top type_default stacking_default\"><div class=\"vc_col-sm-12 wpb_column vc_column_container\"><div class=\"vc_column-inner\"><div class=\"wpb_wrapper\"><div class=\"wpb_text_column\"><div class=\"wpb_wrapper\"><h2>Sukomplektuotos atramos<\/h2>\n<p>Jau de\u0161imtme\u010dius visame pasaulyje tilt\u0173 atramos ir atramin\u0117s konstrukcijos statomos i\u0161 sutvirtintos \u017eem\u0117s. \u0160i technologija gerokai suma\u017eina investicij\u0173 s\u0105naudas. Sustiprintos \u017eem\u0117s blokas statomas prakti\u0161kai iki viso atramos auk\u0161\u010dio. Vienintelis gel\u017ebetonio elementas (tradicin\u0117 monolitin\u0117 technologija) tokioje konstrukcijoje yra pagrindin\u0117 sija, besiremianti \u012f gel\u017ebetonio blok\u0105, kuris remia konstrukcijos tarpatramius ir pereinam\u0105j\u0105 plok\u0161t\u0119.<\/p>\n<\/div><\/div><\/div><\/div><\/div><\/div><\/div><\/section><section class=\"l-section wpb_row height_small\"><div class=\"l-section-h i-cf\"><div class=\"g-cols vc_row via_flex valign_top type_default stacking_default\"><div class=\"vc_col-sm-12 wpb_column vc_column_container\"><div class=\"vc_column-inner\"><div class=\"wpb_wrapper\"><div class=\"w-image align_center\"><a ref=\"magnificPopup\" href=\"https:\/\/inorblock.com\/wp-content\/uploads\/2019\/09\/Complete-bridge-abutments-from-reinforced-soil.jpg\" aria-label=\"Complete bridge abutments from reinforced soil\" class=\"w-image-h\"><img decoding=\"async\" width=\"1109\" height=\"731\" src=\"https:\/\/inorblock.com\/wp-content\/uploads\/2019\/09\/Complete-bridge-abutments-from-reinforced-soil.jpg\" class=\"attachment-full size-full\" alt=\"\" loading=\"lazy\" srcset=\"https:\/\/inorblock.com\/wp-content\/uploads\/2019\/09\/Complete-bridge-abutments-from-reinforced-soil.jpg 1109w, https:\/\/inorblock.com\/wp-content\/uploads\/2019\/09\/Complete-bridge-abutments-from-reinforced-soil-300x198.jpg 300w, https:\/\/inorblock.com\/wp-content\/uploads\/2019\/09\/Complete-bridge-abutments-from-reinforced-soil-1024x675.jpg 1024w\" sizes=\"auto, (max-width: 1109px) 100vw, 1109px\" \/><\/a><\/div><\/div><\/div><\/div><\/div><\/div><\/section><section class=\"l-section wpb_row height_small\"><div class=\"l-section-h i-cf\"><div class=\"g-cols vc_row via_flex valign_top type_default stacking_default\"><div class=\"vc_col-sm-12 wpb_column vc_column_container\"><div class=\"vc_column-inner\"><div class=\"wpb_wrapper\"><div class=\"wpb_text_column\"><div class=\"wpb_wrapper\"><p>Siekiant u\u017etikrinti optimali\u0105 tilto konstrukcij\u0105, rekomenduojama atramas ir priva\u017eiavimo kelius formuoti taip pat pagal sustiprintos \u017eem\u0117s technologij\u0105 su geosintetin\u0117mis med\u017eiagomis. Taip u\u017etikrinamas priva\u017eiavimo keli\u0173 t\u0119stinumas su tilto atrama. Naudojant geosintetin\u012f sutvirtinim\u0105 atramini\u0173 konstrukcij\u0173 pavidalo priva\u017eiuojam\u0173j\u0173 keli\u0173 statybai, apribojami \u017eem\u0117s darbai, reikalingi tradiciniams \u0161laitams formuoti, taip pat suma\u017einama netolygaus grunto nus\u0117dimo rizika.<\/p>\n<p>Dar vienas svarbus aspektas statant pilnas atramas i\u0161 sustiprintos \u017eem\u0117s, lyginant su tradicine (monolitine) technologija, yra galimyb\u0117 statyti konstrukcijas ant ma\u017eai laikan\u010di\u0173 grunt\u0173 be tarpini\u0173 pamat\u0173. D\u0117l tinkamo statybos darb\u0173 grafiko pirmiausia galime pastatyti blok\u0105 i\u0161 sustiprintos \u017eem\u0117s, tada konstrukcij\u0105 perkrauti, pavyzd\u017eiui, betono plok\u0161t\u0117mis ir sukelti kontroliuojam\u0105 grunto sutankinim\u0105. Kai nuos\u0117d\u017eiai stabilizuojasi, galime prad\u0117ti monolitini\u0173 konstrukcij\u0173 statyb\u0105.<\/p>\n<\/div><\/div><\/div><\/div><\/div><\/div><\/div><\/section><section class=\"l-section wpb_row height_small\"><div class=\"l-section-h i-cf\"><div class=\"g-cols vc_row via_flex valign_top type_default stacking_default\"><div class=\"vc_col-sm-12 wpb_column vc_column_container\"><div class=\"vc_column-inner\"><div class=\"wpb_wrapper\"><div class=\"w-grid type_grid layout_gallery_default cols_2 open_items_in_popup\" id=\"us_grid_1\" style=\"--columns:2;--gap:1.5rem;\" data-filterable=\"true\"><style>@media (max-width:600px){#us_grid_1{--columns:1!important}}.layout_gallery_default .w-grid-item-h{}<\/style><div class=\"w-grid-list\">\t<article class=\"w-grid-item size_1x1 post-7346 attachment type-attachment status-inherit hentry\" data-id=\"7346\">\r\n\t\t<div class=\"w-grid-item-h\">\r\n\t\t\t\t\t\t\t<a href=\"https:\/\/inorblock.com\/lt\/p13\/\" class=\"w-grid-item-anchor\" aria-label=\"p13\"><\/a>\r\n\t\t\t\t\t\t<div class=\"w-post-elm post_image usg_post_image_1 stretched\"><img loading=\"lazy\" decoding=\"async\" width=\"600\" height=\"400\" src=\"https:\/\/inorblock.com\/wp-content\/uploads\/2019\/07\/p13-600x400.jpg\" class=\"attachment-us_600_400_crop size-us_600_400_crop\" alt=\"\" \/><\/div>\t\t<\/div>\r\n\t\t\t<\/article>\r\n\t<article class=\"w-grid-item size_1x1 post-7343 attachment type-attachment status-inherit hentry\" data-id=\"7343\">\r\n\t\t<div class=\"w-grid-item-h\">\r\n\t\t\t\t\t\t\t<a href=\"https:\/\/inorblock.com\/lt\/p10\/\" class=\"w-grid-item-anchor\" aria-label=\"p10\"><\/a>\r\n\t\t\t\t\t\t<div class=\"w-post-elm post_image usg_post_image_1 stretched\"><img loading=\"lazy\" decoding=\"async\" width=\"600\" height=\"400\" src=\"https:\/\/inorblock.com\/wp-content\/uploads\/2019\/07\/p10-600x400.jpg\" class=\"attachment-us_600_400_crop size-us_600_400_crop\" alt=\"\" \/><\/div>\t\t<\/div>\r\n\t\t\t<\/article>\r\n<\/div><div class=\"w-grid-preloader\">\t<div class=\"g-preloader type_5\">\r\n\t\t<div><\/div>\r\n\t<\/div>\r\n\t<\/div>\t<div class=\"w-grid-json hidden\" onclick='return {&quot;action&quot;:&quot;us_ajax_grid&quot;,&quot;infinite_scroll&quot;:0,&quot;max_num_pages&quot;:1,&quot;pagination&quot;:&quot;none&quot;,&quot;template_vars&quot;:{&quot;columns&quot;:&quot;2&quot;,&quot;exclude_items&quot;:&quot;none&quot;,&quot;img_size&quot;:&quot;us_600_400_crop&quot;,&quot;ignore_items_size&quot;:0,&quot;items_layout&quot;:&quot;gallery_default&quot;,&quot;items_offset&quot;:&quot;1&quot;,&quot;load_animation&quot;:&quot;none&quot;,&quot;overriding_link&quot;:&quot;%7B%22type%22%3A%22popup_post%22%7D&quot;,&quot;post_id&quot;:0,&quot;query_args&quot;:{&quot;post_type&quot;:[&quot;attachment&quot;],&quot;post__in&quot;:[&quot;231&quot;,&quot;234&quot;],&quot;post_status&quot;:&quot;inherit&quot;,&quot;post_mime_type&quot;:&quot;image&quot;,&quot;posts_per_page&quot;:&quot;10&quot;},&quot;orderby_query_args&quot;:{&quot;orderby&quot;:{&quot;date&quot;:&quot;DESC&quot;}},&quot;type&quot;:&quot;grid&quot;,&quot;us_grid_post_type&quot;:&quot;attachment&quot;,&quot;us_grid_ajax_index&quot;:1,&quot;us_grid_filter_query_string&quot;:null,&quot;us_grid_index&quot;:1,&quot;page_args&quot;:[],&quot;lang&quot;:&quot;lt&quot;}}'><\/div>\r\n\t<div class=\"l-popup\">\r\n\t<div class=\"l-popup-overlay\"><\/div>\r\n\t<div class=\"l-popup-wrap\">\r\n\t\t<div class=\"l-popup-box\">\r\n\t\t\t<div class=\"l-popup-box-content\">\r\n\t\t\t\t<div class=\"g-preloader type_5\">\r\n\t\t\t\t\t<div><\/div>\r\n\t\t\t\t<\/div>\r\n\t\t\t\t<iframe class=\"l-popup-box-content-frame\" allowfullscreen><\/iframe>\r\n\t\t\t<\/div>\r\n\t\t<\/div>\r\n\t\t\t\t\t<div class=\"l-popup-arrow to_next hidden\" title=\"Toliau\"><\/div>\r\n\t\t\t<div class=\"l-popup-arrow to_prev hidden\" title=\"Ankstesnis\"><\/div>\r\n\t\t\t\t<div class=\"l-popup-closer\"><\/div>\r\n\t<\/div>\r\n<\/div>\r\n<\/div><\/div><\/div><\/div><\/div><\/div><\/section><section class=\"l-section wpb_row height_small\"><div class=\"l-section-h i-cf\"><div class=\"g-cols vc_row via_flex valign_top type_default stacking_default\"><div class=\"vc_col-sm-12 wpb_column vc_column_container\"><div class=\"vc_column-inner\"><div class=\"wpb_wrapper\"><div class=\"wpb_text_column\"><div class=\"wpb_wrapper\"><h2>Pagrindiniai privalumai:<\/h2>\n<ul>\n<li>sudedamosios dalys gali b\u016bti naudojamos ma\u017eiausiai 120 met\u0173 (ilgaam\u017ei\u0161kumas pritaikytas pagal in\u017einerini\u0173 objekt\u0173 reikalavimus),<\/li>\n<li>tilto atramoms ir priva\u017eiavimo keliams reikalingo ploto apribojimas,<\/li>\n<li>galimyb\u0117 in\u017einerinius objektus gr\u012fsti ant menkai laikan\u010di\u0173 grunt\u0173,<\/li>\n<li>paprasta ir greita statyba,<\/li>\n<li>ma\u017eesn\u0117s \u012fsigijimo ir darbo j\u0117gos s\u0105naudos, lyginant su tradicin\u0117mis monolitin\u0117mis konstrukcijomis.<\/li>\n<\/ul>\n<\/div><\/div><\/div><\/div><\/div><\/div><\/div><\/section>\n","protected":false},"excerpt":{"rendered":"","protected":false},"author":1,"featured_media":0,"parent":6786,"menu_order":4,"comment_status":"closed","ping_status":"closed","template":"","meta":{"footnotes":"","_links_to":"","_links_to_target":""},"class_list":["post-6814","page","type-page","status-publish","hentry"],"yoast_head":"<!-- This site is optimized with the Yoast SEO plugin v24.5 - https:\/\/yoast.com\/wordpress\/plugins\/seo\/ -->\n<title>Sukomplektuotos atramos - Inorblock\u00ae<\/title>\n<meta name=\"robots\" content=\"index, follow, max-snippet:-1, max-image-preview:large, max-video-preview:-1\" \/>\n<link rel=\"canonical\" href=\"https:\/\/inorblock.com\/lt\/sustiprintas-gruntas\/tiltu-atramos\/sukomplektuotos-atramos\/\" \/>\n<meta property=\"og:locale\" content=\"lt_LT\" \/>\n<meta property=\"og:type\" content=\"article\" \/>\n<meta property=\"og:title\" content=\"Sukomplektuotos atramos - Inorblock\u00ae\" \/>\n<meta property=\"og:url\" content=\"https:\/\/inorblock.com\/lt\/sustiprintas-gruntas\/tiltu-atramos\/sukomplektuotos-atramos\/\" \/>\n<meta property=\"og:site_name\" content=\"Inorblock\u00ae\" \/>\n<meta property=\"article:modified_time\" content=\"2024-12-19T12:17:37+00:00\" \/>\n<meta name=\"twitter:card\" content=\"summary_large_image\" \/>\n<meta name=\"twitter:label1\" content=\"Est. reading time\" \/>\n\t<meta name=\"twitter:data1\" content=\"2 minut\u0117s\" \/>\n<script type=\"application\/ld+json\" class=\"yoast-schema-graph\">{\"@context\":\"https:\/\/schema.org\",\"@graph\":[{\"@type\":\"WebPage\",\"@id\":\"https:\/\/inorblock.com\/lt\/sustiprintas-gruntas\/tiltu-atramos\/sukomplektuotos-atramos\/\",\"url\":\"https:\/\/inorblock.com\/lt\/sustiprintas-gruntas\/tiltu-atramos\/sukomplektuotos-atramos\/\",\"name\":\"Sukomplektuotos atramos - Inorblock\u00ae\",\"isPartOf\":{\"@id\":\"https:\/\/inorblock.com\/lt\/#website\"},\"datePublished\":\"2024-10-14T12:23:31+00:00\",\"dateModified\":\"2024-12-19T12:17:37+00:00\",\"breadcrumb\":{\"@id\":\"https:\/\/inorblock.com\/lt\/sustiprintas-gruntas\/tiltu-atramos\/sukomplektuotos-atramos\/#breadcrumb\"},\"inLanguage\":\"lt-LT\",\"potentialAction\":[{\"@type\":\"ReadAction\",\"target\":[\"https:\/\/inorblock.com\/lt\/sustiprintas-gruntas\/tiltu-atramos\/sukomplektuotos-atramos\/\"]}]},{\"@type\":\"BreadcrumbList\",\"@id\":\"https:\/\/inorblock.com\/lt\/sustiprintas-gruntas\/tiltu-atramos\/sukomplektuotos-atramos\/#breadcrumb\",\"itemListElement\":[{\"@type\":\"ListItem\",\"position\":1,\"name\":\"Home\",\"item\":\"https:\/\/inorblock.com\/lt\/\"},{\"@type\":\"ListItem\",\"position\":2,\"name\":\"Sustiprintas gruntas\",\"item\":\"https:\/\/inorblock.com\/lt\/sustiprintas-gruntas\/\"},{\"@type\":\"ListItem\",\"position\":3,\"name\":\"Tilt\u0173 atramos\",\"item\":\"https:\/\/inorblock.com\/lt\/sustiprintas-gruntas\/tiltu-atramos\/\"},{\"@type\":\"ListItem\",\"position\":4,\"name\":\"Sukomplektuotos atramos\"}]},{\"@type\":\"WebSite\",\"@id\":\"https:\/\/inorblock.com\/lt\/#website\",\"url\":\"https:\/\/inorblock.com\/lt\/\",\"name\":\"Inorblock\u00ae\",\"description\":\"Simple Solid Stable\",\"potentialAction\":[{\"@type\":\"SearchAction\",\"target\":{\"@type\":\"EntryPoint\",\"urlTemplate\":\"https:\/\/inorblock.com\/lt\/?s={search_term_string}\"},\"query-input\":{\"@type\":\"PropertyValueSpecification\",\"valueRequired\":true,\"valueName\":\"search_term_string\"}}],\"inLanguage\":\"lt-LT\"}]}<\/script>\n<!-- \/ Yoast SEO plugin. -->","yoast_head_json":{"title":"Sukomplektuotos atramos - Inorblock\u00ae","robots":{"index":"index","follow":"follow","max-snippet":"max-snippet:-1","max-image-preview":"max-image-preview:large","max-video-preview":"max-video-preview:-1"},"canonical":"https:\/\/inorblock.com\/lt\/sustiprintas-gruntas\/tiltu-atramos\/sukomplektuotos-atramos\/","og_locale":"lt_LT","og_type":"article","og_title":"Sukomplektuotos atramos - Inorblock\u00ae","og_url":"https:\/\/inorblock.com\/lt\/sustiprintas-gruntas\/tiltu-atramos\/sukomplektuotos-atramos\/","og_site_name":"Inorblock\u00ae","article_modified_time":"2024-12-19T12:17:37+00:00","twitter_card":"summary_large_image","twitter_misc":{"Est. reading time":"2 minut\u0117s"},"schema":{"@context":"https:\/\/schema.org","@graph":[{"@type":"WebPage","@id":"https:\/\/inorblock.com\/lt\/sustiprintas-gruntas\/tiltu-atramos\/sukomplektuotos-atramos\/","url":"https:\/\/inorblock.com\/lt\/sustiprintas-gruntas\/tiltu-atramos\/sukomplektuotos-atramos\/","name":"Sukomplektuotos atramos - Inorblock\u00ae","isPartOf":{"@id":"https:\/\/inorblock.com\/lt\/#website"},"datePublished":"2024-10-14T12:23:31+00:00","dateModified":"2024-12-19T12:17:37+00:00","breadcrumb":{"@id":"https:\/\/inorblock.com\/lt\/sustiprintas-gruntas\/tiltu-atramos\/sukomplektuotos-atramos\/#breadcrumb"},"inLanguage":"lt-LT","potentialAction":[{"@type":"ReadAction","target":["https:\/\/inorblock.com\/lt\/sustiprintas-gruntas\/tiltu-atramos\/sukomplektuotos-atramos\/"]}]},{"@type":"BreadcrumbList","@id":"https:\/\/inorblock.com\/lt\/sustiprintas-gruntas\/tiltu-atramos\/sukomplektuotos-atramos\/#breadcrumb","itemListElement":[{"@type":"ListItem","position":1,"name":"Home","item":"https:\/\/inorblock.com\/lt\/"},{"@type":"ListItem","position":2,"name":"Sustiprintas gruntas","item":"https:\/\/inorblock.com\/lt\/sustiprintas-gruntas\/"},{"@type":"ListItem","position":3,"name":"Tilt\u0173 atramos","item":"https:\/\/inorblock.com\/lt\/sustiprintas-gruntas\/tiltu-atramos\/"},{"@type":"ListItem","position":4,"name":"Sukomplektuotos atramos"}]},{"@type":"WebSite","@id":"https:\/\/inorblock.com\/lt\/#website","url":"https:\/\/inorblock.com\/lt\/","name":"Inorblock\u00ae","description":"Simple Solid Stable","potentialAction":[{"@type":"SearchAction","target":{"@type":"EntryPoint","urlTemplate":"https:\/\/inorblock.com\/lt\/?s={search_term_string}"},"query-input":{"@type":"PropertyValueSpecification","valueRequired":true,"valueName":"search_term_string"}}],"inLanguage":"lt-LT"}]}},"_links":{"self":[{"href":"https:\/\/inorblock.com\/lt\/wp-json\/wp\/v2\/pages\/6814","targetHints":{"allow":["GET"]}}],"collection":[{"href":"https:\/\/inorblock.com\/lt\/wp-json\/wp\/v2\/pages"}],"about":[{"href":"https:\/\/inorblock.com\/lt\/wp-json\/wp\/v2\/types\/page"}],"author":[{"embeddable":true,"href":"https:\/\/inorblock.com\/lt\/wp-json\/wp\/v2\/users\/1"}],"replies":[{"embeddable":true,"href":"https:\/\/inorblock.com\/lt\/wp-json\/wp\/v2\/comments?post=6814"}],"version-history":[{"count":4,"href":"https:\/\/inorblock.com\/lt\/wp-json\/wp\/v2\/pages\/6814\/revisions"}],"predecessor-version":[{"id":7185,"href":"https:\/\/inorblock.com\/lt\/wp-json\/wp\/v2\/pages\/6814\/revisions\/7185"}],"up":[{"embeddable":true,"href":"https:\/\/inorblock.com\/lt\/wp-json\/wp\/v2\/pages\/6786"}],"wp:attachment":[{"href":"https:\/\/inorblock.com\/lt\/wp-json\/wp\/v2\/media?parent=6814"}],"curies":[{"name":"wp","href":"https:\/\/api.w.org\/{rel}","templated":true}]}}