{"id":4635,"date":"2021-12-06T12:26:16","date_gmt":"2021-12-06T12:26:16","guid":{"rendered":"https:\/\/inorblock.com\/?page_id=4635"},"modified":"2021-12-07T14:02:34","modified_gmt":"2021-12-07T14:02:34","slug":"sistem-activ-as","status":"publish","type":"page","link":"https:\/\/inorblock.com\/ro\/sol-armat\/ziduri-de-sprijin\/sistem-activ-as\/","title":{"rendered":"Sistem Activ (AS)"},"content":{"rendered":"<section class=\"l-section wpb_row height_small\"><div class=\"l-section-h i-cf\"><div class=\"g-cols vc_row via_flex valign_top type_default stacking_default\"><div class=\"vc_col-sm-6 wpb_column vc_column_container\"><div class=\"vc_column-inner\"><div class=\"wpb_wrapper\"><div class=\"wpb_text_column\"><div class=\"wpb_wrapper\"><h2>Sistem Activ (AS)<\/h2>\n<p>\u00cen construc\u021bia pere\u021bilor cu placa\u021bi cu sistem activ inser\u021biile de armare sunt a\u0219ezate orizontal \u0219i ancorate direct elementul de placare (f\u0103r\u0103 inser\u021bii de ancorare). Structura blocului de sol armat \u0219i placarea formeaz\u0103 o structur\u0103 inseparabil\u0103 legat\u0103 de un singur element de armare.<\/p>\n<\/div><\/div><\/div><\/div><\/div><div class=\"vc_col-sm-6 wpb_column vc_column_container\"><div class=\"vc_column-inner\"><div class=\"wpb_wrapper\"><div class=\"w-image align_none\"><a ref=\"magnificPopup\" href=\"https:\/\/inorblock.com\/wp-content\/uploads\/2021\/12\/Ziduri-de-sprijin_Sistem-Activ.jpg\" aria-label=\"Ziduri de sprijin_Sistem Activ\" class=\"w-image-h\"><img decoding=\"async\" width=\"1024\" height=\"909\" src=\"https:\/\/inorblock.com\/wp-content\/uploads\/2021\/12\/Ziduri-de-sprijin_Sistem-Activ-1024x909.jpg\" class=\"attachment-large size-large\" alt=\"\" loading=\"lazy\" srcset=\"https:\/\/inorblock.com\/wp-content\/uploads\/2021\/12\/Ziduri-de-sprijin_Sistem-Activ-1024x909.jpg 1024w, https:\/\/inorblock.com\/wp-content\/uploads\/2021\/12\/Ziduri-de-sprijin_Sistem-Activ-300x266.jpg 300w, https:\/\/inorblock.com\/wp-content\/uploads\/2021\/12\/Ziduri-de-sprijin_Sistem-Activ.jpg 1321w\" sizes=\"auto, (max-width: 1024px) 100vw, 1024px\" \/><\/a><\/div><\/div><\/div><\/div><\/div><\/div><\/section><section class=\"l-section wpb_row height_small\"><div class=\"l-section-h i-cf\"><div class=\"g-cols vc_row via_flex valign_top type_default stacking_default\"><div class=\"vc_col-sm-12 wpb_column vc_column_container\"><div class=\"vc_column-inner\"><div class=\"wpb_wrapper\"><div class=\"wpb_text_column\"><div class=\"wpb_wrapper\"><p>Construc\u021bia acestui tip de perete se realizeaz\u0103 \u00een straturi, paralel cu formarea unui bloc de sol armat, este a\u0219ezat\u0103 fa\u021bad\u0103, care serve\u0219te drept cofraj pentru straturile ulterioare de material de terasament.\u00a0 Acest lucru oblig\u0103 solul s\u0103 fie compactat in apropierea plac\u0103rii numai cu echipamente u\u0219oare.\u00a0 Sistemul activ (AS) este mai ieftin \u00een compara\u021bie cu sistemul pasiv (PS) datorit\u0103 cantit\u0103\u021bii mai mici de materiale geosintetice utilizate.\u00a0 Cu toate acestea, sistemul activ (AS) are cerin\u021be mult mai mari \u0219i o toleran\u021b\u0103 mai mic\u0103 pentru tipul de sol \u0219i calitatea lucr\u0103rilor de terasament.\u00a0 Construc\u021biile acestei tehnologii pot fi construite numai \u00een locuri (zone) \u00een care riscul de scufundare a solului este minimizat, materialul de umplere are parametri geotehnici ridica\u021bi \u0219i nu exist\u0103 coliziuni cu infrastructura.<\/p>\n<\/div><\/div><\/div><\/div><\/div><\/div><\/div><\/section><section class=\"l-section wpb_row height_small\"><div class=\"l-section-h i-cf\"><div class=\"g-cols vc_row via_flex valign_top type_default stacking_default\"><div class=\"vc_col-sm-12 wpb_column vc_column_container\"><div class=\"vc_column-inner\"><div class=\"wpb_wrapper\"><div class=\"w-grid type_grid layout_gallery_default cols_2\" id=\"us_grid_1\" style=\"--columns:2;--gap:1.5rem;\" data-filterable=\"true\"><style>@media (max-width:600px){#us_grid_1{--columns:1!important}}.layout_gallery_default .w-grid-item-h{}<\/style><div class=\"w-grid-list\">\t<article class=\"w-grid-item size_1x1 post-5149 attachment type-attachment status-inherit hentry\" data-id=\"5149\">\r\n\t\t<div class=\"w-grid-item-h\">\r\n\t\t\t\t\t\t\t<a ref=\"magnificPopupGrid\" href=\"https:\/\/inorblock.com\/wp-content\/uploads\/2021\/12\/Ziduri-de-sprijin-Sistem-Activ.jpg\" class=\"w-grid-item-anchor\" aria-label=\"Ziduri de sprijin &#8211; Sistem Activ\"><\/a>\r\n\t\t\t\t\t\t<div class=\"w-post-elm post_image usg_post_image_1 stretched\"><img loading=\"lazy\" decoding=\"async\" width=\"600\" height=\"400\" src=\"https:\/\/inorblock.com\/wp-content\/uploads\/2021\/12\/Ziduri-de-sprijin-Sistem-Activ-600x400.jpg\" class=\"attachment-us_600_400_crop size-us_600_400_crop\" alt=\"\" \/><\/div>\t\t<\/div>\r\n\t\t\t<\/article>\r\n\t<article class=\"w-grid-item size_1x1 post-5159 attachment type-attachment status-inherit hentry\" data-id=\"5159\">\r\n\t\t<div class=\"w-grid-item-h\">\r\n\t\t\t\t\t\t\t<a ref=\"magnificPopupGrid\" href=\"https:\/\/inorblock.com\/wp-content\/uploads\/2021\/12\/Ziduri-de-sprijin-Sistem-Activ_1.jpg\" class=\"w-grid-item-anchor\" aria-label=\"Ziduri de sprijin &#8211; Sistem Activ_1\"><\/a>\r\n\t\t\t\t\t\t<div class=\"w-post-elm post_image usg_post_image_1 stretched\"><img loading=\"lazy\" decoding=\"async\" width=\"600\" height=\"400\" src=\"https:\/\/inorblock.com\/wp-content\/uploads\/2021\/12\/Ziduri-de-sprijin-Sistem-Activ_1-600x400.jpg\" class=\"attachment-us_600_400_crop size-us_600_400_crop\" alt=\"\" \/><\/div>\t\t<\/div>\r\n\t\t\t<\/article>\r\n\t<article class=\"w-grid-item size_1x1 post-5169 attachment type-attachment status-inherit hentry\" data-id=\"5169\">\r\n\t\t<div class=\"w-grid-item-h\">\r\n\t\t\t\t\t\t\t<a ref=\"magnificPopupGrid\" href=\"https:\/\/inorblock.com\/wp-content\/uploads\/2021\/12\/Ziduri-de-sprijin-Sistem-Activ_2.jpg\" class=\"w-grid-item-anchor\" aria-label=\"Ziduri de sprijin &#8211; Sistem Activ_2\"><\/a>\r\n\t\t\t\t\t\t<div class=\"w-post-elm post_image usg_post_image_1 stretched\"><img loading=\"lazy\" decoding=\"async\" width=\"600\" height=\"400\" src=\"https:\/\/inorblock.com\/wp-content\/uploads\/2021\/12\/Ziduri-de-sprijin-Sistem-Activ_2-600x400.jpg\" class=\"attachment-us_600_400_crop size-us_600_400_crop\" alt=\"\" \/><\/div>\t\t<\/div>\r\n\t\t\t<\/article>\r\n\t<article class=\"w-grid-item size_1x1 post-5179 attachment type-attachment status-inherit hentry\" data-id=\"5179\">\r\n\t\t<div class=\"w-grid-item-h\">\r\n\t\t\t\t\t\t\t<a ref=\"magnificPopupGrid\" href=\"https:\/\/inorblock.com\/wp-content\/uploads\/2021\/12\/Ziduri-de-sprijin-Sistem-Activ_3.jpg\" class=\"w-grid-item-anchor\" aria-label=\"Ziduri de sprijin &#8211; Sistem Activ_3\"><\/a>\r\n\t\t\t\t\t\t<div class=\"w-post-elm post_image usg_post_image_1 stretched\"><img loading=\"lazy\" decoding=\"async\" width=\"600\" height=\"400\" src=\"https:\/\/inorblock.com\/wp-content\/uploads\/2021\/12\/Ziduri-de-sprijin-Sistem-Activ_3-600x400.jpg\" class=\"attachment-us_600_400_crop size-us_600_400_crop\" alt=\"\" \/><\/div>\t\t<\/div>\r\n\t\t\t<\/article>\r\n\t<article class=\"w-grid-item size_1x1 post-5189 attachment type-attachment status-inherit hentry\" data-id=\"5189\">\r\n\t\t<div class=\"w-grid-item-h\">\r\n\t\t\t\t\t\t\t<a ref=\"magnificPopupGrid\" href=\"https:\/\/inorblock.com\/wp-content\/uploads\/2021\/12\/Ziduri-de-sprijin-Sistem-Activ_4.jpg\" class=\"w-grid-item-anchor\" aria-label=\"Ziduri de sprijin &#8211; Sistem Activ_4\"><\/a>\r\n\t\t\t\t\t\t<div class=\"w-post-elm post_image usg_post_image_1 stretched\"><img loading=\"lazy\" decoding=\"async\" width=\"600\" height=\"400\" src=\"https:\/\/inorblock.com\/wp-content\/uploads\/2021\/12\/Ziduri-de-sprijin-Sistem-Activ_4-600x400.jpg\" class=\"attachment-us_600_400_crop size-us_600_400_crop\" alt=\"\" \/><\/div>\t\t<\/div>\r\n\t\t\t<\/article>\r\n\t<article class=\"w-grid-item size_1x1 post-5199 attachment type-attachment status-inherit hentry\" data-id=\"5199\">\r\n\t\t<div class=\"w-grid-item-h\">\r\n\t\t\t\t\t\t\t<a ref=\"magnificPopupGrid\" href=\"https:\/\/inorblock.com\/wp-content\/uploads\/2021\/12\/Ziduri-de-sprijin-Sistem-Activ_5.jpg\" class=\"w-grid-item-anchor\" aria-label=\"Ziduri de sprijin &#8211; Sistem Activ_5\"><\/a>\r\n\t\t\t\t\t\t<div class=\"w-post-elm post_image usg_post_image_1 stretched\"><img loading=\"lazy\" decoding=\"async\" width=\"600\" height=\"400\" src=\"https:\/\/inorblock.com\/wp-content\/uploads\/2021\/12\/Ziduri-de-sprijin-Sistem-Activ_5-600x400.jpg\" class=\"attachment-us_600_400_crop size-us_600_400_crop\" alt=\"\" \/><\/div>\t\t<\/div>\r\n\t\t\t<\/article>\r\n<\/div><div class=\"w-grid-preloader\">\t<div class=\"g-preloader type_5\">\r\n\t\t<div><\/div>\r\n\t<\/div>\r\n\t<\/div>\t<div class=\"w-grid-json hidden\" onclick='return {&quot;action&quot;:&quot;us_ajax_grid&quot;,&quot;infinite_scroll&quot;:0,&quot;max_num_pages&quot;:1,&quot;pagination&quot;:&quot;none&quot;,&quot;template_vars&quot;:{&quot;columns&quot;:&quot;2&quot;,&quot;exclude_items&quot;:&quot;none&quot;,&quot;img_size&quot;:&quot;us_600_400_crop&quot;,&quot;ignore_items_size&quot;:0,&quot;items_layout&quot;:&quot;gallery_default&quot;,&quot;items_offset&quot;:&quot;1&quot;,&quot;load_animation&quot;:&quot;none&quot;,&quot;overriding_link&quot;:&quot;%7B%22type%22%3A%22popup_image%22%7D&quot;,&quot;post_id&quot;:0,&quot;query_args&quot;:{&quot;post_type&quot;:[&quot;attachment&quot;],&quot;post__in&quot;:[&quot;5149&quot;,&quot;5159&quot;,&quot;5169&quot;,&quot;5179&quot;,&quot;5189&quot;,&quot;5199&quot;],&quot;post_status&quot;:&quot;inherit&quot;,&quot;post_mime_type&quot;:&quot;image&quot;,&quot;posts_per_page&quot;:&quot;10&quot;},&quot;orderby_query_args&quot;:{&quot;orderby&quot;:{&quot;date&quot;:&quot;ASC&quot;}},&quot;type&quot;:&quot;grid&quot;,&quot;us_grid_post_type&quot;:&quot;attachment&quot;,&quot;us_grid_ajax_index&quot;:1,&quot;us_grid_filter_query_string&quot;:null,&quot;us_grid_index&quot;:1,&quot;page_args&quot;:[],&quot;lang&quot;:&quot;ro&quot;}}'><\/div>\r\n\t<\/div><\/div><\/div><\/div><\/div><\/div><\/section>\n","protected":false},"excerpt":{"rendered":"","protected":false},"author":2,"featured_media":4637,"parent":4624,"menu_order":1,"comment_status":"closed","ping_status":"closed","template":"","meta":{"footnotes":"","_links_to":"","_links_to_target":""},"class_list":["post-4635","page","type-page","status-publish","has-post-thumbnail","hentry"],"yoast_head":"<!-- This site is optimized with the Yoast SEO plugin v24.5 - https:\/\/yoast.com\/wordpress\/plugins\/seo\/ -->\n<title>Sistem Activ (AS) - Inorblock\u00ae<\/title>\n<meta name=\"robots\" content=\"index, follow, max-snippet:-1, max-image-preview:large, max-video-preview:-1\" \/>\n<link rel=\"canonical\" href=\"https:\/\/inorblock.com\/ro\/sol-armat\/ziduri-de-sprijin\/sistem-activ-as\/\" \/>\n<meta property=\"og:locale\" content=\"ro_RO\" \/>\n<meta property=\"og:type\" content=\"article\" \/>\n<meta property=\"og:title\" content=\"Sistem Activ (AS) - Inorblock\u00ae\" \/>\n<meta property=\"og:url\" content=\"https:\/\/inorblock.com\/ro\/sol-armat\/ziduri-de-sprijin\/sistem-activ-as\/\" \/>\n<meta property=\"og:site_name\" content=\"Inorblock\u00ae\" \/>\n<meta property=\"article:modified_time\" content=\"2021-12-07T14:02:34+00:00\" \/>\n<meta property=\"og:image\" content=\"https:\/\/inorblock.com\/wp-content\/uploads\/2019\/07\/Info-AS_5.jpg\" \/>\n\t<meta property=\"og:image:width\" content=\"2500\" \/>\n\t<meta property=\"og:image:height\" content=\"1875\" \/>\n\t<meta property=\"og:image:type\" content=\"image\/jpeg\" \/>\n<meta name=\"twitter:card\" content=\"summary_large_image\" \/>\n<meta name=\"twitter:label1\" content=\"Timp estimat pentru citire\" \/>\n\t<meta name=\"twitter:data1\" content=\"1 minut\" \/>\n<script type=\"application\/ld+json\" class=\"yoast-schema-graph\">{\"@context\":\"https:\/\/schema.org\",\"@graph\":[{\"@type\":\"WebPage\",\"@id\":\"https:\/\/inorblock.com\/ro\/sol-armat\/ziduri-de-sprijin\/sistem-activ-as\/\",\"url\":\"https:\/\/inorblock.com\/ro\/sol-armat\/ziduri-de-sprijin\/sistem-activ-as\/\",\"name\":\"Sistem Activ (AS) - Inorblock\u00ae\",\"isPartOf\":{\"@id\":\"https:\/\/inorblock.com\/ro\/#website\"},\"primaryImageOfPage\":{\"@id\":\"https:\/\/inorblock.com\/ro\/sol-armat\/ziduri-de-sprijin\/sistem-activ-as\/#primaryimage\"},\"image\":{\"@id\":\"https:\/\/inorblock.com\/ro\/sol-armat\/ziduri-de-sprijin\/sistem-activ-as\/#primaryimage\"},\"thumbnailUrl\":\"https:\/\/inorblock.com\/wp-content\/uploads\/2019\/07\/Info-AS_5.jpg\",\"datePublished\":\"2021-12-06T12:26:16+00:00\",\"dateModified\":\"2021-12-07T14:02:34+00:00\",\"breadcrumb\":{\"@id\":\"https:\/\/inorblock.com\/ro\/sol-armat\/ziduri-de-sprijin\/sistem-activ-as\/#breadcrumb\"},\"inLanguage\":\"ro-RO\",\"potentialAction\":[{\"@type\":\"ReadAction\",\"target\":[\"https:\/\/inorblock.com\/ro\/sol-armat\/ziduri-de-sprijin\/sistem-activ-as\/\"]}]},{\"@type\":\"ImageObject\",\"inLanguage\":\"ro-RO\",\"@id\":\"https:\/\/inorblock.com\/ro\/sol-armat\/ziduri-de-sprijin\/sistem-activ-as\/#primaryimage\",\"url\":\"https:\/\/inorblock.com\/wp-content\/uploads\/2019\/07\/Info-AS_5.jpg\",\"contentUrl\":\"https:\/\/inorblock.com\/wp-content\/uploads\/2019\/07\/Info-AS_5.jpg\",\"width\":2500,\"height\":1875},{\"@type\":\"BreadcrumbList\",\"@id\":\"https:\/\/inorblock.com\/ro\/sol-armat\/ziduri-de-sprijin\/sistem-activ-as\/#breadcrumb\",\"itemListElement\":[{\"@type\":\"ListItem\",\"position\":1,\"name\":\"Home\",\"item\":\"https:\/\/inorblock.com\/ro\/\"},{\"@type\":\"ListItem\",\"position\":2,\"name\":\"Sol armat\",\"item\":\"https:\/\/inorblock.com\/ro\/sol-armat\/\"},{\"@type\":\"ListItem\",\"position\":3,\"name\":\"Ziduri de sprijin\",\"item\":\"https:\/\/inorblock.com\/ro\/sol-armat\/ziduri-de-sprijin\/\"},{\"@type\":\"ListItem\",\"position\":4,\"name\":\"Sistem Activ (AS)\"}]},{\"@type\":\"WebSite\",\"@id\":\"https:\/\/inorblock.com\/ro\/#website\",\"url\":\"https:\/\/inorblock.com\/ro\/\",\"name\":\"Inorblock\u00ae\",\"description\":\"SISTEM ZIDURI DE SPRIJIN DIN SOL ARMAT\",\"potentialAction\":[{\"@type\":\"SearchAction\",\"target\":{\"@type\":\"EntryPoint\",\"urlTemplate\":\"https:\/\/inorblock.com\/ro\/?s={search_term_string}\"},\"query-input\":{\"@type\":\"PropertyValueSpecification\",\"valueRequired\":true,\"valueName\":\"search_term_string\"}}],\"inLanguage\":\"ro-RO\"}]}<\/script>\n<!-- \/ Yoast SEO plugin. -->","yoast_head_json":{"title":"Sistem Activ (AS) - Inorblock\u00ae","robots":{"index":"index","follow":"follow","max-snippet":"max-snippet:-1","max-image-preview":"max-image-preview:large","max-video-preview":"max-video-preview:-1"},"canonical":"https:\/\/inorblock.com\/ro\/sol-armat\/ziduri-de-sprijin\/sistem-activ-as\/","og_locale":"ro_RO","og_type":"article","og_title":"Sistem Activ (AS) - Inorblock\u00ae","og_url":"https:\/\/inorblock.com\/ro\/sol-armat\/ziduri-de-sprijin\/sistem-activ-as\/","og_site_name":"Inorblock\u00ae","article_modified_time":"2021-12-07T14:02:34+00:00","og_image":[{"width":2500,"height":1875,"url":"https:\/\/inorblock.com\/wp-content\/uploads\/2019\/07\/Info-AS_5.jpg","type":"image\/jpeg"}],"twitter_card":"summary_large_image","twitter_misc":{"Timp estimat pentru citire":"1 minut"},"schema":{"@context":"https:\/\/schema.org","@graph":[{"@type":"WebPage","@id":"https:\/\/inorblock.com\/ro\/sol-armat\/ziduri-de-sprijin\/sistem-activ-as\/","url":"https:\/\/inorblock.com\/ro\/sol-armat\/ziduri-de-sprijin\/sistem-activ-as\/","name":"Sistem Activ (AS) - Inorblock\u00ae","isPartOf":{"@id":"https:\/\/inorblock.com\/ro\/#website"},"primaryImageOfPage":{"@id":"https:\/\/inorblock.com\/ro\/sol-armat\/ziduri-de-sprijin\/sistem-activ-as\/#primaryimage"},"image":{"@id":"https:\/\/inorblock.com\/ro\/sol-armat\/ziduri-de-sprijin\/sistem-activ-as\/#primaryimage"},"thumbnailUrl":"https:\/\/inorblock.com\/wp-content\/uploads\/2019\/07\/Info-AS_5.jpg","datePublished":"2021-12-06T12:26:16+00:00","dateModified":"2021-12-07T14:02:34+00:00","breadcrumb":{"@id":"https:\/\/inorblock.com\/ro\/sol-armat\/ziduri-de-sprijin\/sistem-activ-as\/#breadcrumb"},"inLanguage":"ro-RO","potentialAction":[{"@type":"ReadAction","target":["https:\/\/inorblock.com\/ro\/sol-armat\/ziduri-de-sprijin\/sistem-activ-as\/"]}]},{"@type":"ImageObject","inLanguage":"ro-RO","@id":"https:\/\/inorblock.com\/ro\/sol-armat\/ziduri-de-sprijin\/sistem-activ-as\/#primaryimage","url":"https:\/\/inorblock.com\/wp-content\/uploads\/2019\/07\/Info-AS_5.jpg","contentUrl":"https:\/\/inorblock.com\/wp-content\/uploads\/2019\/07\/Info-AS_5.jpg","width":2500,"height":1875},{"@type":"BreadcrumbList","@id":"https:\/\/inorblock.com\/ro\/sol-armat\/ziduri-de-sprijin\/sistem-activ-as\/#breadcrumb","itemListElement":[{"@type":"ListItem","position":1,"name":"Home","item":"https:\/\/inorblock.com\/ro\/"},{"@type":"ListItem","position":2,"name":"Sol armat","item":"https:\/\/inorblock.com\/ro\/sol-armat\/"},{"@type":"ListItem","position":3,"name":"Ziduri de sprijin","item":"https:\/\/inorblock.com\/ro\/sol-armat\/ziduri-de-sprijin\/"},{"@type":"ListItem","position":4,"name":"Sistem Activ (AS)"}]},{"@type":"WebSite","@id":"https:\/\/inorblock.com\/ro\/#website","url":"https:\/\/inorblock.com\/ro\/","name":"Inorblock\u00ae","description":"SISTEM ZIDURI DE SPRIJIN DIN SOL ARMAT","potentialAction":[{"@type":"SearchAction","target":{"@type":"EntryPoint","urlTemplate":"https:\/\/inorblock.com\/ro\/?s={search_term_string}"},"query-input":{"@type":"PropertyValueSpecification","valueRequired":true,"valueName":"search_term_string"}}],"inLanguage":"ro-RO"}]}},"_links":{"self":[{"href":"https:\/\/inorblock.com\/ro\/wp-json\/wp\/v2\/pages\/4635","targetHints":{"allow":["GET"]}}],"collection":[{"href":"https:\/\/inorblock.com\/ro\/wp-json\/wp\/v2\/pages"}],"about":[{"href":"https:\/\/inorblock.com\/ro\/wp-json\/wp\/v2\/types\/page"}],"author":[{"embeddable":true,"href":"https:\/\/inorblock.com\/ro\/wp-json\/wp\/v2\/users\/2"}],"replies":[{"embeddable":true,"href":"https:\/\/inorblock.com\/ro\/wp-json\/wp\/v2\/comments?post=4635"}],"version-history":[{"count":6,"href":"https:\/\/inorblock.com\/ro\/wp-json\/wp\/v2\/pages\/4635\/revisions"}],"predecessor-version":[{"id":5210,"href":"https:\/\/inorblock.com\/ro\/wp-json\/wp\/v2\/pages\/4635\/revisions\/5210"}],"up":[{"embeddable":true,"href":"https:\/\/inorblock.com\/ro\/wp-json\/wp\/v2\/pages\/4624"}],"wp:featuredmedia":[{"embeddable":true,"href":"https:\/\/inorblock.com\/ro\/wp-json\/wp\/v2\/media\/4637"}],"wp:attachment":[{"href":"https:\/\/inorblock.com\/ro\/wp-json\/wp\/v2\/media?parent=4635"}],"curies":[{"name":"wp","href":"https:\/\/api.w.org\/{rel}","templated":true}]}}