{"id":6448,"date":"2023-04-27T13:20:31","date_gmt":"2023-04-27T11:20:31","guid":{"rendered":"https:\/\/inorblock.com\/?page_id=6448"},"modified":"2023-06-05T12:45:40","modified_gmt":"2023-06-05T10:45:40","slug":"aktivny-system-as","status":"publish","type":"page","link":"https:\/\/inorblock.com\/sk\/vystuzena-hornina\/oporne-mury\/aktivny-system-as\/","title":{"rendered":"Akt\u00edvny Syst\u00e9m (AS)"},"content":{"rendered":"<section class=\"l-section wpb_row height_small\"><div class=\"l-section-h i-cf\"><div class=\"g-cols vc_row via_flex valign_top type_default stacking_default\"><div class=\"vc_col-sm-6 wpb_column vc_column_container\"><div class=\"vc_column-inner\"><div class=\"wpb_wrapper\"><div class=\"wpb_text_column\"><div class=\"wpb_wrapper\"><h2>Akt\u00edvny Syst\u00e9m (AS)<\/h2>\n<p>V\u00fdstavbou obkladov\u00fdch stien v akt\u00edvnom syst\u00e9me sa geosyntetick\u00e9 v\u00fdstu\u017ee nain\u0161taluj\u00fa horizont\u00e1lne a ukotvia sa priamo medzi obkladov\u00e9 bloky (ch\u00fdbaj\u00fa doplnkov\u00e9 kotviace vlo\u017eky). Pri akt\u00edvnom syst\u00e9me tvor\u00ed blok z vystu\u017eenej horniny a obkladov\u00fd m\u00far nerozdelite\u013en\u00fa kon\u0161trukciu, to znamen\u00e1, \u017ee v\u00fdstu\u017ee p\u00f4sobia v bloku z vystu\u017eenej horniny a v modul\u00e1rnom oblo\u017een\u00ed bloku.<\/p>\n<\/div><\/div><\/div><\/div><\/div><div class=\"vc_col-sm-6 wpb_column vc_column_container\"><div class=\"vc_column-inner\"><div class=\"wpb_wrapper\"><div class=\"w-image align_none\"><a ref=\"magnificPopup\" href=\"https:\/\/inorblock.com\/wp-content\/uploads\/2023\/05\/Aktivny-System_SK.png\" aria-label=\"Akt\u00edvny Syst\u00e9m_SK\" class=\"w-image-h\"><img decoding=\"async\" width=\"1024\" height=\"934\" src=\"https:\/\/inorblock.com\/wp-content\/uploads\/2023\/05\/Aktivny-System_SK-1024x934.png\" class=\"attachment-large size-large\" alt=\"\" loading=\"lazy\" srcset=\"https:\/\/inorblock.com\/wp-content\/uploads\/2023\/05\/Aktivny-System_SK-1024x934.png 1024w, https:\/\/inorblock.com\/wp-content\/uploads\/2023\/05\/Aktivny-System_SK-300x274.png 300w, https:\/\/inorblock.com\/wp-content\/uploads\/2023\/05\/Aktivny-System_SK.png 1286w\" sizes=\"auto, (max-width: 1024px) 100vw, 1024px\" \/><\/a><\/div><\/div><\/div><\/div><\/div><\/div><\/section><section class=\"l-section wpb_row height_small\"><div class=\"l-section-h i-cf\"><div class=\"g-cols vc_row via_flex valign_top type_default stacking_default\"><div class=\"vc_col-sm-12 wpb_column vc_column_container\"><div class=\"vc_column-inner\"><div class=\"wpb_wrapper\"><div class=\"wpb_text_column\"><div class=\"wpb_wrapper\"><p>V\u00fdstavba t\u00fdchto m\u00farov sa rob\u00ed met\u00f3dou vrstva po vrstve: stena z obkladov\u00fdch tv\u00e1rnic je usporiadan\u00e1 na \u010dele a p\u00f4sob\u00ed tie\u017e ako debnenie pre \u010fal\u0161iu vrstvu kon\u0161trukcie z vystu\u017eenej horniny. Tento syst\u00e9m umo\u017e\u0148uje pre zhut\u0148ovanie p\u00f4dy v bl\u00edzkosti okraja obkladov\u00e9ho m\u00fara pou\u017e\u00edvanie iba \u013eahk\u00e9ho zariadenia. Technol\u00f3gia akt\u00edvneho obkladu je v porovnan\u00ed s pas\u00edvnym syst\u00e9mom lacnej\u0161ia v\u010faka men\u0161iemu mno\u017estvu pou\u017eit\u00fdch geosyntetick\u00fdch materi\u00e1lov. Av\u0161ak akt\u00edvny syst\u00e9m m\u00e1 ove\u013ea vy\u0161\u0161ie po\u017eiadavky a ni\u017e\u0161ie tolerancie, \u010do sa t\u00fdka typu horniny a kvality zemn\u00fdch pr\u00e1c Budovanie kon\u0161trukci\u00ed pomocou akt\u00edvneho syst\u00e9mu je mo\u017en\u00e9 iba v miestach (na ploch\u00e1ch), kde je minimalizovan\u00e9 sadanie p\u00f4dy, v\u00fdpl\u0148ov\u00fd materi\u00e1l m\u00e1 vysok\u00e9 geotechnick\u00e9 parametre a nedoch\u00e1dza k \u017eiadnej kol\u00edzii s infra\u0161trukt\u00farou.<\/p>\n<\/div><\/div><\/div><\/div><\/div><\/div><\/div><\/section><section class=\"l-section wpb_row height_small\"><div class=\"l-section-h i-cf\"><div class=\"g-cols vc_row via_flex valign_top type_default stacking_default\"><div class=\"vc_col-sm-12 wpb_column vc_column_container\"><div class=\"vc_column-inner\"><div class=\"wpb_wrapper\"><div class=\"w-grid type_grid layout_gallery_default cols_2\" id=\"us_grid_1\" style=\"--columns:2;--gap:1.5rem;\" data-filterable=\"true\"><style>@media (max-width:600px){#us_grid_1{--columns:1!important}}.layout_gallery_default .w-grid-item-h{}<\/style><div class=\"w-grid-list\">\t<article class=\"w-grid-item size_1x1 post-875 attachment type-attachment status-inherit hentry\" data-id=\"875\">\r\n\t\t<div class=\"w-grid-item-h\">\r\n\t\t\t\t\t\t\t<a ref=\"magnificPopupGrid\" href=\"https:\/\/inorblock.com\/wp-content\/uploads\/2019\/07\/Info-AS_5.jpg\" class=\"w-grid-item-anchor\" aria-label=\"Info AS_5\"><\/a>\r\n\t\t\t\t\t\t<div class=\"w-post-elm post_image usg_post_image_1 stretched\"><img loading=\"lazy\" decoding=\"async\" width=\"600\" height=\"400\" src=\"https:\/\/inorblock.com\/wp-content\/uploads\/2019\/07\/Info-AS_5-600x400.jpg\" class=\"attachment-us_600_400_crop size-us_600_400_crop\" alt=\"\" \/><\/div>\t\t<\/div>\r\n\t\t\t<\/article>\r\n\t<article class=\"w-grid-item size_1x1 post-866 attachment type-attachment status-inherit hentry\" data-id=\"866\">\r\n\t\t<div class=\"w-grid-item-h\">\r\n\t\t\t\t\t\t\t<a ref=\"magnificPopupGrid\" href=\"https:\/\/inorblock.com\/wp-content\/uploads\/2019\/07\/Info-AS_4.jpg\" class=\"w-grid-item-anchor\" aria-label=\"Info AS_4\"><\/a>\r\n\t\t\t\t\t\t<div class=\"w-post-elm post_image usg_post_image_1 stretched\"><img loading=\"lazy\" decoding=\"async\" width=\"600\" height=\"400\" src=\"https:\/\/inorblock.com\/wp-content\/uploads\/2019\/07\/Info-AS_4-600x400.jpg\" class=\"attachment-us_600_400_crop size-us_600_400_crop\" alt=\"\" \/><\/div>\t\t<\/div>\r\n\t\t\t<\/article>\r\n\t<article class=\"w-grid-item size_1x1 post-857 attachment type-attachment status-inherit hentry\" data-id=\"857\">\r\n\t\t<div class=\"w-grid-item-h\">\r\n\t\t\t\t\t\t\t<a ref=\"magnificPopupGrid\" href=\"https:\/\/inorblock.com\/wp-content\/uploads\/2019\/07\/Info-AS_3.jpg\" class=\"w-grid-item-anchor\" aria-label=\"Info AS_3\"><\/a>\r\n\t\t\t\t\t\t<div class=\"w-post-elm post_image usg_post_image_1 stretched\"><img loading=\"lazy\" decoding=\"async\" width=\"600\" height=\"400\" src=\"https:\/\/inorblock.com\/wp-content\/uploads\/2019\/07\/Info-AS_3-600x400.jpg\" class=\"attachment-us_600_400_crop size-us_600_400_crop\" alt=\"\" \/><\/div>\t\t<\/div>\r\n\t\t\t<\/article>\r\n\t<article class=\"w-grid-item size_1x1 post-848 attachment type-attachment status-inherit hentry\" data-id=\"848\">\r\n\t\t<div class=\"w-grid-item-h\">\r\n\t\t\t\t\t\t\t<a ref=\"magnificPopupGrid\" href=\"https:\/\/inorblock.com\/wp-content\/uploads\/2019\/07\/Info-AS_1.jpg\" class=\"w-grid-item-anchor\" aria-label=\"Info AS_1\"><\/a>\r\n\t\t\t\t\t\t<div class=\"w-post-elm post_image usg_post_image_1 stretched\"><img loading=\"lazy\" decoding=\"async\" width=\"600\" height=\"400\" src=\"https:\/\/inorblock.com\/wp-content\/uploads\/2019\/07\/Info-AS_1-600x400.jpg\" class=\"attachment-us_600_400_crop size-us_600_400_crop\" alt=\"\" \/><\/div>\t\t<\/div>\r\n\t\t\t<\/article>\r\n\t<article class=\"w-grid-item size_1x1 post-839 attachment type-attachment status-inherit hentry\" data-id=\"839\">\r\n\t\t<div class=\"w-grid-item-h\">\r\n\t\t\t\t\t\t\t<a ref=\"magnificPopupGrid\" href=\"https:\/\/inorblock.com\/wp-content\/uploads\/2019\/07\/Info-AS.jpg\" class=\"w-grid-item-anchor\" aria-label=\"Info AS\"><\/a>\r\n\t\t\t\t\t\t<div class=\"w-post-elm post_image usg_post_image_1 stretched\"><img loading=\"lazy\" decoding=\"async\" width=\"600\" height=\"400\" src=\"https:\/\/inorblock.com\/wp-content\/uploads\/2019\/07\/Info-AS-600x400.jpg\" class=\"attachment-us_600_400_crop size-us_600_400_crop\" alt=\"\" \/><\/div>\t\t<\/div>\r\n\t\t\t<\/article>\r\n\t<article class=\"w-grid-item size_1x1 post-830 attachment type-attachment status-inherit hentry\" data-id=\"830\">\r\n\t\t<div class=\"w-grid-item-h\">\r\n\t\t\t\t\t\t\t<a ref=\"magnificPopupGrid\" href=\"https:\/\/inorblock.com\/wp-content\/uploads\/2019\/07\/sciana-z-gruntu-zbrojonego-aktywna.jpg\" class=\"w-grid-item-anchor\" aria-label=\"sciana z gruntu zbrojonego aktywna\"><\/a>\r\n\t\t\t\t\t\t<div class=\"w-post-elm post_image usg_post_image_1 stretched\"><img loading=\"lazy\" decoding=\"async\" width=\"600\" height=\"400\" src=\"https:\/\/inorblock.com\/wp-content\/uploads\/2019\/07\/sciana-z-gruntu-zbrojonego-aktywna-600x400.jpg\" class=\"attachment-us_600_400_crop size-us_600_400_crop\" alt=\"\" \/><\/div>\t\t<\/div>\r\n\t\t\t<\/article>\r\n<\/div><div class=\"w-grid-preloader\">\t<div class=\"g-preloader type_5\">\r\n\t\t<div><\/div>\r\n\t<\/div>\r\n\t<\/div>\t<div class=\"w-grid-json hidden\" onclick='return {&quot;action&quot;:&quot;us_ajax_grid&quot;,&quot;infinite_scroll&quot;:0,&quot;max_num_pages&quot;:1,&quot;pagination&quot;:&quot;none&quot;,&quot;template_vars&quot;:{&quot;columns&quot;:&quot;2&quot;,&quot;exclude_items&quot;:&quot;none&quot;,&quot;img_size&quot;:&quot;us_600_400_crop&quot;,&quot;ignore_items_size&quot;:0,&quot;items_layout&quot;:&quot;gallery_default&quot;,&quot;items_offset&quot;:&quot;1&quot;,&quot;load_animation&quot;:&quot;none&quot;,&quot;overriding_link&quot;:&quot;%7B%22type%22%3A%22popup_image%22%7D&quot;,&quot;post_id&quot;:0,&quot;query_args&quot;:{&quot;post_type&quot;:[&quot;attachment&quot;],&quot;post__in&quot;:[&quot;162&quot;,&quot;158&quot;,&quot;159&quot;,&quot;160&quot;,&quot;161&quot;,&quot;157&quot;],&quot;post_status&quot;:&quot;inherit&quot;,&quot;post_mime_type&quot;:&quot;image&quot;,&quot;posts_per_page&quot;:&quot;10&quot;},&quot;orderby_query_args&quot;:{&quot;orderby&quot;:{&quot;date&quot;:&quot;DESC&quot;}},&quot;type&quot;:&quot;grid&quot;,&quot;us_grid_post_type&quot;:&quot;attachment&quot;,&quot;us_grid_ajax_index&quot;:1,&quot;us_grid_filter_query_string&quot;:null,&quot;us_grid_index&quot;:1,&quot;page_args&quot;:[],&quot;lang&quot;:&quot;sk&quot;}}'><\/div>\r\n\t<\/div><\/div><\/div><\/div><\/div><\/div><\/section>\n","protected":false},"excerpt":{"rendered":"","protected":false},"author":2,"featured_media":875,"parent":6441,"menu_order":1,"comment_status":"closed","ping_status":"closed","template":"","meta":{"footnotes":"","_links_to":"","_links_to_target":""},"class_list":["post-6448","page","type-page","status-publish","has-post-thumbnail","hentry"],"yoast_head":"<!-- This site is optimized with the Yoast SEO plugin v24.5 - https:\/\/yoast.com\/wordpress\/plugins\/seo\/ -->\n<title>Akt\u00edvny Syst\u00e9m (AS) - Inorblock\u00ae<\/title>\n<meta name=\"robots\" content=\"index, follow, max-snippet:-1, max-image-preview:large, max-video-preview:-1\" \/>\n<link rel=\"canonical\" href=\"https:\/\/inorblock.com\/sk\/vystuzena-hornina\/oporne-mury\/aktivny-system-as\/\" \/>\n<meta property=\"og:locale\" content=\"sk_SK\" \/>\n<meta property=\"og:type\" content=\"article\" \/>\n<meta property=\"og:title\" content=\"Akt\u00edvny Syst\u00e9m (AS) - Inorblock\u00ae\" \/>\n<meta property=\"og:url\" content=\"https:\/\/inorblock.com\/sk\/vystuzena-hornina\/oporne-mury\/aktivny-system-as\/\" \/>\n<meta property=\"og:site_name\" content=\"Inorblock\u00ae\" \/>\n<meta property=\"article:modified_time\" content=\"2023-06-05T10:45:40+00:00\" \/>\n<meta property=\"og:image\" content=\"https:\/\/inorblock.com\/wp-content\/uploads\/2019\/07\/Info-AS_5.jpg\" \/>\n\t<meta property=\"og:image:width\" content=\"2500\" \/>\n\t<meta property=\"og:image:height\" content=\"1875\" \/>\n\t<meta property=\"og:image:type\" content=\"image\/jpeg\" \/>\n<meta name=\"twitter:card\" content=\"summary_large_image\" \/>\n<meta name=\"twitter:label1\" content=\"Predpokladan\u00fd \u010das \u010d\u00edtania\" \/>\n\t<meta name=\"twitter:data1\" content=\"2 min\u00faty\" \/>\n<script type=\"application\/ld+json\" class=\"yoast-schema-graph\">{\"@context\":\"https:\/\/schema.org\",\"@graph\":[{\"@type\":\"WebPage\",\"@id\":\"https:\/\/inorblock.com\/sk\/vystuzena-hornina\/oporne-mury\/aktivny-system-as\/\",\"url\":\"https:\/\/inorblock.com\/sk\/vystuzena-hornina\/oporne-mury\/aktivny-system-as\/\",\"name\":\"Akt\u00edvny Syst\u00e9m (AS) - Inorblock\u00ae\",\"isPartOf\":{\"@id\":\"https:\/\/inorblock.com\/sk\/#website\"},\"primaryImageOfPage\":{\"@id\":\"https:\/\/inorblock.com\/sk\/vystuzena-hornina\/oporne-mury\/aktivny-system-as\/#primaryimage\"},\"image\":{\"@id\":\"https:\/\/inorblock.com\/sk\/vystuzena-hornina\/oporne-mury\/aktivny-system-as\/#primaryimage\"},\"thumbnailUrl\":\"https:\/\/inorblock.com\/wp-content\/uploads\/2019\/07\/Info-AS_5.jpg\",\"datePublished\":\"2023-04-27T11:20:31+00:00\",\"dateModified\":\"2023-06-05T10:45:40+00:00\",\"breadcrumb\":{\"@id\":\"https:\/\/inorblock.com\/sk\/vystuzena-hornina\/oporne-mury\/aktivny-system-as\/#breadcrumb\"},\"inLanguage\":\"sk-SK\",\"potentialAction\":[{\"@type\":\"ReadAction\",\"target\":[\"https:\/\/inorblock.com\/sk\/vystuzena-hornina\/oporne-mury\/aktivny-system-as\/\"]}]},{\"@type\":\"ImageObject\",\"inLanguage\":\"sk-SK\",\"@id\":\"https:\/\/inorblock.com\/sk\/vystuzena-hornina\/oporne-mury\/aktivny-system-as\/#primaryimage\",\"url\":\"https:\/\/inorblock.com\/wp-content\/uploads\/2019\/07\/Info-AS_5.jpg\",\"contentUrl\":\"https:\/\/inorblock.com\/wp-content\/uploads\/2019\/07\/Info-AS_5.jpg\",\"width\":2500,\"height\":1875},{\"@type\":\"BreadcrumbList\",\"@id\":\"https:\/\/inorblock.com\/sk\/vystuzena-hornina\/oporne-mury\/aktivny-system-as\/#breadcrumb\",\"itemListElement\":[{\"@type\":\"ListItem\",\"position\":1,\"name\":\"Home\",\"item\":\"https:\/\/inorblock.com\/sk\/\"},{\"@type\":\"ListItem\",\"position\":2,\"name\":\"Vystu\u017een\u00e1 hornina\",\"item\":\"https:\/\/inorblock.com\/sk\/vystuzena-hornina\/\"},{\"@type\":\"ListItem\",\"position\":3,\"name\":\"Oporn\u00e9 m\u00fary\",\"item\":\"https:\/\/inorblock.com\/sk\/vystuzena-hornina\/oporne-mury\/\"},{\"@type\":\"ListItem\",\"position\":4,\"name\":\"Akt\u00edvny Syst\u00e9m (AS)\"}]},{\"@type\":\"WebSite\",\"@id\":\"https:\/\/inorblock.com\/sk\/#website\",\"url\":\"https:\/\/inorblock.com\/sk\/\",\"name\":\"Inorblock\u00ae\",\"description\":\"Obkladov\u00fd syst\u00e9m pre oporn\u00e9 kon\u0161trukcie z vystu\u017eenej horniny\",\"potentialAction\":[{\"@type\":\"SearchAction\",\"target\":{\"@type\":\"EntryPoint\",\"urlTemplate\":\"https:\/\/inorblock.com\/sk\/?s={search_term_string}\"},\"query-input\":{\"@type\":\"PropertyValueSpecification\",\"valueRequired\":true,\"valueName\":\"search_term_string\"}}],\"inLanguage\":\"sk-SK\"}]}<\/script>\n<!-- \/ Yoast SEO plugin. -->","yoast_head_json":{"title":"Akt\u00edvny Syst\u00e9m (AS) - Inorblock\u00ae","robots":{"index":"index","follow":"follow","max-snippet":"max-snippet:-1","max-image-preview":"max-image-preview:large","max-video-preview":"max-video-preview:-1"},"canonical":"https:\/\/inorblock.com\/sk\/vystuzena-hornina\/oporne-mury\/aktivny-system-as\/","og_locale":"sk_SK","og_type":"article","og_title":"Akt\u00edvny Syst\u00e9m (AS) - Inorblock\u00ae","og_url":"https:\/\/inorblock.com\/sk\/vystuzena-hornina\/oporne-mury\/aktivny-system-as\/","og_site_name":"Inorblock\u00ae","article_modified_time":"2023-06-05T10:45:40+00:00","og_image":[{"width":2500,"height":1875,"url":"https:\/\/inorblock.com\/wp-content\/uploads\/2019\/07\/Info-AS_5.jpg","type":"image\/jpeg"}],"twitter_card":"summary_large_image","twitter_misc":{"Predpokladan\u00fd \u010das \u010d\u00edtania":"2 min\u00faty"},"schema":{"@context":"https:\/\/schema.org","@graph":[{"@type":"WebPage","@id":"https:\/\/inorblock.com\/sk\/vystuzena-hornina\/oporne-mury\/aktivny-system-as\/","url":"https:\/\/inorblock.com\/sk\/vystuzena-hornina\/oporne-mury\/aktivny-system-as\/","name":"Akt\u00edvny Syst\u00e9m (AS) - Inorblock\u00ae","isPartOf":{"@id":"https:\/\/inorblock.com\/sk\/#website"},"primaryImageOfPage":{"@id":"https:\/\/inorblock.com\/sk\/vystuzena-hornina\/oporne-mury\/aktivny-system-as\/#primaryimage"},"image":{"@id":"https:\/\/inorblock.com\/sk\/vystuzena-hornina\/oporne-mury\/aktivny-system-as\/#primaryimage"},"thumbnailUrl":"https:\/\/inorblock.com\/wp-content\/uploads\/2019\/07\/Info-AS_5.jpg","datePublished":"2023-04-27T11:20:31+00:00","dateModified":"2023-06-05T10:45:40+00:00","breadcrumb":{"@id":"https:\/\/inorblock.com\/sk\/vystuzena-hornina\/oporne-mury\/aktivny-system-as\/#breadcrumb"},"inLanguage":"sk-SK","potentialAction":[{"@type":"ReadAction","target":["https:\/\/inorblock.com\/sk\/vystuzena-hornina\/oporne-mury\/aktivny-system-as\/"]}]},{"@type":"ImageObject","inLanguage":"sk-SK","@id":"https:\/\/inorblock.com\/sk\/vystuzena-hornina\/oporne-mury\/aktivny-system-as\/#primaryimage","url":"https:\/\/inorblock.com\/wp-content\/uploads\/2019\/07\/Info-AS_5.jpg","contentUrl":"https:\/\/inorblock.com\/wp-content\/uploads\/2019\/07\/Info-AS_5.jpg","width":2500,"height":1875},{"@type":"BreadcrumbList","@id":"https:\/\/inorblock.com\/sk\/vystuzena-hornina\/oporne-mury\/aktivny-system-as\/#breadcrumb","itemListElement":[{"@type":"ListItem","position":1,"name":"Home","item":"https:\/\/inorblock.com\/sk\/"},{"@type":"ListItem","position":2,"name":"Vystu\u017een\u00e1 hornina","item":"https:\/\/inorblock.com\/sk\/vystuzena-hornina\/"},{"@type":"ListItem","position":3,"name":"Oporn\u00e9 m\u00fary","item":"https:\/\/inorblock.com\/sk\/vystuzena-hornina\/oporne-mury\/"},{"@type":"ListItem","position":4,"name":"Akt\u00edvny Syst\u00e9m (AS)"}]},{"@type":"WebSite","@id":"https:\/\/inorblock.com\/sk\/#website","url":"https:\/\/inorblock.com\/sk\/","name":"Inorblock\u00ae","description":"Obkladov\u00fd syst\u00e9m pre oporn\u00e9 kon\u0161trukcie z vystu\u017eenej horniny","potentialAction":[{"@type":"SearchAction","target":{"@type":"EntryPoint","urlTemplate":"https:\/\/inorblock.com\/sk\/?s={search_term_string}"},"query-input":{"@type":"PropertyValueSpecification","valueRequired":true,"valueName":"search_term_string"}}],"inLanguage":"sk-SK"}]}},"_links":{"self":[{"href":"https:\/\/inorblock.com\/sk\/wp-json\/wp\/v2\/pages\/6448","targetHints":{"allow":["GET"]}}],"collection":[{"href":"https:\/\/inorblock.com\/sk\/wp-json\/wp\/v2\/pages"}],"about":[{"href":"https:\/\/inorblock.com\/sk\/wp-json\/wp\/v2\/types\/page"}],"author":[{"embeddable":true,"href":"https:\/\/inorblock.com\/sk\/wp-json\/wp\/v2\/users\/2"}],"replies":[{"embeddable":true,"href":"https:\/\/inorblock.com\/sk\/wp-json\/wp\/v2\/comments?post=6448"}],"version-history":[{"count":5,"href":"https:\/\/inorblock.com\/sk\/wp-json\/wp\/v2\/pages\/6448\/revisions"}],"predecessor-version":[{"id":6644,"href":"https:\/\/inorblock.com\/sk\/wp-json\/wp\/v2\/pages\/6448\/revisions\/6644"}],"up":[{"embeddable":true,"href":"https:\/\/inorblock.com\/sk\/wp-json\/wp\/v2\/pages\/6441"}],"wp:featuredmedia":[{"embeddable":true,"href":"https:\/\/inorblock.com\/sk\/wp-json\/wp\/v2\/media\/875"}],"wp:attachment":[{"href":"https:\/\/inorblock.com\/sk\/wp-json\/wp\/v2\/media?parent=6448"}],"curies":[{"name":"wp","href":"https:\/\/api.w.org\/{rel}","templated":true}]}}