{"id":2291,"date":"2019-08-14T09:11:33","date_gmt":"2019-08-14T09:11:33","guid":{"rendered":"https:\/\/inorblock.com\/?page_id=2291"},"modified":"2019-08-14T10:14:11","modified_gmt":"2019-08-14T10:14:11","slug":"strebricna-mostisca","status":"publish","type":"page","link":"https:\/\/inorblock.com\/sl\/ojacana-tla\/mostisca\/strebricna-mostisca\/","title":{"rendered":"Strebri\u010dna mosti\u0161\u010da"},"content":{"rendered":"<section class=\"l-section wpb_row height_small\"><div class=\"l-section-h i-cf\"><div class=\"g-cols vc_row via_flex valign_top type_default stacking_default\"><div class=\"vc_col-sm-12 wpb_column vc_column_container\"><div class=\"vc_column-inner\"><div class=\"wpb_wrapper\"><div class=\"wpb_text_column\"><div class=\"wpb_wrapper\"><h2>Strebri\u010dna mosti\u0161\u010da<\/h2>\n<p>Tehnologija podpornih zidov v obliki oja\u010danih tal v povezavi s stebri\u010dno strukturo mosti\u010da prina\u0161a sorazmerno velike prihranke pri investicijskih stro\u0161kih. Struktura razponov in\u017eenirskega objekta je podprta z gredjo zasuka, ki pa temelji na stebrih.<\/p>\n<\/div><\/div><\/div><\/div><\/div><\/div><\/div><\/section><section class=\"l-section wpb_row height_small\"><div class=\"l-section-h i-cf\"><div class=\"g-cols vc_row via_flex valign_top type_default stacking_default\"><div class=\"vc_col-sm-12 wpb_column vc_column_container\"><div class=\"vc_column-inner\"><div class=\"wpb_wrapper\"><div class=\"w-grid type_grid layout_gallery_default cols_2\" id=\"us_grid_1\" style=\"--columns:2;--gap:1.5rem;\" data-filterable=\"true\"><style>@media (max-width:600px){#us_grid_1{--columns:1!important}}.layout_gallery_default .w-grid-item-h{}<\/style><div class=\"w-grid-list\">\t<article class=\"w-grid-item size_1x1 post-1065 attachment type-attachment status-inherit hentry\" data-id=\"1065\">\r\n\t\t<div class=\"w-grid-item-h\">\r\n\t\t\t\t\t\t\t<a ref=\"magnificPopupGrid\" href=\"https:\/\/inorblock.com\/wp-content\/uploads\/2019\/07\/Info-przyczolki_2.jpg\" class=\"w-grid-item-anchor\" aria-label=\"Info przyczolki_2\"><\/a>\r\n\t\t\t\t\t\t<div class=\"w-post-elm post_image usg_post_image_1 stretched\"><img loading=\"lazy\" decoding=\"async\" width=\"1024\" height=\"768\" src=\"https:\/\/inorblock.com\/wp-content\/uploads\/2019\/07\/Info-przyczolki_2-1024x768.jpg\" class=\"attachment-large size-large\" alt=\"\" srcset=\"https:\/\/inorblock.com\/wp-content\/uploads\/2019\/07\/Info-przyczolki_2-1024x768.jpg 1024w, https:\/\/inorblock.com\/wp-content\/uploads\/2019\/07\/Info-przyczolki_2-300x225.jpg 300w\" sizes=\"auto, (max-width: 1024px) 100vw, 1024px\" \/><\/div>\t\t<\/div>\r\n\t\t\t<\/article>\r\n\t<article class=\"w-grid-item size_1x1 post-1056 attachment type-attachment status-inherit hentry\" data-id=\"1056\">\r\n\t\t<div class=\"w-grid-item-h\">\r\n\t\t\t\t\t\t\t<a ref=\"magnificPopupGrid\" href=\"https:\/\/inorblock.com\/wp-content\/uploads\/2019\/07\/Info-przyczolki_1.jpg\" class=\"w-grid-item-anchor\" aria-label=\"Info przyczolki_1\"><\/a>\r\n\t\t\t\t\t\t<div class=\"w-post-elm post_image usg_post_image_1 stretched\"><img loading=\"lazy\" decoding=\"async\" width=\"1024\" height=\"768\" src=\"https:\/\/inorblock.com\/wp-content\/uploads\/2019\/07\/Info-przyczolki_1-1024x768.jpg\" class=\"attachment-large size-large\" alt=\"\" srcset=\"https:\/\/inorblock.com\/wp-content\/uploads\/2019\/07\/Info-przyczolki_1-1024x768.jpg 1024w, https:\/\/inorblock.com\/wp-content\/uploads\/2019\/07\/Info-przyczolki_1-300x225.jpg 300w\" sizes=\"auto, (max-width: 1024px) 100vw, 1024px\" \/><\/div>\t\t<\/div>\r\n\t\t\t<\/article>\r\n\t<article class=\"w-grid-item size_1x1 post-1047 attachment type-attachment status-inherit hentry\" data-id=\"1047\">\r\n\t\t<div class=\"w-grid-item-h\">\r\n\t\t\t\t\t\t\t<a ref=\"magnificPopupGrid\" href=\"https:\/\/inorblock.com\/wp-content\/uploads\/2019\/07\/Info-przyczolki.jpg\" class=\"w-grid-item-anchor\" aria-label=\"Info przyczolki\"><\/a>\r\n\t\t\t\t\t\t<div class=\"w-post-elm post_image usg_post_image_1 stretched\"><img loading=\"lazy\" decoding=\"async\" width=\"1024\" height=\"768\" src=\"https:\/\/inorblock.com\/wp-content\/uploads\/2019\/07\/Info-przyczolki-1024x768.jpg\" class=\"attachment-large size-large\" alt=\"\" srcset=\"https:\/\/inorblock.com\/wp-content\/uploads\/2019\/07\/Info-przyczolki-1024x768.jpg 1024w, https:\/\/inorblock.com\/wp-content\/uploads\/2019\/07\/Info-przyczolki-300x225.jpg 300w\" sizes=\"auto, (max-width: 1024px) 100vw, 1024px\" \/><\/div>\t\t<\/div>\r\n\t\t\t<\/article>\r\n\t<article class=\"w-grid-item size_1x1 post-1038 attachment type-attachment status-inherit hentry\" data-id=\"1038\">\r\n\t\t<div class=\"w-grid-item-h\">\r\n\t\t\t\t\t\t\t<a ref=\"magnificPopupGrid\" href=\"https:\/\/inorblock.com\/wp-content\/uploads\/2019\/07\/przyczolki-filarowe-01.jpg\" class=\"w-grid-item-anchor\" aria-label=\"przyczolki filarowe 01\"><\/a>\r\n\t\t\t\t\t\t<div class=\"w-post-elm post_image usg_post_image_1 stretched\"><img loading=\"lazy\" decoding=\"async\" width=\"1024\" height=\"575\" src=\"https:\/\/inorblock.com\/wp-content\/uploads\/2019\/07\/przyczolki-filarowe-01-1024x575.jpg\" class=\"attachment-large size-large\" alt=\"\" srcset=\"https:\/\/inorblock.com\/wp-content\/uploads\/2019\/07\/przyczolki-filarowe-01-1024x575.jpg 1024w, https:\/\/inorblock.com\/wp-content\/uploads\/2019\/07\/przyczolki-filarowe-01-300x169.jpg 300w, https:\/\/inorblock.com\/wp-content\/uploads\/2019\/07\/przyczolki-filarowe-01.jpg 1200w\" sizes=\"auto, (max-width: 1024px) 100vw, 1024px\" \/><\/div>\t\t<\/div>\r\n\t\t\t<\/article>\r\n<\/div><div class=\"w-grid-preloader\">\t<div class=\"g-preloader type_5\">\r\n\t\t<div><\/div>\r\n\t<\/div>\r\n\t<\/div>\t<div class=\"w-grid-json hidden\" onclick='return {&quot;action&quot;:&quot;us_ajax_grid&quot;,&quot;infinite_scroll&quot;:0,&quot;max_num_pages&quot;:1,&quot;pagination&quot;:&quot;none&quot;,&quot;template_vars&quot;:{&quot;columns&quot;:&quot;2&quot;,&quot;exclude_items&quot;:&quot;none&quot;,&quot;img_size&quot;:&quot;default&quot;,&quot;ignore_items_size&quot;:0,&quot;items_layout&quot;:&quot;gallery_default&quot;,&quot;items_offset&quot;:&quot;1&quot;,&quot;load_animation&quot;:&quot;none&quot;,&quot;overriding_link&quot;:&quot;%7B%22type%22%3A%22popup_image%22%7D&quot;,&quot;post_id&quot;:0,&quot;query_args&quot;:{&quot;post_type&quot;:[&quot;attachment&quot;],&quot;post__in&quot;:[&quot;214&quot;,&quot;215&quot;,&quot;216&quot;,&quot;213&quot;],&quot;post_status&quot;:&quot;inherit&quot;,&quot;post_mime_type&quot;:&quot;image&quot;,&quot;posts_per_page&quot;:&quot;10&quot;},&quot;orderby_query_args&quot;:{&quot;orderby&quot;:{&quot;date&quot;:&quot;DESC&quot;}},&quot;type&quot;:&quot;grid&quot;,&quot;us_grid_post_type&quot;:&quot;attachment&quot;,&quot;us_grid_ajax_index&quot;:1,&quot;us_grid_filter_query_string&quot;:null,&quot;us_grid_index&quot;:1,&quot;page_args&quot;:[],&quot;lang&quot;:&quot;sl&quot;}}'><\/div>\r\n\t<\/div><\/div><\/div><\/div><\/div><\/div><\/section><section class=\"l-section wpb_row height_small\"><div class=\"l-section-h i-cf\"><div class=\"g-cols vc_row via_flex valign_top type_default stacking_default\"><div class=\"vc_col-sm-12 wpb_column vc_column_container\"><div class=\"vc_column-inner\"><div class=\"wpb_wrapper\"><div class=\"wpb_text_column\"><div class=\"wpb_wrapper\"><p>Oporne stene v oja\u010dani tehnologiji tal v tej vrsti konstrukcij so v obliki zadnje stene in kril.<\/p>\n<\/div><\/div><\/div><\/div><\/div><\/div><\/div><\/section><section class=\"l-section wpb_row height_small\"><div class=\"l-section-h i-cf\"><div class=\"g-cols vc_row via_flex valign_top type_default stacking_default\"><div class=\"vc_col-sm-12 wpb_column vc_column_container\"><div class=\"vc_column-inner\"><div class=\"wpb_wrapper\"><div class=\"w-image align_center\"><a ref=\"magnificPopup\" href=\"https:\/\/inorblock.com\/wp-content\/uploads\/2019\/07\/rozwini\u0119cie-mur\u00f3w-przycz\u00f3\u0142ek-filarowy.jpg\" aria-label=\"rozwini\u0119cie mur\u00f3w - przycz\u00f3\u0142ek filarowy\" class=\"w-image-h\"><img decoding=\"async\" width=\"1780\" height=\"496\" src=\"https:\/\/inorblock.com\/wp-content\/uploads\/2019\/07\/rozwini\u0119cie-mur\u00f3w-przycz\u00f3\u0142ek-filarowy.jpg\" class=\"attachment-full size-full\" alt=\"\" loading=\"lazy\" srcset=\"https:\/\/inorblock.com\/wp-content\/uploads\/2019\/07\/rozwini\u0119cie-mur\u00f3w-przycz\u00f3\u0142ek-filarowy.jpg 1780w, https:\/\/inorblock.com\/wp-content\/uploads\/2019\/07\/rozwini\u0119cie-mur\u00f3w-przycz\u00f3\u0142ek-filarowy-300x84.jpg 300w, https:\/\/inorblock.com\/wp-content\/uploads\/2019\/07\/rozwini\u0119cie-mur\u00f3w-przycz\u00f3\u0142ek-filarowy-1024x285.jpg 1024w\" sizes=\"auto, (max-width: 1780px) 100vw, 1780px\" \/><\/a><\/div><\/div><\/div><\/div><\/div><\/div><\/section><section class=\"l-section wpb_row height_small\"><div class=\"l-section-h i-cf\"><div class=\"g-cols vc_row via_flex valign_top type_default stacking_default\"><div class=\"vc_col-sm-12 wpb_column vc_column_container\"><div class=\"vc_column-inner\"><div class=\"wpb_wrapper\"><div class=\"w-image align_none\"><a ref=\"magnificPopup\" href=\"https:\/\/inorblock.com\/wp-content\/uploads\/2019\/08\/przyczolki-filarowe.png\" aria-label=\"przyczolki filarowe\" class=\"w-image-h\"><img decoding=\"async\" width=\"987\" height=\"262\" src=\"https:\/\/inorblock.com\/wp-content\/uploads\/2019\/08\/przyczolki-filarowe.png\" class=\"attachment-full size-full\" alt=\"\" loading=\"lazy\" srcset=\"https:\/\/inorblock.com\/wp-content\/uploads\/2019\/08\/przyczolki-filarowe.png 987w, https:\/\/inorblock.com\/wp-content\/uploads\/2019\/08\/przyczolki-filarowe-300x80.png 300w\" sizes=\"auto, (max-width: 987px) 100vw, 987px\" \/><\/a><\/div><\/div><\/div><\/div><\/div><\/div><\/section><section class=\"l-section wpb_row height_small\"><div class=\"l-section-h i-cf\"><div class=\"g-cols vc_row via_flex valign_top type_default stacking_default\"><div class=\"vc_col-sm-12 wpb_column vc_column_container\"><div class=\"vc_column-inner\"><div class=\"wpb_wrapper\"><div class=\"wpb_text_column\"><div class=\"wpb_wrapper\"><h2>Prednosti uporabe:<\/h2>\n<ul>\n<li>Svoboda oblikovanja zidov iz oja\u010danih tal,<\/li>\n<li>Trajnost konstrukcijskih elementov do 120 let uporabe (trajnost prilagojena zahtevam in\u017eenirskih objektov),<\/li>\n<li>Hitrost in enostavnost postavitve konstrukcije,<\/li>\n<li>Ni\u017eji stro\u0161ki nakupa in zmogljivosti v primerjavi s tradicionalnimi, polnimi mosti\u010dnimi konstrukcijami.<\/li>\n<\/ul>\n<\/div><\/div><\/div><\/div><\/div><\/div><\/div><\/section>\n","protected":false},"excerpt":{"rendered":"","protected":false},"author":2,"featured_media":0,"parent":2407,"menu_order":3,"comment_status":"closed","ping_status":"closed","template":"","meta":{"footnotes":"","_links_to":"","_links_to_target":""},"class_list":["post-2291","page","type-page","status-publish","hentry"],"yoast_head":"<!-- This site is optimized with the Yoast SEO plugin v24.5 - https:\/\/yoast.com\/wordpress\/plugins\/seo\/ -->\n<title>Strebri\u010dna mosti\u0161\u010da - Inorblock\u00ae<\/title>\n<meta name=\"robots\" content=\"index, follow, max-snippet:-1, max-image-preview:large, max-video-preview:-1\" \/>\n<link rel=\"canonical\" href=\"https:\/\/inorblock.com\/sl\/ojacana-tla\/mostisca\/strebricna-mostisca\/\" \/>\n<meta property=\"og:locale\" content=\"sl_SI\" \/>\n<meta property=\"og:type\" content=\"article\" \/>\n<meta property=\"og:title\" content=\"Strebri\u010dna mosti\u0161\u010da - Inorblock\u00ae\" \/>\n<meta property=\"og:url\" content=\"https:\/\/inorblock.com\/sl\/ojacana-tla\/mostisca\/strebricna-mostisca\/\" \/>\n<meta property=\"og:site_name\" content=\"Inorblock\u00ae\" \/>\n<meta property=\"article:modified_time\" content=\"2019-08-14T10:14:11+00:00\" \/>\n<meta name=\"twitter:card\" content=\"summary_large_image\" \/>\n<meta name=\"twitter:label1\" content=\"Est. reading time\" \/>\n\t<meta name=\"twitter:data1\" content=\"1 minuta\" \/>\n<script type=\"application\/ld+json\" class=\"yoast-schema-graph\">{\"@context\":\"https:\/\/schema.org\",\"@graph\":[{\"@type\":\"WebPage\",\"@id\":\"https:\/\/inorblock.com\/sl\/ojacana-tla\/mostisca\/strebricna-mostisca\/\",\"url\":\"https:\/\/inorblock.com\/sl\/ojacana-tla\/mostisca\/strebricna-mostisca\/\",\"name\":\"Strebri\u010dna mosti\u0161\u010da - Inorblock\u00ae\",\"isPartOf\":{\"@id\":\"https:\/\/inorblock.com\/sl\/#website\"},\"datePublished\":\"2019-08-14T09:11:33+00:00\",\"dateModified\":\"2019-08-14T10:14:11+00:00\",\"breadcrumb\":{\"@id\":\"https:\/\/inorblock.com\/sl\/ojacana-tla\/mostisca\/strebricna-mostisca\/#breadcrumb\"},\"inLanguage\":\"sl-SI\",\"potentialAction\":[{\"@type\":\"ReadAction\",\"target\":[\"https:\/\/inorblock.com\/sl\/ojacana-tla\/mostisca\/strebricna-mostisca\/\"]}]},{\"@type\":\"BreadcrumbList\",\"@id\":\"https:\/\/inorblock.com\/sl\/ojacana-tla\/mostisca\/strebricna-mostisca\/#breadcrumb\",\"itemListElement\":[{\"@type\":\"ListItem\",\"position\":1,\"name\":\"Home\",\"item\":\"https:\/\/inorblock.com\/sl\/\"},{\"@type\":\"ListItem\",\"position\":2,\"name\":\"Oja\u010dana tla\",\"item\":\"https:\/\/inorblock.com\/sl\/ojacana-tla\/\"},{\"@type\":\"ListItem\",\"position\":3,\"name\":\"Mosti\u0161\u010da\",\"item\":\"https:\/\/inorblock.com\/sl\/ojacana-tla\/mostisca\/\"},{\"@type\":\"ListItem\",\"position\":4,\"name\":\"Strebri\u010dna mosti\u0161\u010da\"}]},{\"@type\":\"WebSite\",\"@id\":\"https:\/\/inorblock.com\/sl\/#website\",\"url\":\"https:\/\/inorblock.com\/sl\/\",\"name\":\"Inorblock\u00ae\",\"description\":\"Sistem za furniranje zadr\u017eevalnih konstrukcij iz oja\u010danih tal\",\"potentialAction\":[{\"@type\":\"SearchAction\",\"target\":{\"@type\":\"EntryPoint\",\"urlTemplate\":\"https:\/\/inorblock.com\/sl\/?s={search_term_string}\"},\"query-input\":{\"@type\":\"PropertyValueSpecification\",\"valueRequired\":true,\"valueName\":\"search_term_string\"}}],\"inLanguage\":\"sl-SI\"}]}<\/script>\n<!-- \/ Yoast SEO plugin. -->","yoast_head_json":{"title":"Strebri\u010dna mosti\u0161\u010da - Inorblock\u00ae","robots":{"index":"index","follow":"follow","max-snippet":"max-snippet:-1","max-image-preview":"max-image-preview:large","max-video-preview":"max-video-preview:-1"},"canonical":"https:\/\/inorblock.com\/sl\/ojacana-tla\/mostisca\/strebricna-mostisca\/","og_locale":"sl_SI","og_type":"article","og_title":"Strebri\u010dna mosti\u0161\u010da - Inorblock\u00ae","og_url":"https:\/\/inorblock.com\/sl\/ojacana-tla\/mostisca\/strebricna-mostisca\/","og_site_name":"Inorblock\u00ae","article_modified_time":"2019-08-14T10:14:11+00:00","twitter_card":"summary_large_image","twitter_misc":{"Est. reading time":"1 minuta"},"schema":{"@context":"https:\/\/schema.org","@graph":[{"@type":"WebPage","@id":"https:\/\/inorblock.com\/sl\/ojacana-tla\/mostisca\/strebricna-mostisca\/","url":"https:\/\/inorblock.com\/sl\/ojacana-tla\/mostisca\/strebricna-mostisca\/","name":"Strebri\u010dna mosti\u0161\u010da - Inorblock\u00ae","isPartOf":{"@id":"https:\/\/inorblock.com\/sl\/#website"},"datePublished":"2019-08-14T09:11:33+00:00","dateModified":"2019-08-14T10:14:11+00:00","breadcrumb":{"@id":"https:\/\/inorblock.com\/sl\/ojacana-tla\/mostisca\/strebricna-mostisca\/#breadcrumb"},"inLanguage":"sl-SI","potentialAction":[{"@type":"ReadAction","target":["https:\/\/inorblock.com\/sl\/ojacana-tla\/mostisca\/strebricna-mostisca\/"]}]},{"@type":"BreadcrumbList","@id":"https:\/\/inorblock.com\/sl\/ojacana-tla\/mostisca\/strebricna-mostisca\/#breadcrumb","itemListElement":[{"@type":"ListItem","position":1,"name":"Home","item":"https:\/\/inorblock.com\/sl\/"},{"@type":"ListItem","position":2,"name":"Oja\u010dana tla","item":"https:\/\/inorblock.com\/sl\/ojacana-tla\/"},{"@type":"ListItem","position":3,"name":"Mosti\u0161\u010da","item":"https:\/\/inorblock.com\/sl\/ojacana-tla\/mostisca\/"},{"@type":"ListItem","position":4,"name":"Strebri\u010dna mosti\u0161\u010da"}]},{"@type":"WebSite","@id":"https:\/\/inorblock.com\/sl\/#website","url":"https:\/\/inorblock.com\/sl\/","name":"Inorblock\u00ae","description":"Sistem za furniranje zadr\u017eevalnih konstrukcij iz oja\u010danih tal","potentialAction":[{"@type":"SearchAction","target":{"@type":"EntryPoint","urlTemplate":"https:\/\/inorblock.com\/sl\/?s={search_term_string}"},"query-input":{"@type":"PropertyValueSpecification","valueRequired":true,"valueName":"search_term_string"}}],"inLanguage":"sl-SI"}]}},"_links":{"self":[{"href":"https:\/\/inorblock.com\/sl\/wp-json\/wp\/v2\/pages\/2291","targetHints":{"allow":["GET"]}}],"collection":[{"href":"https:\/\/inorblock.com\/sl\/wp-json\/wp\/v2\/pages"}],"about":[{"href":"https:\/\/inorblock.com\/sl\/wp-json\/wp\/v2\/types\/page"}],"author":[{"embeddable":true,"href":"https:\/\/inorblock.com\/sl\/wp-json\/wp\/v2\/users\/2"}],"replies":[{"embeddable":true,"href":"https:\/\/inorblock.com\/sl\/wp-json\/wp\/v2\/comments?post=2291"}],"version-history":[{"count":4,"href":"https:\/\/inorblock.com\/sl\/wp-json\/wp\/v2\/pages\/2291\/revisions"}],"predecessor-version":[{"id":2642,"href":"https:\/\/inorblock.com\/sl\/wp-json\/wp\/v2\/pages\/2291\/revisions\/2642"}],"up":[{"embeddable":true,"href":"https:\/\/inorblock.com\/sl\/wp-json\/wp\/v2\/pages\/2407"}],"wp:attachment":[{"href":"https:\/\/inorblock.com\/sl\/wp-json\/wp\/v2\/media?parent=2291"}],"curies":[{"name":"wp","href":"https:\/\/api.w.org\/{rel}","templated":true}]}}